{"id":4119,"date":"2021-06-27T11:58:03","date_gmt":"2021-06-27T11:58:03","guid":{"rendered":"https:\/\/eliscapital.com\/projeler\/"},"modified":"2026-02-18T14:48:52","modified_gmt":"2026-02-18T14:48:52","slug":"projekti","status":"publish","type":"page","link":"https:\/\/eliscapital.com\/sr\/projekti\/","title":{"rendered":"Projekti"},"content":{"rendered":"\t\t<div data-elementor-type=\"wp-page\" data-elementor-id=\"4119\" class=\"elementor elementor-4119 elementor-444\">\n\t\t\t\t\t\t<section class=\"elementor-section elementor-top-section elementor-element elementor-element-a41e2b2 elementor-section-full_width elementor-section-height-default elementor-section-height-default\" data-id=\"a41e2b2\" data-element_type=\"section\" data-e-type=\"section\">\n\t\t\t\t\t\t<div class=\"elementor-container elementor-column-gap-no\">\n\t\t\t\t\t<div class=\"elementor-column elementor-col-100 elementor-top-column elementor-element elementor-element-97c067e\" data-id=\"97c067e\" data-element_type=\"column\" data-e-type=\"column\">\n\t\t\t<div class=\"elementor-widget-wrap elementor-element-populated\">\n\t\t\t\t\t\t<div class=\"elementor-element elementor-element-4f6d00e elementor-widget elementor-widget-larson-intro\" data-id=\"4f6d00e\" data-element_type=\"widget\" data-e-type=\"widget\" data-widget_type=\"larson-intro.default\">\n\t\t\t\t<div class=\"elementor-widget-container\">\n\t\t\t\t\t\n\t\t<article class=\"article\">\n\t        <header class=\"article__header\">\n\t          <div class=\"container\">\n\t            \t            <h1 class=\"article__heading heading heading--size-large\">\n\t            \t<span >\n\t\t\t\t\t\t<p>Projeler<\/p>\t\t\t\t\t<\/span>\n\t            <\/h1>\n\t            \t            \t          <\/div>\n\t        <\/header>\n\t        \t    <\/article>\n\n\t\t\t\t\t\t<\/div>\n\t\t\t\t<\/div>\n\t\t\t\t\t<\/div>\n\t\t<\/div>\n\t\t\t\t\t<\/div>\n\t\t<\/section>\n\t\t\t\t<section class=\"elementor-section elementor-top-section elementor-element elementor-element-a301033 elementor-section-full_width elementor-section-height-default elementor-section-height-default\" data-id=\"a301033\" data-element_type=\"section\" data-e-type=\"section\">\n\t\t\t\t\t\t<div class=\"elementor-container elementor-column-gap-no\">\n\t\t\t\t\t<div class=\"elementor-column elementor-col-100 elementor-top-column elementor-element elementor-element-82b94f1\" data-id=\"82b94f1\" data-element_type=\"column\" data-e-type=\"column\">\n\t\t\t<div class=\"elementor-widget-wrap elementor-element-populated\">\n\t\t\t\t\t\t<div class=\"elementor-element elementor-element-65ce472 elementor-widget elementor-widget-larson-portfolio\" data-id=\"65ce472\" data-element_type=\"widget\" data-e-type=\"widget\" data-widget_type=\"larson-portfolio.default\">\n\t\t\t\t<div class=\"elementor-widget-container\">\n\t\t\t\t\t\n\t\t\t\t  <!-- Filter projects-->\n          <div class=\"article__filter filter container\">\n            <button class=\"filter__item filter__item--active __js_filter-btn\" type=\"button\" data-filter=\"*\">\u0421\u0432\u0435<\/button>\n                        <button class=\"filter__item __js_filter-btn\" type=\"button\" data-filter=\".__js_tamamlanmis-sr\">Zavr\u0161eni Projekti<\/button>\n                        <button class=\"filter__item __js_filter-btn\" type=\"button\" data-filter=\".__js_devam_eden-sr\">Teku\u0107i Projekti<\/button>\n                      <\/div>\n        \n\t\t<div class=\"article__main container\">\n\n                    <ul class=\"projects-masonry row __js_projects-grid\">\n          \t<li class=\"grid-sizer\"><\/li>\n          \t\n\n<li class=\"projects-masonry__item col-12 col-md-6 col-xl-4 __js_masonry-item __js_tamamlanmis-sr \">\n  <a class=\"card card--small card--masonry\" href=\"https:\/\/eliscapital.com\/sr\/portfolio\/item\/decembar-omplex\/\">\n        <div class=\"card__image\">\n      <img decoding=\"async\" src=\"https:\/\/eliscapital.com\/wp-content\/uploads\/2024\/03\/elis-capital-decmbar-complex-900x900.jpg\" alt=\"Kompleks Decembar\" \/>\n    <\/div>\n        <div class=\"card__content\">\n            <h3 class=\"card__heading\">\n      \tKompleks Decembar      <\/h3>\n                  <div class=\"card__text\">\n      \tKompleks Decembar je stambeni kompleks smje\u0161ten u novom rezidencijalnom naselju Bara, u \u0160u\u0161nju. Nalazi se pored osnovne \u0161kole, i udaljen je samo 750 metara od pla\u017ee. Kraj u kojem se projekat nalazi brzo se razvija zahvaljuju\u0107i lokalnim investitorima.      <\/div>\n            <div class=\"card__bottom\">\n        <span class=\"card__link\">\n          Projeyi G\u00f6r          <svg width=\"20\" height=\"20\">\n            <use xlink:href=\"#chevron-right\"><\/use>\n          <\/svg>\n        <\/span>\n      <\/div>\n    <\/div>\n  <\/a>\n<\/li>\n\n<li class=\"projects-masonry__item col-12 col-md-6 col-xl-4 __js_masonry-item __js_tamamlanmis-sr \">\n  <a class=\"card card--small card--masonry\" href=\"https:\/\/eliscapital.com\/sr\/portfolio\/item\/verde-di-oliva\/\">\n        <div class=\"card__image\">\n      <img decoding=\"async\" src=\"https:\/\/eliscapital.com\/wp-content\/uploads\/2025\/02\/elis-capital-verde-di-oliva2-900x900.jpg\" alt=\"Verde Di Oliva\" \/>\n    <\/div>\n        <div class=\"card__content\">\n            <h3 class=\"card__heading\">\n      \tVerde Di Oliva      <\/h3>\n                  <div class=\"card__text\">\n      \tVerde Di Oliva smje\u0161ten je u naselju Dobra Voda, Bar, Crna Gora. Ovo podru\u010dje se mo\u017ee pohvaliti jednom od najljep\u0161ih uvala Jadrana i pla\u017eom Veliki Pijesak. Verde Di Oliva je samo 500 metara udaljen od mora.      <\/div>\n            <div class=\"card__bottom\">\n        <span class=\"card__link\">\n          Projeyi G\u00f6r          <svg width=\"20\" height=\"20\">\n            <use xlink:href=\"#chevron-right\"><\/use>\n          <\/svg>\n        <\/span>\n      <\/div>\n    <\/div>\n  <\/a>\n<\/li>\n\n<li class=\"projects-masonry__item col-12 col-md-6 col-xl-4 __js_masonry-item __js_tamamlanmis-sr \">\n  <a class=\"card card--small card--masonry\" href=\"https:\/\/eliscapital.com\/sr\/portfolio\/item\/wyndham-garden\/\">\n        <div class=\"card__image\">\n      <img decoding=\"async\" src=\"https:\/\/eliscapital.com\/wp-content\/uploads\/2021\/08\/elis-capital-wyndham-garden-900x900.jpg\" alt=\"Wyndham Garden\" \/>\n    <\/div>\n        <div class=\"card__content\">\n            <h3 class=\"card__heading\">\n      \tWyndham Garden      <\/h3>\n                  <div class=\"card__text\">\n      \tSpremaju\u0107i se da postane vrhunski centar \u017eivota u Baru, Crna Gora, PAMC Residence je projektovan kao rezidencija za vlasnike, hotelske goste i mjesto okupljanja lokalne zajednice.      <\/div>\n            <div class=\"card__bottom\">\n        <span class=\"card__link\">\n          Projeyi G\u00f6r          <svg width=\"20\" height=\"20\">\n            <use xlink:href=\"#chevron-right\"><\/use>\n          <\/svg>\n        <\/span>\n      <\/div>\n    <\/div>\n  <\/a>\n<\/li>\n\n<li class=\"projects-masonry__item col-12 col-md-6 col-xl-4 __js_masonry-item __js_tamamlanmis-sr \">\n  <a class=\"card card--small card--masonry\" href=\"https:\/\/eliscapital.com\/sr\/portfolio\/item\/azzuro-apartments\/\">\n        <div class=\"card__image\">\n      <img decoding=\"async\" src=\"https:\/\/eliscapital.com\/wp-content\/uploads\/2024\/03\/elis-capital-azzuro.jpg\" alt=\"Azzuro Apartmani\" \/>\n    <\/div>\n        <div class=\"card__content\">\n            <h3 class=\"card__heading\">\n      \tAzzuro Apartmani      <\/h3>\n                  <div class=\"card__text\">\n      \tOvaj projekat stoji kao svjedo\u010danstvo modernog razvoja na primorju. Njegov intiman i elegantan dizajn je u harmoniji sa okolnim pejza\u017eom. Neutralne boje objekta daju mu vanvremenski stil. Izgra\u0111en je na \u010dvrstim i izdr\u017eljivim temeljima kori\u0161\u0107enjem najkvalitetnijih materijala.      <\/div>\n            <div class=\"card__bottom\">\n        <span class=\"card__link\">\n          Projeyi G\u00f6r          <svg width=\"20\" height=\"20\">\n            <use xlink:href=\"#chevron-right\"><\/use>\n          <\/svg>\n        <\/span>\n      <\/div>\n    <\/div>\n  <\/a>\n<\/li>\n\n<li class=\"projects-masonry__item col-12 col-md-6 col-xl-4 __js_masonry-item __js_devam_eden-sr \">\n  <a class=\"card card--small card--masonry\" href=\"https:\/\/eliscapital.com\/sr\/portfolio\/item\/miramare\/\">\n        <div class=\"card__image\">\n      <img decoding=\"async\" src=\"https:\/\/eliscapital.com\/wp-content\/uploads\/2025\/09\/FINAL-1-900x900.jpg\" alt=\"Miramare\" \/>\n    <\/div>\n        <div class=\"card__content\">\n            <h3 class=\"card__heading\">\n      \tMiramare      <\/h3>\n                  <div class=\"card__bottom\">\n        <span class=\"card__link\">\n          Projeyi G\u00f6r          <svg width=\"20\" height=\"20\">\n            <use xlink:href=\"#chevron-right\"><\/use>\n          <\/svg>\n        <\/span>\n      <\/div>\n    <\/div>\n  <\/a>\n<\/li>          <\/ul>\n\n          \n        <\/div>\n\n\t\t\t\t\t\t<\/div>\n\t\t\t\t<\/div>\n\t\t\t\t\t<\/div>\n\t\t<\/div>\n\t\t\t\t\t<\/div>\n\t\t<\/section>\n\t\t\t\t<\/div>\n\t\t","protected":false},"excerpt":{"rendered":"<p>Projeler T\u00fcm\u00fc Tamamlanm\u0131\u015f Projeler Devam Eden Projeler Decembar Complex Bar, \u0160u\u015banj&#8217;\u0131n yeni konut b\u00f6lgesinde bir apartman kompleksidir. Kompleks, lisenin yan\u0131nda yer almaktad\u0131r ve plaja sadece 750 metre uzakl\u0131ktad\u0131r. Projeyi G\u00f6r Verde Di Oliva Verde Di Oliva, Adriyatik&#8217;in en g\u00fczel koylar\u0131ndan birine ev sahipli\u011fi yapan Karada\u011f&#8217;\u0131n Bar \u015fehrinde Dobra Voda b\u00f6lgesinde&#8230; <\/p>\n<div class=\"readmore\"><a href=\"https:\/\/eliscapital.com\/sr\/portfolio\/item\/miramare\/\" class=\"btn-link\">Read more<\/a><\/div>\n","protected":false},"author":1,"featured_media":0,"parent":0,"menu_order":0,"comment_status":"closed","ping_status":"closed","template":"","meta":{"_monsterinsights_skip_tracking":false,"_monsterinsights_sitenote_active":false,"_monsterinsights_sitenote_note":"","_monsterinsights_sitenote_category":0,"footnotes":""},"class_list":["post-4119","page","type-page","status-publish","hentry"],"acf":[],"aioseo_notices":[],"_links":{"self":[{"href":"https:\/\/eliscapital.com\/sr\/wp-json\/wp\/v2\/pages\/4119","targetHints":{"allow":["GET"]}}],"collection":[{"href":"https:\/\/eliscapital.com\/sr\/wp-json\/wp\/v2\/pages"}],"about":[{"href":"https:\/\/eliscapital.com\/sr\/wp-json\/wp\/v2\/types\/page"}],"author":[{"embeddable":true,"href":"https:\/\/eliscapital.com\/sr\/wp-json\/wp\/v2\/users\/1"}],"replies":[{"embeddable":true,"href":"https:\/\/eliscapital.com\/sr\/wp-json\/wp\/v2\/comments?post=4119"}],"version-history":[{"count":4,"href":"https:\/\/eliscapital.com\/sr\/wp-json\/wp\/v2\/pages\/4119\/revisions"}],"predecessor-version":[{"id":5112,"href":"https:\/\/eliscapital.com\/sr\/wp-json\/wp\/v2\/pages\/4119\/revisions\/5112"}],"wp:attachment":[{"href":"https:\/\/eliscapital.com\/sr\/wp-json\/wp\/v2\/media?parent=4119"}],"curies":[{"name":"wp","href":"https:\/\/api.w.org\/{rel}","templated":true}]}}