{"id":3986,"date":"2024-01-19T08:59:03","date_gmt":"2024-01-19T08:59:03","guid":{"rendered":"https:\/\/eliscapital.com\/muteahhitlik-hizmetleri\/"},"modified":"2024-08-02T14:10:13","modified_gmt":"2024-08-02T14:10:13","slug":"usluge-izvodenja-radova","status":"publish","type":"page","link":"https:\/\/eliscapital.com\/sr\/usluge-izvodenja-radova\/","title":{"rendered":"Usluge Izvo\u0111enja Radova"},"content":{"rendered":"\t\t<div data-elementor-type=\"wp-page\" data-elementor-id=\"3986\" class=\"elementor elementor-3986 elementor-1728\">\n\t\t\t\t\t\t<section class=\"elementor-section elementor-top-section elementor-element elementor-element-24f918b elementor-section-full_width elementor-section-height-default elementor-section-height-default\" data-id=\"24f918b\" data-element_type=\"section\" data-e-type=\"section\">\n\t\t\t\t\t\t<div class=\"elementor-container elementor-column-gap-no\">\n\t\t\t\t\t<div class=\"elementor-column elementor-col-100 elementor-top-column elementor-element elementor-element-ca5abb3\" data-id=\"ca5abb3\" data-element_type=\"column\" data-e-type=\"column\">\n\t\t\t<div class=\"elementor-widget-wrap\">\n\t\t\t\t\t\t\t<\/div>\n\t\t<\/div>\n\t\t\t\t\t<\/div>\n\t\t<\/section>\n\t\t\t\t<section class=\"elementor-section elementor-top-section elementor-element elementor-element-3170334 elementor-section-full_width elementor-section-height-default elementor-section-height-default\" data-id=\"3170334\" data-element_type=\"section\" data-e-type=\"section\">\n\t\t\t\t\t\t<div class=\"elementor-container elementor-column-gap-no\">\n\t\t\t\t\t<div class=\"elementor-column elementor-col-100 elementor-top-column elementor-element elementor-element-03eea96\" data-id=\"03eea96\" data-element_type=\"column\" data-e-type=\"column\">\n\t\t\t<div class=\"elementor-widget-wrap elementor-element-populated\">\n\t\t\t\t\t\t<div class=\"elementor-element elementor-element-5501ffd elementor-widget elementor-widget-larson-services-list\" data-id=\"5501ffd\" data-element_type=\"widget\" data-e-type=\"widget\" data-widget_type=\"larson-services-list.default\">\n\t\t\t\t<div class=\"elementor-widget-container\">\n\t\t\t\t\t\n\t\t<div class=\"article__main container\">\n                    <section class=\"services-list\">\n          \t            <div class=\"services-list__item service-card\" data-aos=\"fade\">\n              <div class=\"service-card__inner\">\n                <div class=\"service-card__left\">\n                                    <div class=\"service-card__text\">\n                  \t<div >\n\t\t\t\t\t\t<p>Uz na\u0161 iskusni in\u017eenjerski tim, igramo glavnu ulogu u projektima urbanisti\u010dkog oblikovanja i razvoja, prevazilaze\u0107i o\u010dekivanja investitora i predstavljaju\u0107i jedinstvene arhitektonske projekte.<\/p>\n\t\t\t\t\t<\/div>\n                  <\/div>\n                  \t\t\t\t                    <div class=\"num\">\n                  \t<span >\n\t\t\t\t\t\t01\t\t\t\t\t<\/span>\n                  <\/div>\n                                  <\/div>\n                <div class=\"service-card__right\">\n                                    <img decoding=\"async\" src=\"https:\/\/eliscapital.com\/wp-content\/uploads\/2024\/01\/elis-capital-insaat.jpg\" alt=\"\" \/>\n                                    <div class=\"service-card__detail\">\n                                                            <h2 class=\"service-card__heading\">\n                    \t<span >\n\t\t\t\t\t\t\tGra\u0111evinske<br>Usluge\t\t\t\t\t\t<\/span>\n                    <\/h2>\n                                                          <\/div>\n                <\/div>\n              <\/div>\n            <\/div>\n                        <div class=\"services-list__item service-card service-card--reverse\" data-aos=\"fade\">\n              <div class=\"service-card__inner\">\n                <div class=\"service-card__left\">\n                                    <div class=\"service-card__text\">\n                  \t<div >\n\t\t\t\t\t\t<p>Uzimaju\u0107i u obzir odr\u017eivost i ekolo\u0161ke faktore u arhitektonskim projektima, pratimo najnovije trendove u arhitekturi i svojim investorima nudimo savremena, funkcionalna i ekolo\u0161ka rje\u0161enja.<\/p>\n\t\t\t\t\t<\/div>\n                  <\/div>\n                  \t\t\t\t                    <div class=\"num\">\n                  \t<span >\n\t\t\t\t\t\t02\t\t\t\t\t<\/span>\n                  <\/div>\n                                  <\/div>\n                <div class=\"service-card__right\">\n                                    <img decoding=\"async\" src=\"https:\/\/eliscapital.com\/wp-content\/uploads\/2024\/01\/elis-capital-ic-mimarlik.jpg\" alt=\"\" \/>\n                                    <div class=\"service-card__detail\">\n                                                            <h2 class=\"service-card__heading\">\n                    \t<span >\n\t\t\t\t\t\t\tArhitektonske<br>Usluge\t\t\t\t\t\t<\/span>\n                    <\/h2>\n                                                          <\/div>\n                <\/div>\n              <\/div>\n            <\/div>\n                        <div class=\"services-list__item service-card\" data-aos=\"fade\">\n              <div class=\"service-card__inner\">\n                <div class=\"service-card__left\">\n                                    <div class=\"service-card__text\">\n                  \t<div >\n\t\t\t\t\t\t<p>Kako bismo ispunili specijalne zahtjeve i o\u010dekivanja na\u0161ih investitora za konkretne projekte nudimo kreativna rje\u0161enja kombinuju\u0107i estetiku i funkcionalnost.<\/p>\n\t\t\t\t\t<\/div>\n                  <\/div>\n                  \t\t\t\t                    <div class=\"num\">\n                  \t<span >\n\t\t\t\t\t\t03\t\t\t\t\t<\/span>\n                  <\/div>\n                                  <\/div>\n                <div class=\"service-card__right\">\n                                    <img decoding=\"async\" src=\"https:\/\/eliscapital.com\/wp-content\/uploads\/2024\/01\/elis-capital-dekorasyon.jpg\" alt=\"\" \/>\n                                    <div class=\"service-card__detail\">\n                                                            <h2 class=\"service-card__heading\">\n                    \t<span >\n\t\t\t\t\t\t\tUsluge Opremanja<br>Enterijera\t\t\t\t\t\t<\/span>\n                    <\/h2>\n                                                          <\/div>\n                <\/div>\n              <\/div>\n            <\/div>\n                      <\/section>\n                  <\/div>\n\n\t\t\t\t\t\t<\/div>\n\t\t\t\t<\/div>\n\t\t\t\t\t<\/div>\n\t\t<\/div>\n\t\t\t\t\t<\/div>\n\t\t<\/section>\n\t\t\t\t<\/div>\n\t\t","protected":false},"excerpt":{"rendered":"<p>Uz na\u0161 iskusni in\u017eenjerski tim, igramo glavnu ulogu u projektima urbanisti\u010dkog oblikovanja i razvoja, prevazilaze\u0107i o\u010dekivanja investitora i predstavljaju\u0107i jedinstvene arhitektonske projekte. 01 Gra\u0111evinskeUsluge Uzimaju\u0107i u obzir odr\u017eivost i ekolo\u0161ke faktore u arhitektonskim projektima, pratimo najnovije trendove u arhitekturi i svojim investorima nudimo savremena, funkcionalna i ekolo\u0161ka rje\u0161enja. 02 ArhitektonskeUsluge&#8230; <\/p>\n<div class=\"readmore\"><a href=\"https:\/\/eliscapital.com\/sr\/usluge-izvodenja-radova\/\" class=\"btn-link\">Read more<\/a><\/div>\n","protected":false},"author":1,"featured_media":0,"parent":0,"menu_order":0,"comment_status":"closed","ping_status":"closed","template":"template-elementor-default.php","meta":{"_monsterinsights_skip_tracking":false,"_monsterinsights_sitenote_active":false,"_monsterinsights_sitenote_note":"","_monsterinsights_sitenote_category":0,"footnotes":""},"class_list":["post-3986","page","type-page","status-publish","hentry"],"acf":[],"aioseo_notices":[],"_links":{"self":[{"href":"https:\/\/eliscapital.com\/sr\/wp-json\/wp\/v2\/pages\/3986","targetHints":{"allow":["GET"]}}],"collection":[{"href":"https:\/\/eliscapital.com\/sr\/wp-json\/wp\/v2\/pages"}],"about":[{"href":"https:\/\/eliscapital.com\/sr\/wp-json\/wp\/v2\/types\/page"}],"author":[{"embeddable":true,"href":"https:\/\/eliscapital.com\/sr\/wp-json\/wp\/v2\/users\/1"}],"replies":[{"embeddable":true,"href":"https:\/\/eliscapital.com\/sr\/wp-json\/wp\/v2\/comments?post=3986"}],"version-history":[{"count":3,"href":"https:\/\/eliscapital.com\/sr\/wp-json\/wp\/v2\/pages\/3986\/revisions"}],"predecessor-version":[{"id":4238,"href":"https:\/\/eliscapital.com\/sr\/wp-json\/wp\/v2\/pages\/3986\/revisions\/4238"}],"wp:attachment":[{"href":"https:\/\/eliscapital.com\/sr\/wp-json\/wp\/v2\/media?parent=3986"}],"curies":[{"name":"wp","href":"https:\/\/api.w.org\/{rel}","templated":true}]}}