{"id":3959,"date":"2024-01-19T08:54:16","date_gmt":"2024-01-19T08:54:16","guid":{"rendered":"https:\/\/eliscapital.com\/yatirim-danismanligi\/"},"modified":"2024-08-02T12:26:05","modified_gmt":"2024-08-02T12:26:05","slug":"investiciono-savjetovanje","status":"publish","type":"page","link":"https:\/\/eliscapital.com\/sr\/investiciono-savjetovanje\/","title":{"rendered":"Investiciono Savjetovanje"},"content":{"rendered":"\t\t<div data-elementor-type=\"wp-page\" data-elementor-id=\"3959\" class=\"elementor elementor-3959 elementor-1721\">\n\t\t\t\t\t\t<section class=\"elementor-section elementor-top-section elementor-element elementor-element-24f918b elementor-section-full_width elementor-section-height-default elementor-section-height-default\" data-id=\"24f918b\" data-element_type=\"section\" data-e-type=\"section\">\n\t\t\t\t\t\t<div class=\"elementor-container elementor-column-gap-no\">\n\t\t\t\t\t<div class=\"elementor-column elementor-col-100 elementor-top-column elementor-element elementor-element-fa254b5\" data-id=\"fa254b5\" data-element_type=\"column\" data-e-type=\"column\">\n\t\t\t<div class=\"elementor-widget-wrap\">\n\t\t\t\t\t\t\t<\/div>\n\t\t<\/div>\n\t\t\t\t\t<\/div>\n\t\t<\/section>\n\t\t\t\t<section class=\"elementor-section elementor-top-section elementor-element elementor-element-3170334 elementor-section-full_width elementor-section-height-default elementor-section-height-default\" data-id=\"3170334\" data-element_type=\"section\" data-e-type=\"section\">\n\t\t\t\t\t\t<div class=\"elementor-container elementor-column-gap-no\">\n\t\t\t\t\t<div class=\"elementor-column elementor-col-100 elementor-top-column elementor-element elementor-element-03eea96\" data-id=\"03eea96\" data-element_type=\"column\" data-e-type=\"column\">\n\t\t\t<div class=\"elementor-widget-wrap elementor-element-populated\">\n\t\t\t\t\t\t<div class=\"elementor-element elementor-element-5501ffd elementor-widget elementor-widget-larson-services-list\" data-id=\"5501ffd\" data-element_type=\"widget\" data-e-type=\"widget\" data-widget_type=\"larson-services-list.default\">\n\t\t\t\t<div class=\"elementor-widget-container\">\n\t\t\t\t\t\n\t\t<div class=\"article__main container\">\n                    <section class=\"services-list\">\n          \t            <div class=\"services-list__item service-card\" data-aos=\"fade\">\n              <div class=\"service-card__inner\">\n                <div class=\"service-card__left\">\n                                    <div class=\"service-card__text\">\n                  \t<div >\n\t\t\t\t\t\t<p>Analizom kretanja na tr\u017ei\u0161tu i potencijalnih rizika, kao i stru\u010dnim pristupom i poznavanjem materije doprinosimo odr\u017eivom povratu ulaganja na\u0161ih investitora.<\/p>\n\t\t\t\t\t<\/div>\n                  <\/div>\n                  \t\t\t\t                    <div class=\"num\">\n                  \t<span >\n\t\t\t\t\t\t01\t\t\t\t\t<\/span>\n                  <\/div>\n                                  <\/div>\n                <div class=\"service-card__right\">\n                                    <img decoding=\"async\" src=\"https:\/\/eliscapital.com\/wp-content\/uploads\/2024\/01\/elis-capital-ticari-danismalik.jpg\" alt=\"\" \/>\n                                    <div class=\"service-card__detail\">\n                                                            <h2 class=\"service-card__heading\">\n                    \t<span >\n\t\t\t\t\t\t\tPoslovno<br>Savjetovanje\t\t\t\t\t\t<\/span>\n                    <\/h2>\n                                                          <\/div>\n                <\/div>\n              <\/div>\n            <\/div>\n                        <div class=\"services-list__item service-card service-card--reverse\" data-aos=\"fade\">\n              <div class=\"service-card__inner\">\n                <div class=\"service-card__left\">\n                                    <div class=\"service-card__text\">\n                  \t<div >\n\t\t\t\t\t\t<p>Pru\u017eanjem detaljnih analiza i konsultantskih usluga o potencijalnim investicionim mogu\u0107nostima u ovom podru\u010dju, svojim investitorima poma\u017eemo da sigurno donose strate\u0161ke odluke.<\/p>\n\t\t\t\t\t<\/div>\n                  <\/div>\n                  \t\t\t\t                    <div class=\"num\">\n                  \t<span >\n\t\t\t\t\t\t02\t\t\t\t\t<\/span>\n                  <\/div>\n                                  <\/div>\n                <div class=\"service-card__right\">\n                                    <img decoding=\"async\" src=\"https:\/\/eliscapital.com\/wp-content\/uploads\/2024\/01\/elis-capital-sektor-analizi.jpg\" alt=\"\" \/>\n                                    <div class=\"service-card__detail\">\n                                                            <h2 class=\"service-card__heading\">\n                    \t<span >\n\t\t\t\t\t\t\tSektorske<br>Analize\t\t\t\t\t\t<\/span>\n                    <\/h2>\n                                                          <\/div>\n                <\/div>\n              <\/div>\n            <\/div>\n                        <div class=\"services-list__item service-card\" data-aos=\"fade\">\n              <div class=\"service-card__inner\">\n                <div class=\"service-card__left\">\n                                    <div class=\"service-card__text\">\n                  \t<div >\n\t\t\t\t\t\t<p>Uz puno razumijevanje ciljeva na\u0161ih investitora, nudimo prilago\u0111ene usluge upravljanja portfoliom i razvijamo profitabilne investicione strategije.<\/p>\n\t\t\t\t\t<\/div>\n                  <\/div>\n                  \t\t\t\t                    <div class=\"num\">\n                  \t<span >\n\t\t\t\t\t\t03\t\t\t\t\t<\/span>\n                  <\/div>\n                                  <\/div>\n                <div class=\"service-card__right\">\n                                    <img decoding=\"async\" src=\"https:\/\/eliscapital.com\/wp-content\/uploads\/2024\/01\/elis-capital-yonetim-danismanligi.jpg\" alt=\"\" \/>\n                                    <div class=\"service-card__detail\">\n                                                            <h2 class=\"service-card__heading\">\n                    \t<span >\n\t\t\t\t\t\t\tUpravlja\u010dko<br>Savjetovanje\t\t\t\t\t\t<\/span>\n                    <\/h2>\n                                                          <\/div>\n                <\/div>\n              <\/div>\n            <\/div>\n                        <div class=\"services-list__item service-card service-card--reverse\" data-aos=\"fade\">\n              <div class=\"service-card__inner\">\n                <div class=\"service-card__left\">\n                                    <div class=\"service-card__text\">\n                  \t<div >\n\t\t\t\t\t\t<p>Umre\u017eavanje je klju\u010d za uspostavljanje \u010dvrstih veza i izgradnju odnosa u poslovnom svijetu. Dru\u0161tvena interakcija otvara prilike i olak\u0161ava razmjenu informacija. Mi u Elis Capitalu koristimo svoje jake me\u0111uljudske i institucionalne veze u Crnoj Gori za dobrobit svojih investitora.  <\/p>\n\t\t\t\t\t<\/div>\n                  <\/div>\n                  \t\t\t\t                    <div class=\"num\">\n                  \t<span >\n\t\t\t\t\t\t04\t\t\t\t\t<\/span>\n                  <\/div>\n                                  <\/div>\n                <div class=\"service-card__right\">\n                                    <img decoding=\"async\" src=\"https:\/\/eliscapital.com\/wp-content\/uploads\/2024\/01\/elis-capital-networking.jpg\" alt=\"\" \/>\n                                    <div class=\"service-card__detail\">\n                                                            <h2 class=\"service-card__heading\">\n                    \t<span >\n\t\t\t\t\t\t\tUsluge<br>Umre\u017eavanja\t\t\t\t\t\t<\/span>\n                    <\/h2>\n                                                          <\/div>\n                <\/div>\n              <\/div>\n            <\/div>\n                      <\/section>\n                  <\/div>\n\n\t\t\t\t\t\t<\/div>\n\t\t\t\t<\/div>\n\t\t\t\t\t<\/div>\n\t\t<\/div>\n\t\t\t\t\t<\/div>\n\t\t<\/section>\n\t\t\t\t<\/div>\n\t\t","protected":false},"excerpt":{"rendered":"<p>Analizom kretanja na tr\u017ei\u0161tu i potencijalnih rizika, kao i stru\u010dnim pristupom i poznavanjem materije doprinosimo odr\u017eivom povratu ulaganja na\u0161ih investitora. 01 PoslovnoSavjetovanje Pru\u017eanjem detaljnih analiza i konsultantskih usluga o potencijalnim investicionim mogu\u0107nostima u ovom podru\u010dju, svojim investitorima poma\u017eemo da sigurno donose strate\u0161ke odluke. 02 SektorskeAnalize Uz puno razumijevanje ciljeva na\u0161ih&#8230; <\/p>\n<div class=\"readmore\"><a href=\"https:\/\/eliscapital.com\/sr\/investiciono-savjetovanje\/\" class=\"btn-link\">Read more<\/a><\/div>\n","protected":false},"author":1,"featured_media":0,"parent":0,"menu_order":0,"comment_status":"closed","ping_status":"closed","template":"template-elementor-default.php","meta":{"_monsterinsights_skip_tracking":false,"_monsterinsights_sitenote_active":false,"_monsterinsights_sitenote_note":"","_monsterinsights_sitenote_category":0,"footnotes":""},"class_list":["post-3959","page","type-page","status-publish","hentry"],"acf":[],"aioseo_notices":[],"_links":{"self":[{"href":"https:\/\/eliscapital.com\/sr\/wp-json\/wp\/v2\/pages\/3959","targetHints":{"allow":["GET"]}}],"collection":[{"href":"https:\/\/eliscapital.com\/sr\/wp-json\/wp\/v2\/pages"}],"about":[{"href":"https:\/\/eliscapital.com\/sr\/wp-json\/wp\/v2\/types\/page"}],"author":[{"embeddable":true,"href":"https:\/\/eliscapital.com\/sr\/wp-json\/wp\/v2\/users\/1"}],"replies":[{"embeddable":true,"href":"https:\/\/eliscapital.com\/sr\/wp-json\/wp\/v2\/comments?post=3959"}],"version-history":[{"count":3,"href":"https:\/\/eliscapital.com\/sr\/wp-json\/wp\/v2\/pages\/3959\/revisions"}],"predecessor-version":[{"id":4232,"href":"https:\/\/eliscapital.com\/sr\/wp-json\/wp\/v2\/pages\/3959\/revisions\/4232"}],"wp:attachment":[{"href":"https:\/\/eliscapital.com\/sr\/wp-json\/wp\/v2\/media?parent=3959"}],"curies":[{"name":"wp","href":"https:\/\/api.w.org\/{rel}","templated":true}]}}