{"id":3883,"date":"2024-01-19T08:13:28","date_gmt":"2024-01-19T08:13:28","guid":{"rendered":"https:\/\/eliscapital.com\/hakkinda\/"},"modified":"2026-02-18T13:34:55","modified_gmt":"2026-02-18T13:34:55","slug":"hakkinda","status":"publish","type":"page","link":"https:\/\/eliscapital.com\/sr\/hakkinda\/","title":{"rendered":"O"},"content":{"rendered":"\t\t<div data-elementor-type=\"wp-page\" data-elementor-id=\"3883\" class=\"elementor elementor-3883 elementor-1680\">\n\t\t\t\t\t\t<section class=\"elementor-section elementor-top-section elementor-element elementor-element-24f918b elementor-section-full_width elementor-section-height-default elementor-section-height-default\" data-id=\"24f918b\" data-element_type=\"section\" data-e-type=\"section\">\n\t\t\t\t\t\t<div class=\"elementor-container elementor-column-gap-no\">\n\t\t\t\t\t<div class=\"elementor-column elementor-col-100 elementor-top-column elementor-element elementor-element-c77494c\" data-id=\"c77494c\" data-element_type=\"column\" data-e-type=\"column\">\n\t\t\t<div class=\"elementor-widget-wrap elementor-element-populated\">\n\t\t\t\t\t\t<div class=\"elementor-element elementor-element-794f13e elementor-widget elementor-widget-larson-intro\" data-id=\"794f13e\" data-element_type=\"widget\" data-e-type=\"widget\" data-widget_type=\"larson-intro.default\">\n\t\t\t\t<div class=\"elementor-widget-container\">\n\t\t\t\t\t\n\t\t<article class=\"article\">\n\t        <header class=\"article__header\">\n\t          <div class=\"container\">\n\t            \t            \t          <\/div>\n\t        <\/header>\n\t        \t        <div class=\"article__single-service-image container\">\n\t          <img decoding=\"async\" src=\"https:\/\/eliscapital.com\/wp-content\/uploads\/2024\/02\/elis-capital-karadag-hakkinda-1920x1076.jpg\" alt=\"\" \/>\n\t        <\/div>\n\t        \t    <\/article>\n\n\t\t\t\t\t\t<\/div>\n\t\t\t\t<\/div>\n\t\t\t\t\t<\/div>\n\t\t<\/div>\n\t\t\t\t\t<\/div>\n\t\t<\/section>\n\t\t\t\t<section class=\"elementor-section elementor-top-section elementor-element elementor-element-e61b6a8 elementor-section-full_width elementor-section-height-default elementor-section-height-default\" data-id=\"e61b6a8\" data-element_type=\"section\" data-e-type=\"section\">\n\t\t\t\t\t\t<div class=\"elementor-container elementor-column-gap-no\">\n\t\t\t\t\t<div class=\"elementor-column elementor-col-100 elementor-top-column elementor-element elementor-element-957378c\" data-id=\"957378c\" data-element_type=\"column\" data-e-type=\"column\">\n\t\t\t<div class=\"elementor-widget-wrap elementor-element-populated\">\n\t\t\t\t\t\t<div class=\"elementor-element elementor-element-25b14ea elementor-widget elementor-widget-larson-service-description\" data-id=\"25b14ea\" data-element_type=\"widget\" data-e-type=\"widget\" data-widget_type=\"larson-service-description.default\">\n\t\t\t\t<div class=\"elementor-widget-container\">\n\t\t\t\t\t\n\t\t\t\t<div class=\"article__main article__main--width-small container\">\n          <div class=\"single-service-block\">\n          \t<div >\n\t\t\t\t<p><strong>Crna Gora: Gdje se Priroda, Istorija i Kultura Susre\u0107u u Raju...<\/strong><\/p><p style=\"text-align: justify\">Crna Gora, jedinstvena zemlja u\u0161u\u0161kana na obali Jadranskog mora, \u0107e Vas o\u010darati svojim impresivnim pejza\u017eima i bogatom istorijom. Me\u0111utim, nisu samo njena priroda i istorija to \u0161to je \u010dini fascinantnom, ve\u0107 i njena kulturna raznolikost.<\/p><p style=\"text-align: justify\">Prirodne ljepote: Crnogorske planine, kristalno \u010dista jezera i parkovi prirode predstavljaju raj za ljubitelje prirode. Geografska raznolikost ovog podru\u010dja nudi zadivljuju\u0107e pejza\u017ee i mno\u0161tvo prirodnih predjela vrijednih istra\u017eivanja.<\/p><p style=\"text-align: justify\">Istorijsko i kulturno bogatstvo: Istoriju zemlje oblikovali su uticaji Otomanskog carstva. Me\u0111utim, Crna Gora je poznata ne samo po svom osmanskom naslje\u0111u ve\u0107 i po kulturnim karakteristikama ste\u010denim tokom dobijanja nezavisnosti.<\/p><p style=\"text-align: justify\">Porijeklo: Korijeni Crne Gore se\u017eu u srednji vijek. Naseljena slovenskim plemenima, ova podru\u010dja su kroz vrijeme bila pod dominacijom zna\u010dajnih istorijskih aktera kao \u0161to su Vizantijsko carstvo i Otomansko carstvo. Crna Gora, koja je je dobila nezavisnost na Berlinskom kongresu 1878. godine, bila je tokom istorije pod uticajem razli\u010ditih kultura, i \u010duva to bogato naslje\u0111e do danas.<\/p><p style=\"text-align: justify\">Obala i Pogled na More: Obala Crne Gore \u010duvena je po tirkiznom moru i mirnim gradovima. Stambene jedinice s pogledom na more nude priliku da iz udobnosti svog doma u\u017eivate u toj jedinstvenoj ljepoti.<\/p><p style=\"text-align: justify\">Mogu\u0107nost posjedovanja ku\u0107e: Onima koji \u017eele oti\u0107i korak dalje pru\u017ea se prilika da postanu vlasnici ku\u0107e u Crnoj Gori, u ovom jedinstvenom spoju prirode, istorije i kulture. Elis Capital nudi konsultantske usluge kako biste napravili preciznu analizu bogate istorije, prirodne ljepote i kulturnog bogatstva Crne Gore i do\u0161li do svoje ku\u0107e iz snova.<\/p>\t\t\t<\/div>\n\t\t  <\/div>\n\t\t<\/div>\n\t\t\n\t\t\t\t\t\t<\/div>\n\t\t\t\t<\/div>\n\t\t\t\t\t<\/div>\n\t\t<\/div>\n\t\t\t\t\t<\/div>\n\t\t<\/section>\n\t\t\t\t<\/div>\n\t\t","protected":false},"excerpt":{"rendered":"<p>Crna Gora: Gdje se Priroda, Istorija i Kultura Susre\u0107u u Raju&#8230; Crna Gora, jedinstvena zemlja u\u0161u\u0161kana na obali Jadranskog mora, \u0107e Vas o\u010darati svojim impresivnim pejza\u017eima i bogatom istorijom. Me\u0111utim, nisu samo njena priroda i istorija to \u0161to je \u010dini fascinantnom, ve\u0107 i njena kulturna raznolikost. Prirodne ljepote: Crnogorske planine,&#8230; <\/p>\n<div class=\"readmore\"><a href=\"https:\/\/eliscapital.com\/sr\/hakkinda\/\" class=\"btn-link\">Read more<\/a><\/div>\n","protected":false},"author":1,"featured_media":0,"parent":0,"menu_order":0,"comment_status":"closed","ping_status":"closed","template":"template-elementor-default.php","meta":{"_monsterinsights_skip_tracking":false,"_monsterinsights_sitenote_active":false,"_monsterinsights_sitenote_note":"","_monsterinsights_sitenote_category":0,"footnotes":""},"class_list":["post-3883","page","type-page","status-publish","hentry"],"acf":[],"aioseo_notices":[],"_links":{"self":[{"href":"https:\/\/eliscapital.com\/sr\/wp-json\/wp\/v2\/pages\/3883","targetHints":{"allow":["GET"]}}],"collection":[{"href":"https:\/\/eliscapital.com\/sr\/wp-json\/wp\/v2\/pages"}],"about":[{"href":"https:\/\/eliscapital.com\/sr\/wp-json\/wp\/v2\/types\/page"}],"author":[{"embeddable":true,"href":"https:\/\/eliscapital.com\/sr\/wp-json\/wp\/v2\/users\/1"}],"replies":[{"embeddable":true,"href":"https:\/\/eliscapital.com\/sr\/wp-json\/wp\/v2\/comments?post=3883"}],"version-history":[{"count":10,"href":"https:\/\/eliscapital.com\/sr\/wp-json\/wp\/v2\/pages\/3883\/revisions"}],"predecessor-version":[{"id":5022,"href":"https:\/\/eliscapital.com\/sr\/wp-json\/wp\/v2\/pages\/3883\/revisions\/5022"}],"wp:attachment":[{"href":"https:\/\/eliscapital.com\/sr\/wp-json\/wp\/v2\/media?parent=3883"}],"curies":[{"name":"wp","href":"https:\/\/api.w.org\/{rel}","templated":true}]}}