{"id":4102,"date":"2024-05-15T19:08:34","date_gmt":"2024-05-15T19:08:34","guid":{"rendered":"https:\/\/eliscapital.com\/hakkimizda\/"},"modified":"2024-07-26T07:43:52","modified_gmt":"2024-07-26T07:43:52","slug":"hakkimizda","status":"publish","type":"page","link":"http:\/\/eliscapital.com\/sr\/hakkimizda\/","title":{"rendered":"O Nama"},"content":{"rendered":"\t\t<div data-elementor-type=\"wp-page\" data-elementor-id=\"4102\" class=\"elementor elementor-4102 elementor-3431\">\n\t\t\t\t\t\t<section class=\"elementor-section elementor-top-section elementor-element elementor-element-24f918b elementor-section-full_width elementor-section-height-default elementor-section-height-default\" data-id=\"24f918b\" data-element_type=\"section\" data-e-type=\"section\">\n\t\t\t\t\t\t<div class=\"elementor-container elementor-column-gap-no\">\n\t\t\t\t\t<div class=\"elementor-column elementor-col-100 elementor-top-column elementor-element elementor-element-d59d2b4\" data-id=\"d59d2b4\" data-element_type=\"column\" data-e-type=\"column\">\n\t\t\t<div class=\"elementor-widget-wrap\">\n\t\t\t\t\t\t\t<\/div>\n\t\t<\/div>\n\t\t\t\t\t<\/div>\n\t\t<\/section>\n\t\t\t\t<section class=\"elementor-section elementor-top-section elementor-element elementor-element-9cbf27d elementor-section-full_width elementor-section-height-default elementor-section-height-default\" data-id=\"9cbf27d\" data-element_type=\"section\" data-e-type=\"section\">\n\t\t\t\t\t\t<div class=\"elementor-container elementor-column-gap-no\">\n\t\t\t\t\t<div class=\"elementor-column elementor-col-100 elementor-top-column elementor-element elementor-element-2798070\" data-id=\"2798070\" data-element_type=\"column\" data-e-type=\"column\">\n\t\t\t<div class=\"elementor-widget-wrap elementor-element-populated\">\n\t\t\t\t\t\t<div class=\"elementor-element elementor-element-b9fad00 elementor-widget elementor-widget-larson-intro\" data-id=\"b9fad00\" data-element_type=\"widget\" data-e-type=\"widget\" data-widget_type=\"larson-intro.default\">\n\t\t\t\t<div class=\"elementor-widget-container\">\n\t\t\t\t\t\n\t\t<article class=\"article\">\n\t        <header class=\"article__header\">\n\t          <div class=\"container\">\n\t            \t            <h1 class=\"article__heading heading heading--size-large\">\n\t            \t<span >\n\t\t\t\t\t\tPravom strategijom podi\u017eemo Va\u0161e <span class=\"color-yellow\">investicije<br>na vi\u0161i nivo.<br><\/span>\t\t\t\t\t<\/span>\n\t            <\/h1>\n\t            \t            \t          <\/div>\n\t        <\/header>\n\t        \t    <\/article>\n\n\t\t\t\t\t\t<\/div>\n\t\t\t\t<\/div>\n\t\t\t\t\t<\/div>\n\t\t<\/div>\n\t\t\t\t\t<\/div>\n\t\t<\/section>\n\t\t\t\t<section class=\"elementor-section elementor-top-section elementor-element elementor-element-5d8dd13 elementor-section-boxed elementor-section-height-default elementor-section-height-default\" data-id=\"5d8dd13\" data-element_type=\"section\" data-e-type=\"section\">\n\t\t\t\t\t\t<div class=\"elementor-container elementor-column-gap-default\">\n\t\t\t\t\t<div class=\"elementor-column elementor-col-100 elementor-top-column elementor-element elementor-element-eb2228f\" data-id=\"eb2228f\" data-element_type=\"column\" data-e-type=\"column\">\n\t\t\t<div class=\"elementor-widget-wrap elementor-element-populated\">\n\t\t\t\t\t\t<div class=\"elementor-element elementor-element-927f4d6 elementor-widget elementor-widget-larson-about-description\" data-id=\"927f4d6\" data-element_type=\"widget\" data-e-type=\"widget\" data-widget_type=\"larson-about-description.default\">\n\t\t\t\t<div class=\"elementor-widget-container\">\n\t\t\t\t\t\n\t\t<section class=\"webpage__about-block about-block about-block--columns\">\n          <div class=\"about-block__inner container\" data-number=\"01\">\n                        <header class=\"about-block__header\" data-aos=\"fade\">\n              <h2 class=\"about-block__heading heading\">\n              \t<span >\n\t\t\t\t\tOko\t\t\t\t<\/span>\n              <\/h2>\n            <\/header>\n                                    <div class=\"about-block__main\">\n                            <div class=\"about-block__text\" data-aos=\"fade\">\n                <div >\n\t\t\t\t\t<p style=\"text-align: justify\"><span style=\"font-size: 12pt\">Elis Capital se isti\u010de kao zna\u010dajan igra\u010d na rastu\u0107em tr\u017ei\u0161tu nekretnina u Crnoj Gori. Specijalizovani smo za sve aspekte procesa nekretnina, od ure\u0111enja zemlj\u0161ta i projektovanja, osmi\u0161ljavanja i vo\u0111enja procesa marketinga i prodaje, upravljanja postprodajom i procesima isporuke, do profesionalnih usluga upravljanja nekretninama. U ambijentu Crne Gore koja se ubrzano razvija, Elis Capital se izdvaja svojom sposobno\u0161\u0107u brzog prilago\u0111avanja zakonskim okvirima. <\/span><\/p>\n\t\t\t\t<\/div>\n              <\/div>\n                                        <\/div>\n                      <\/div>\n        <\/section>\n\n\t\t\t\t\t\t<\/div>\n\t\t\t\t<\/div>\n\t\t\t\t\t<\/div>\n\t\t<\/div>\n\t\t\t\t\t<\/div>\n\t\t<\/section>\n\t\t\t\t<section class=\"elementor-section elementor-top-section elementor-element elementor-element-b4362bb elementor-section-boxed elementor-section-height-default elementor-section-height-default\" data-id=\"b4362bb\" data-element_type=\"section\" data-e-type=\"section\">\n\t\t\t\t\t\t<div class=\"elementor-container elementor-column-gap-default\">\n\t\t\t\t\t<div class=\"elementor-column elementor-col-100 elementor-top-column elementor-element elementor-element-2aa25eb\" data-id=\"2aa25eb\" data-element_type=\"column\" data-e-type=\"column\">\n\t\t\t<div class=\"elementor-widget-wrap elementor-element-populated\">\n\t\t\t\t\t\t<div class=\"elementor-element elementor-element-d53f169 elementor-widget elementor-widget-larson-about-description\" data-id=\"d53f169\" data-element_type=\"widget\" data-e-type=\"widget\" data-widget_type=\"larson-about-description.default\">\n\t\t\t\t<div class=\"elementor-widget-container\">\n\t\t\t\t\t\n\t\t<section class=\"webpage__about-block about-block about-block--columns\">\n          <div class=\"about-block__inner container\" data-number=\"02\">\n                        <header class=\"about-block__header\" data-aos=\"fade\">\n              <h2 class=\"about-block__heading heading\">\n              \t<span >\n\t\t\t\t\tVizija\t\t\t\t<\/span>\n              <\/h2>\n            <\/header>\n                                    <div class=\"about-block__main\">\n                            <div class=\"about-block__text\" data-aos=\"fade\">\n                <div >\n\t\t\t\t\t<p style=\"text-align: justify\"><span style=\"font-size: 12pt\">Elis Capital nema za cilj samo izgradnju zgrada ve\u0107 i stvaranje jedinstvenih \u017eivotnih prostora u Crnoj Gori. Dodajemo vrijednost gradovima i zajednicama, kontinuirano pru\u017eaju\u0107i personalizovane usluge i rje\u0161enja za investitore, uz duboko razumijevanje tr\u017ei\u0161ta nekretnina u Crnoj Gori i mogu\u0107nost upravljanja njegovom dinamikom. <\/span><\/p>\n\t\t\t\t<\/div>\n              <\/div>\n                                        <\/div>\n                      <\/div>\n        <\/section>\n\n\t\t\t\t\t\t<\/div>\n\t\t\t\t<\/div>\n\t\t\t\t\t<\/div>\n\t\t<\/div>\n\t\t\t\t\t<\/div>\n\t\t<\/section>\n\t\t\t\t<section class=\"elementor-section elementor-top-section elementor-element elementor-element-c542823 elementor-section-boxed elementor-section-height-default elementor-section-height-default\" data-id=\"c542823\" data-element_type=\"section\" data-e-type=\"section\">\n\t\t\t\t\t\t<div class=\"elementor-container elementor-column-gap-default\">\n\t\t\t\t\t<div class=\"elementor-column elementor-col-100 elementor-top-column elementor-element elementor-element-592e527\" data-id=\"592e527\" data-element_type=\"column\" data-e-type=\"column\">\n\t\t\t<div class=\"elementor-widget-wrap elementor-element-populated\">\n\t\t\t\t\t\t<div class=\"elementor-element elementor-element-c5069ab elementor-widget elementor-widget-larson-about-description\" data-id=\"c5069ab\" data-element_type=\"widget\" data-e-type=\"widget\" data-widget_type=\"larson-about-description.default\">\n\t\t\t\t<div class=\"elementor-widget-container\">\n\t\t\t\t\t\n\t\t<section class=\"webpage__about-block about-block about-block--columns\">\n          <div class=\"about-block__inner container\" data-number=\"03\">\n                        <header class=\"about-block__header\" data-aos=\"fade\">\n              <h2 class=\"about-block__heading heading\">\n              \t<span >\n\t\t\t\t\tUsluge\t\t\t\t<\/span>\n              <\/h2>\n            <\/header>\n                                    <div class=\"about-block__main\">\n                            <div class=\"about-block__text\" data-aos=\"fade\">\n                <div >\n\t\t\t\t\t<p style=\"text-align: justify\"><span style=\"font-size: 12pt\">Razvoj nekretnina: Elis Capital identifikuje naperspektivnija zemlji\u0161ta u Crnoj Gori i razvija odr\u017eive projekte zasnovane na sveobuhvatnim istra\u017eivanjima.<\/span><\/p>\n<p style=\"text-align: justify\"><span style=\"font-size: 12pt\">Projektovanje: Na\u0161 stru\u010dni tim izra\u0111uje unikatne projekte u skladu sa jedinstvenim prirodnim ambijentom i kulturom Crne Gore.<\/span><\/p>\n<p style=\"text-align: justify\"><span style=\"font-size: 12pt\">Politika prodaje: Svojom fleksibilnom i transparentnom politikom prodaje, gdje zadovoljstvo kupaca predstavlja prioritet, Elis Capital predstavlja pouzdanog partnera za investitore.<\/span><\/p>\n<p style=\"text-align: justify\"><span style=\"font-size: 12pt\">Marketin\u0161ke strategije: Kreiramo i koristimo prilago\u0111ene marketin\u0161ke strategije koje nagla\u0161avaju kulturno bogatstvo Crne Gore uzimaju\u0107i u obzir njene jedinstvene karakteristike i tradiciju, time pove\u0107avaju\u0107i vrijednosti nekretnina.<\/span><\/p>\n<p style=\"text-align: justify\"><span style=\"font-size: 12pt\">Proces isporuke: Elis Capital maksimizira zadovoljstvo kupaca isporu\u010duju\u0107i projekte u skladu s lokalnim propisima Crne Gore, blagovremeno i sveobuhvatno.<\/span><\/p>\n<p style=\"text-align: justify\"><span style=\"font-size: 12pt\">Profesionalno upravljanje postprodajom: Investitorima nudimo profesionalne usluge upravljanja nekretninama nakon prodaje, uz kompletan uvid i poznavanje lokalnog tr\u017ei\u0161ta.<\/span><\/p>\n\t\t\t\t<\/div>\n              <\/div>\n                                        <\/div>\n                      <\/div>\n        <\/section>\n\n\t\t\t\t\t\t<\/div>\n\t\t\t\t<\/div>\n\t\t\t\t\t<\/div>\n\t\t<\/div>\n\t\t\t\t\t<\/div>\n\t\t<\/section>\n\t\t\t\t<section class=\"elementor-section elementor-top-section elementor-element elementor-element-c681de3 elementor-section-boxed elementor-section-height-default elementor-section-height-default\" data-id=\"c681de3\" data-element_type=\"section\" data-e-type=\"section\">\n\t\t\t\t\t\t<div class=\"elementor-container elementor-column-gap-default\">\n\t\t\t\t\t<div class=\"elementor-column elementor-col-100 elementor-top-column elementor-element elementor-element-0bf68e8\" data-id=\"0bf68e8\" data-element_type=\"column\" data-e-type=\"column\">\n\t\t\t<div class=\"elementor-widget-wrap elementor-element-populated\">\n\t\t\t\t\t\t<div class=\"elementor-element elementor-element-045cff9 elementor-widget elementor-widget-larson-about-description\" data-id=\"045cff9\" data-element_type=\"widget\" data-e-type=\"widget\" data-widget_type=\"larson-about-description.default\">\n\t\t\t\t<div class=\"elementor-widget-container\">\n\t\t\t\t\t\n\t\t<section class=\"webpage__about-block about-block about-block--columns\">\n          <div class=\"about-block__inner container\" data-number=\"04\">\n                        <header class=\"about-block__header\" data-aos=\"fade\">\n              <h2 class=\"about-block__heading heading\">\n              \t<span >\n\t\t\t\t\tZa\u0161to Elis CAPITAL\t\t\t\t<\/span>\n              <\/h2>\n            <\/header>\n                                    <div class=\"about-block__main\">\n                            <div class=\"about-block__text\" data-aos=\"fade\">\n                <div >\n\t\t\t\t\t<p><span style=\"font-size: 12pt\">- Iskusan i stru\u010dan tim<\/span><br \/><span style=\"font-size: 12pt\">- \u010cvrsti odnosi s lokalnim vlastima u Crnoj Gori<\/span><br \/><span style=\"font-size: 12pt\">- Napredna prodaja mre\u017ea i poznavanje administracije<\/span><br \/><span style=\"font-size: 12pt\">- Transparentni i pouzdani poslovni principi<\/span><\/p>\n<p><span style=\"font-size: 12pt\">Elis Capital nastavlja da oblikuje budu\u0107nost nekretnina u Crnoj Gori. Pridru\u017eite nam se i maksimizujte profitabilnost svoje investicije! <\/span><\/p>\n\t\t\t\t<\/div>\n              <\/div>\n                                          <blockquote class=\"about-block__quote\" data-aos=\"fade\">\n              \t<span >\n\t\t\t\t\t\u0160to se vi\u0161e penjete,<br>Sve dalje vidite.\t\t\t\t<\/span>\n\t\t\t\t<span class=\"sep\"><svg viewBox='0 0 83 62' fill='none' xmlns='http:\/\/www.w3.org\/2000\/svg'><path d='M18.6.2c6.267 0 11 2.267 14.2 6.8 3.333 4.4 5 9.667 5 15.8 0 8.267-2.467 15.933-7.4 23-4.8 7.067-10.867 12.333-18.2 15.8L.4 52.2c5.333-2.133 10-5.067 14-8.8 4-3.867 6.733-7.867 8.2-12l-1-.6c-.667.533-1.467.933-2.4 1.2-.933.267-2.267.4-4 .4-3.067 0-6.2-1.2-9.4-3.6-3.067-2.533-4.6-6.333-4.6-11.4 0-5.333 1.733-9.533 5.2-12.6S13.933.2 18.6.2zm44.8 0c6.267 0 11 2.267 14.2 6.8 3.333 4.4 5 9.667 5 15.8 0 8.267-2.467 15.933-7.4 23-4.8 7.067-10.867 12.333-18.2 15.8l-11.8-9.4c5.333-2.133 10-5.067 14-8.8 4-3.867 6.733-7.867 8.2-12l-1-.6c-.667.533-1.467.933-2.4 1.2-.933.267-2.267.4-4 .4-3.067 0-6.2-1.2-9.4-3.6-3.067-2.533-4.6-6.333-4.6-11.4 0-5.333 1.733-9.533 5.2-12.6S58.733.2 63.4.2z' fill='#ffb74d'\/><\/svg><\/span>\n              <\/blockquote>\n                          <\/div>\n                      <\/div>\n        <\/section>\n\n\t\t\t\t\t\t<\/div>\n\t\t\t\t<\/div>\n\t\t\t\t\t<\/div>\n\t\t<\/div>\n\t\t\t\t\t<\/div>\n\t\t<\/section>\n\t\t\t\t<section class=\"elementor-section elementor-top-section elementor-element elementor-element-a55ba9a elementor-section-full_width elementor-section-height-default elementor-section-height-default\" data-id=\"a55ba9a\" data-element_type=\"section\" data-e-type=\"section\">\n\t\t\t\t\t\t<div class=\"elementor-container elementor-column-gap-no\">\n\t\t\t\t\t<div class=\"elementor-column elementor-col-100 elementor-top-column elementor-element elementor-element-2cc9dbb\" data-id=\"2cc9dbb\" data-element_type=\"column\" data-e-type=\"column\">\n\t\t\t<div class=\"elementor-widget-wrap elementor-element-populated\">\n\t\t\t\t\t\t<div class=\"elementor-element elementor-element-f1085cf elementor-widget elementor-widget-larson-partners\" data-id=\"f1085cf\" data-element_type=\"widget\" data-e-type=\"widget\" data-widget_type=\"larson-partners.default\">\n\t\t\t\t<div class=\"elementor-widget-container\">\n\t\t\t\t\t\n\t\t<!-- Partners-->\n\t\t<section class=\"webpage__partners partners\">\n\t\t\t<div class=\"partners__inner container\">\n\t\t\t  \t\t\t  <ul class=\"partners__list\">\n\t\t\t    \t\t\t    <li class=\"partners__item\" data-aos=\"fade\" data-aos-delay=\"0\">\n\t\t\t      \t\t\t\t  <a title=\"http:\/\/ONN%20Invest\">\n\t\t\t\t  \t\t\t      \t\t\t      <img decoding=\"async\" src=\"http:\/\/eliscapital.com\/wp-content\/uploads\/2024\/02\/152_ONN.png\" alt=\"http:\/\/ONN%20Invest\" \/>\n\t\t\t      \t\t\t      \t\t\t\t  <\/a>\n\t\t\t\t  \t\t\t    <\/li>\n\t\t\t    \t\t\t    <li class=\"partners__item\" data-aos=\"fade\" data-aos-delay=\"200\">\n\t\t\t      \t\t\t\t  <a title=\"http:\/\/Win%20In%20Turkey\">\n\t\t\t\t  \t\t\t      \t\t\t      <img decoding=\"async\" src=\"http:\/\/eliscapital.com\/wp-content\/uploads\/2024\/02\/Logo-PNG.png\" alt=\"http:\/\/Win%20In%20Turkey\" \/>\n\t\t\t      \t\t\t      \t\t\t\t  <\/a>\n\t\t\t\t  \t\t\t    <\/li>\n\t\t\t    \t\t\t    <li class=\"partners__item\" data-aos=\"fade\" data-aos-delay=\"400\">\n\t\t\t      \t\t\t\t  <a title=\"http:\/\/Win%20In%20Montenegro\">\n\t\t\t\t  \t\t\t      \t\t\t      <img decoding=\"async\" src=\"http:\/\/eliscapital.com\/wp-content\/uploads\/2024\/03\/elis-capital-win-in-montenegro-logo-.png\" alt=\"http:\/\/Win%20In%20Montenegro\" \/>\n\t\t\t      \t\t\t      \t\t\t\t  <\/a>\n\t\t\t\t  \t\t\t    <\/li>\n\t\t\t    \t\t\t    <li class=\"partners__item\" data-aos=\"fade\" data-aos-delay=\"600\">\n\t\t\t      \t\t\t\t  <a title=\"http:\/\/Mirnadom\">\n\t\t\t\t  \t\t\t      \t\t\t      <img decoding=\"async\" src=\"http:\/\/eliscapital.com\/wp-content\/uploads\/2024\/03\/elis-capital-mirnadom-logo-.png\" alt=\"http:\/\/Mirnadom\" \/>\n\t\t\t      \t\t\t      \t\t\t\t  <\/a>\n\t\t\t\t  \t\t\t    <\/li>\n\t\t\t    \t\t\t  <\/ul>\n\t\t\t  \t\t\t<\/div>\n\t\t<\/section>\n\n\t\t\t\t\t\t<\/div>\n\t\t\t\t<\/div>\n\t\t\t\t\t<\/div>\n\t\t<\/div>\n\t\t\t\t\t<\/div>\n\t\t<\/section>\n\t\t\t\t<\/div>\n\t\t","protected":false},"excerpt":{"rendered":"<p>Pravom strategijom podi\u017eemo Va\u0161e investicijena vi\u0161i nivo. Oko Elis Capital se isti\u010de kao zna\u010dajan igra\u010d na rastu\u0107em tr\u017ei\u0161tu nekretnina u Crnoj Gori. Specijalizovani smo za sve aspekte procesa nekretnina, od ure\u0111enja zemlj\u0161ta i projektovanja, osmi\u0161ljavanja i vo\u0111enja procesa marketinga i prodaje, upravljanja postprodajom i procesima isporuke, do profesionalnih usluga upravljanja&#8230; <\/p>\n<div class=\"readmore\"><a href=\"http:\/\/eliscapital.com\/sr\/hakkimizda\/\" class=\"btn-link\">Read more<\/a><\/div>\n","protected":false},"author":1,"featured_media":0,"parent":0,"menu_order":0,"comment_status":"closed","ping_status":"closed","template":"template-elementor-default.php","meta":{"_monsterinsights_skip_tracking":false,"_monsterinsights_sitenote_active":false,"_monsterinsights_sitenote_note":"","_monsterinsights_sitenote_category":0,"footnotes":""},"class_list":["post-4102","page","type-page","status-publish","hentry"],"acf":[],"aioseo_notices":[],"_links":{"self":[{"href":"http:\/\/eliscapital.com\/sr\/wp-json\/wp\/v2\/pages\/4102","targetHints":{"allow":["GET"]}}],"collection":[{"href":"http:\/\/eliscapital.com\/sr\/wp-json\/wp\/v2\/pages"}],"about":[{"href":"http:\/\/eliscapital.com\/sr\/wp-json\/wp\/v2\/types\/page"}],"author":[{"embeddable":true,"href":"http:\/\/eliscapital.com\/sr\/wp-json\/wp\/v2\/users\/1"}],"replies":[{"embeddable":true,"href":"http:\/\/eliscapital.com\/sr\/wp-json\/wp\/v2\/comments?post=4102"}],"version-history":[{"count":3,"href":"http:\/\/eliscapital.com\/sr\/wp-json\/wp\/v2\/pages\/4102\/revisions"}],"predecessor-version":[{"id":4240,"href":"http:\/\/eliscapital.com\/sr\/wp-json\/wp\/v2\/pages\/4102\/revisions\/4240"}],"wp:attachment":[{"href":"http:\/\/eliscapital.com\/sr\/wp-json\/wp\/v2\/media?parent=4102"}],"curies":[{"name":"wp","href":"https:\/\/api.w.org\/{rel}","templated":true}]}}