{"id":4055,"date":"2021-07-03T18:17:47","date_gmt":"2021-07-03T18:17:47","guid":{"rendered":"https:\/\/eliscapital.com\/blog-grid\/"},"modified":"2026-02-18T14:36:33","modified_gmt":"2026-02-18T14:36:33","slug":"novinarska-soba","status":"publish","type":"page","link":"http:\/\/eliscapital.com\/sr\/novinarska-soba\/","title":{"rendered":"Novinarska Soba"},"content":{"rendered":"\t\t<div data-elementor-type=\"wp-page\" data-elementor-id=\"4055\" class=\"elementor elementor-4055 elementor-487\">\n\t\t\t\t\t\t<section class=\"elementor-section elementor-top-section elementor-element elementor-element-a41e2b2 elementor-section-full_width elementor-section-height-default elementor-section-height-default\" data-id=\"a41e2b2\" data-element_type=\"section\" data-e-type=\"section\">\n\t\t\t\t\t\t<div class=\"elementor-container elementor-column-gap-no\">\n\t\t\t\t\t<div class=\"elementor-column elementor-col-100 elementor-top-column elementor-element elementor-element-97c067e\" data-id=\"97c067e\" data-element_type=\"column\" data-e-type=\"column\">\n\t\t\t<div class=\"elementor-widget-wrap elementor-element-populated\">\n\t\t\t\t\t\t<div class=\"elementor-element elementor-element-4f6d00e elementor-widget elementor-widget-larson-intro\" data-id=\"4f6d00e\" data-element_type=\"widget\" data-e-type=\"widget\" data-widget_type=\"larson-intro.default\">\n\t\t\t\t<div class=\"elementor-widget-container\">\n\t\t\t\t\t\n\t\t<article class=\"article\">\n\t        <header class=\"article__header\">\n\t          <div class=\"container\">\n\t            \t            <h1 class=\"article__heading heading heading--size-large\">\n\t            \t<span >\n\t\t\t\t\t\tNovinarska Soba\t\t\t\t\t<\/span>\n\t            <\/h1>\n\t            \t            \t          <\/div>\n\t        <\/header>\n\t        \t    <\/article>\n\n\t\t\t\t\t\t<\/div>\n\t\t\t\t<\/div>\n\t\t\t\t\t<\/div>\n\t\t<\/div>\n\t\t\t\t\t<\/div>\n\t\t<\/section>\n\t\t\t\t<section class=\"elementor-section elementor-top-section elementor-element elementor-element-a301033 elementor-section-full_width elementor-section-height-default elementor-section-height-default\" data-id=\"a301033\" data-element_type=\"section\" data-e-type=\"section\">\n\t\t\t\t\t\t<div class=\"elementor-container elementor-column-gap-no\">\n\t\t\t\t\t<div class=\"elementor-column elementor-col-100 elementor-top-column elementor-element elementor-element-82b94f1\" data-id=\"82b94f1\" data-element_type=\"column\" data-e-type=\"column\">\n\t\t\t<div class=\"elementor-widget-wrap elementor-element-populated\">\n\t\t\t\t\t\t<div class=\"elementor-element elementor-element-fe874a2 elementor-widget elementor-widget-larson-blog\" data-id=\"fe874a2\" data-element_type=\"widget\" data-e-type=\"widget\" data-widget_type=\"larson-blog.default\">\n\t\t\t\t<div class=\"elementor-widget-container\">\n\t\t\t\t\t\n\t\t\n\t\t<div class=\"article__main container\">\n                    <ul class=\"news-listing row __js_news-grid\">\n          \t<li class=\"grid-sizer\"><\/li>\n          \t\n\n<li id=\"post-3911\" class=\"news-listing__item news-listing__item--high col-12 col-md-6 col-xl-4 __js_masonry-item __js_projeler-sr  post-3911 post type-post status-publish format-standard has-post-thumbnail hentry category-projeler-sr\">\n  <div class=\"card card--small card--masonry card--news\">\n        <div class=\"card__image\">\n      <img decoding=\"async\" src=\"http:\/\/eliscapital.com\/wp-content\/uploads\/2024\/02\/elis-capital-verde-di-oliva-5.jpg\" alt=\"Priprema za isporuku: Verde Di Oliva\" \/>\n    <\/div>\n        <div class=\"card__content card__content--full\">\n      <div class=\"card__date\">7. \u043c\u0430\u0440\u0442 2024.<\/div>\n      <h3 class=\"card__heading\"><a href=\"http:\/\/eliscapital.com\/sr\/verde-di-oliva-teslime-hazirlaniyor\/\">Priprema za isporuku: Verde Di Oliva<\/a><\/h3>\n            <div class=\"card__text\"><p>&#13; Priprema za isporuku: Verde Di Oliva &#13; &#13; Ulazimo u uzbudljivu fazu na\u0161eg novog stambenog projekta, koji nudi moderan i udoban \u017eivot u veli\u010danstvenom prirodnom ambijentu Crne Gore. Smje\u0161ten u srcu grada, s impresivnim pogledom, na\u0161 projekat pru\u017ea \u0161irok spektar pogodnosti prilago\u0111enih Va\u0161em na\u010dinu \u017eivota. Kako ubrzano napredujemo kroz&#8230; <\/p>\n<div class=\"readmore\"><a href=\"http:\/\/eliscapital.com\/sr\/verde-di-oliva-teslime-hazirlaniyor\/\" class=\"btn-link\">Read more<\/a><\/div>\n<\/div>\n            <div class=\"card__bottom\">\n        <a class=\"card__link\" href=\"http:\/\/eliscapital.com\/sr\/verde-di-oliva-teslime-hazirlaniyor\/\">\n          Projeyi G\u00f6r          <svg width=\"20\" height=\"20\">\n            <use xlink:href=\"#chevron-right\"><\/use>\n          <\/svg>\n        <\/a>\n      <\/div>\n    <\/div>\n  <\/div>\n<\/li><!-- #post-3911 -->          <\/ul>\n\n                    <!-- pager -->\n\t\t  <div class=\"pager\">\n\t\t\t\t\t  <\/div>\n                  <\/div>\n\n\t\t\t\t\t\t<\/div>\n\t\t\t\t<\/div>\n\t\t\t\t\t<\/div>\n\t\t<\/div>\n\t\t\t\t\t<\/div>\n\t\t<\/section>\n\t\t\t\t<\/div>\n\t\t","protected":false},"excerpt":{"rendered":"<p>Novinarska Soba 07\/01\/2025 Verde Di Oliva Teslime Haz\u0131rlan\u0131yor Verde Di Oliva Teslime Haz\u0131rlan\u0131yor Karada\u011f&#8217;\u0131n muhte\u015fem do\u011fas\u0131yla \u00e7evrili, modern ve konforlu bir ya\u015fam sunan yeni konut projemiz i\u00e7in heyecan verici bir a\u015famaya ge\u00e7iyoruz. \u015eehrin kalbinde yer alan ve nefes kesen manzaralar sunan projemiz, ya\u015fam tarz\u0131n\u0131za uygun geni\u015f se\u00e7enekler sunuyor. Teslim \u00f6ncesi&#8230; <\/p>\n<div class=\"readmore\"><a href=\"http:\/\/eliscapital.com\/sr\/verde-di-oliva-teslime-hazirlaniyor\/\" class=\"btn-link\">Read more<\/a><\/div>\n","protected":false},"author":1,"featured_media":0,"parent":0,"menu_order":0,"comment_status":"closed","ping_status":"closed","template":"template-elementor-default.php","meta":{"_monsterinsights_skip_tracking":false,"_monsterinsights_sitenote_active":false,"_monsterinsights_sitenote_note":"","_monsterinsights_sitenote_category":0,"footnotes":""},"class_list":["post-4055","page","type-page","status-publish","hentry"],"acf":[],"aioseo_notices":[],"_links":{"self":[{"href":"http:\/\/eliscapital.com\/sr\/wp-json\/wp\/v2\/pages\/4055","targetHints":{"allow":["GET"]}}],"collection":[{"href":"http:\/\/eliscapital.com\/sr\/wp-json\/wp\/v2\/pages"}],"about":[{"href":"http:\/\/eliscapital.com\/sr\/wp-json\/wp\/v2\/types\/page"}],"author":[{"embeddable":true,"href":"http:\/\/eliscapital.com\/sr\/wp-json\/wp\/v2\/users\/1"}],"replies":[{"embeddable":true,"href":"http:\/\/eliscapital.com\/sr\/wp-json\/wp\/v2\/comments?post=4055"}],"version-history":[{"count":6,"href":"http:\/\/eliscapital.com\/sr\/wp-json\/wp\/v2\/pages\/4055\/revisions"}],"predecessor-version":[{"id":5086,"href":"http:\/\/eliscapital.com\/sr\/wp-json\/wp\/v2\/pages\/4055\/revisions\/5086"}],"wp:attachment":[{"href":"http:\/\/eliscapital.com\/sr\/wp-json\/wp\/v2\/media?parent=4055"}],"curies":[{"name":"wp","href":"https:\/\/api.w.org\/{rel}","templated":true}]}}