{"id":3968,"date":"2024-01-19T08:55:01","date_gmt":"2024-01-19T08:55:01","guid":{"rendered":"https:\/\/eliscapital.com\/hukuki-danismanlik\/"},"modified":"2024-08-02T09:36:18","modified_gmt":"2024-08-02T09:36:18","slug":"pravno-savjetovanje","status":"publish","type":"page","link":"http:\/\/eliscapital.com\/sr\/pravno-savjetovanje\/","title":{"rendered":"Pravno Savjetovanje"},"content":{"rendered":"\t\t<div data-elementor-type=\"wp-page\" data-elementor-id=\"3968\" class=\"elementor elementor-3968 elementor-1723\">\n\t\t\t\t\t\t<section class=\"elementor-section elementor-top-section elementor-element elementor-element-24f918b elementor-section-full_width elementor-section-height-default elementor-section-height-default\" data-id=\"24f918b\" data-element_type=\"section\" data-e-type=\"section\">\n\t\t\t\t\t\t<div class=\"elementor-container elementor-column-gap-no\">\n\t\t\t\t\t<div class=\"elementor-column elementor-col-100 elementor-top-column elementor-element elementor-element-0e69fe4\" data-id=\"0e69fe4\" data-element_type=\"column\" data-e-type=\"column\">\n\t\t\t<div class=\"elementor-widget-wrap\">\n\t\t\t\t\t\t\t<\/div>\n\t\t<\/div>\n\t\t\t\t\t<\/div>\n\t\t<\/section>\n\t\t\t\t<section class=\"elementor-section elementor-top-section elementor-element elementor-element-3170334 elementor-section-full_width elementor-section-height-default elementor-section-height-default\" data-id=\"3170334\" data-element_type=\"section\" data-e-type=\"section\">\n\t\t\t\t\t\t<div class=\"elementor-container elementor-column-gap-no\">\n\t\t\t\t\t<div class=\"elementor-column elementor-col-100 elementor-top-column elementor-element elementor-element-03eea96\" data-id=\"03eea96\" data-element_type=\"column\" data-e-type=\"column\">\n\t\t\t<div class=\"elementor-widget-wrap elementor-element-populated\">\n\t\t\t\t\t\t<div class=\"elementor-element elementor-element-5501ffd elementor-widget elementor-widget-larson-services-list\" data-id=\"5501ffd\" data-element_type=\"widget\" data-e-type=\"widget\" data-widget_type=\"larson-services-list.default\">\n\t\t\t\t<div class=\"elementor-widget-container\">\n\t\t\t\t\t\n\t\t<div class=\"article__main container\">\n                    <section class=\"services-list\">\n          \t            <div class=\"services-list__item service-card\" data-aos=\"fade\">\n              <div class=\"service-card__inner\">\n                <div class=\"service-card__left\">\n                                    <div class=\"service-card__text\">\n                  \t<div >\n\t\t\t\t\t\t<p>Obezbje\u0111ujemo profesionalno zastupanje na\u0161ih investitora u Crnoj Gori, daju\u0107i im podatke i smjernice o zakonskim promjenama u ovom podru\u010dju.<\/p>\n\t\t\t\t\t<\/div>\n                  <\/div>\n                  \t\t\t\t                    <div class=\"num\">\n                  \t<span >\n\t\t\t\t\t\t01\t\t\t\t\t<\/span>\n                  <\/div>\n                                  <\/div>\n                <div class=\"service-card__right\">\n                                    <img decoding=\"async\" src=\"http:\/\/eliscapital.com\/wp-content\/uploads\/2024\/01\/elis-capital-hukuki-temsil.jpg\" alt=\"\" \/>\n                                    <div class=\"service-card__detail\">\n                                                            <h2 class=\"service-card__heading\">\n                    \t<span >\n\t\t\t\t\t\t\tPravno<br>Zastupanje\t\t\t\t\t\t<\/span>\n                    <\/h2>\n                                                          <\/div>\n                <\/div>\n              <\/div>\n            <\/div>\n                        <div class=\"services-list__item service-card service-card--reverse\" data-aos=\"fade\">\n              <div class=\"service-card__inner\">\n                <div class=\"service-card__left\">\n                                    <div class=\"service-card__text\">\n                  \t<div >\n\t\t\t\t\t\t<p>Svojim investitorima pru\u017eamo pouzdanu i sveobuhvatnu podr\u0161ku tokom procesa osnivanja preduze\u0107a, s timom koji dobro poznaje lokalne pravne propise.<\/p>\n\t\t\t\t\t<\/div>\n                  <\/div>\n                  \t\t\t\t                    <div class=\"num\">\n                  \t<span >\n\t\t\t\t\t\t02\t\t\t\t\t<\/span>\n                  <\/div>\n                                  <\/div>\n                <div class=\"service-card__right\">\n                                    <img decoding=\"async\" src=\"http:\/\/eliscapital.com\/wp-content\/uploads\/2024\/01\/elis-capital-firma-kurulusu.jpg\" alt=\"\" \/>\n                                    <div class=\"service-card__detail\">\n                                                            <h2 class=\"service-card__heading\">\n                    \t<span >\n\t\t\t\t\t\t\tOsnivanje<br>Preduze\u0107a\t\t\t\t\t\t<\/span>\n                    <\/h2>\n                                                          <\/div>\n                <\/div>\n              <\/div>\n            <\/div>\n                      <\/section>\n                  <\/div>\n\n\t\t\t\t\t\t<\/div>\n\t\t\t\t<\/div>\n\t\t\t\t\t<\/div>\n\t\t<\/div>\n\t\t\t\t\t<\/div>\n\t\t<\/section>\n\t\t\t\t<\/div>\n\t\t","protected":false},"excerpt":{"rendered":"<p>Obezbje\u0111ujemo profesionalno zastupanje na\u0161ih investitora u Crnoj Gori, daju\u0107i im podatke i smjernice o zakonskim promjenama u ovom podru\u010dju. 01 PravnoZastupanje Svojim investitorima pru\u017eamo pouzdanu i sveobuhvatnu podr\u0161ku tokom procesa osnivanja preduze\u0107a, s timom koji dobro poznaje lokalne pravne propise. 02 OsnivanjePreduze\u0107a<\/p>\n","protected":false},"author":1,"featured_media":0,"parent":0,"menu_order":0,"comment_status":"closed","ping_status":"closed","template":"template-elementor-default.php","meta":{"_monsterinsights_skip_tracking":false,"_monsterinsights_sitenote_active":false,"_monsterinsights_sitenote_note":"","_monsterinsights_sitenote_category":0,"footnotes":""},"class_list":["post-3968","page","type-page","status-publish","hentry"],"acf":[],"aioseo_notices":[],"_links":{"self":[{"href":"http:\/\/eliscapital.com\/sr\/wp-json\/wp\/v2\/pages\/3968","targetHints":{"allow":["GET"]}}],"collection":[{"href":"http:\/\/eliscapital.com\/sr\/wp-json\/wp\/v2\/pages"}],"about":[{"href":"http:\/\/eliscapital.com\/sr\/wp-json\/wp\/v2\/types\/page"}],"author":[{"embeddable":true,"href":"http:\/\/eliscapital.com\/sr\/wp-json\/wp\/v2\/users\/1"}],"replies":[{"embeddable":true,"href":"http:\/\/eliscapital.com\/sr\/wp-json\/wp\/v2\/comments?post=3968"}],"version-history":[{"count":3,"href":"http:\/\/eliscapital.com\/sr\/wp-json\/wp\/v2\/pages\/3968\/revisions"}],"predecessor-version":[{"id":4234,"href":"http:\/\/eliscapital.com\/sr\/wp-json\/wp\/v2\/pages\/3968\/revisions\/4234"}],"wp:attachment":[{"href":"http:\/\/eliscapital.com\/sr\/wp-json\/wp\/v2\/media?parent=3968"}],"curies":[{"name":"wp","href":"https:\/\/api.w.org\/{rel}","templated":true}]}}