{"id":3906,"date":"2024-01-30T08:54:35","date_gmt":"2024-01-30T08:54:35","guid":{"rendered":"https:\/\/eliscapital.com\/tatil\/"},"modified":"2024-07-25T09:17:34","modified_gmt":"2024-07-25T09:17:34","slug":"tatil","status":"publish","type":"page","link":"http:\/\/eliscapital.com\/sr\/tatil\/","title":{"rendered":"Odmor"},"content":{"rendered":"\t\t<div data-elementor-type=\"wp-page\" data-elementor-id=\"3906\" class=\"elementor elementor-3906 elementor-1960\">\n\t\t\t\t\t\t<section class=\"elementor-section elementor-top-section elementor-element elementor-element-24f918b elementor-section-full_width elementor-section-height-default elementor-section-height-default\" data-id=\"24f918b\" data-element_type=\"section\" data-e-type=\"section\">\n\t\t\t\t\t\t<div class=\"elementor-container elementor-column-gap-no\">\n\t\t\t\t\t<div class=\"elementor-column elementor-col-100 elementor-top-column elementor-element elementor-element-c77494c\" data-id=\"c77494c\" data-element_type=\"column\" data-e-type=\"column\">\n\t\t\t<div class=\"elementor-widget-wrap elementor-element-populated\">\n\t\t\t\t\t\t<div class=\"elementor-element elementor-element-794f13e elementor-widget elementor-widget-larson-intro\" data-id=\"794f13e\" data-element_type=\"widget\" data-e-type=\"widget\" data-widget_type=\"larson-intro.default\">\n\t\t\t\t<div class=\"elementor-widget-container\">\n\t\t\t\t\t\n\t\t<article class=\"article\">\n\t        <header class=\"article__header\">\n\t          <div class=\"container\">\n\t            \t            \t          <\/div>\n\t        <\/header>\n\t        \t        <div class=\"article__single-service-image container\">\n\t          <img decoding=\"async\" src=\"http:\/\/eliscapital.com\/wp-content\/uploads\/2024\/03\/elis-capital-karadag-tatil--1920x1076.jpg\" alt=\"\" \/>\n\t        <\/div>\n\t        \t    <\/article>\n\n\t\t\t\t\t\t<\/div>\n\t\t\t\t<\/div>\n\t\t\t\t\t<\/div>\n\t\t<\/div>\n\t\t\t\t\t<\/div>\n\t\t<\/section>\n\t\t\t\t<section class=\"elementor-section elementor-top-section elementor-element elementor-element-e61b6a8 elementor-section-full_width elementor-section-height-default elementor-section-height-default\" data-id=\"e61b6a8\" data-element_type=\"section\" data-e-type=\"section\">\n\t\t\t\t\t\t<div class=\"elementor-container elementor-column-gap-no\">\n\t\t\t\t\t<div class=\"elementor-column elementor-col-100 elementor-top-column elementor-element elementor-element-957378c\" data-id=\"957378c\" data-element_type=\"column\" data-e-type=\"column\">\n\t\t\t<div class=\"elementor-widget-wrap elementor-element-populated\">\n\t\t\t\t\t\t<div class=\"elementor-element elementor-element-25b14ea elementor-widget elementor-widget-larson-service-description\" data-id=\"25b14ea\" data-element_type=\"widget\" data-e-type=\"widget\" data-widget_type=\"larson-service-description.default\">\n\t\t\t\t<div class=\"elementor-widget-container\">\n\t\t\t\t\t\n\t\t\t\t<div class=\"article__main article__main--width-small container\">\n          <div class=\"single-service-block\">\n          \t<div >\n\t\t\t\t<p style=\"text-align: justify\"><strong>Va\u0161e Uto\u010di\u0161te Kojem \u0106ete uvijek \u017deljeti da se Vratite<\/strong><\/p>\n<p style=\"text-align: justify\">Crna Gora, sa svojim veli\u010danstvenim prirodnim ljepotama, istorijskim bogatstvom i toplom atmosferom, predstavlja idealnu destinaciju za odmor. Ova prelijepa balkanska zemlja, sa \u010distim vodama Jadranskog mora i rasko\u0161nim pejza\u017eom sa krunom od planinskih vrhova, nudi mogu\u0107nosti za u\u017eivanje u odmoru:   <\/p>\n<p style=\"text-align: justify\">Jadranska obala: Obala Crne Gore poznata je po svojim dugim pla\u017eama, \u017eivopisnim uvalama i istorijskim gradovima. Gradovi kao \u0161to su Budva, Kotor i Herceg Novi su atraktivne destinacije za ljubitelje istorije i prirode. Bokokotorski zaliv, jedno od glavnih mjesta u dr\u017eavi, odu\u0161evljava veli\u010danstvenim pogledima na planine i svojom istorijskom arhitekturom. <\/p>\n<p style=\"text-align: justify\">Parkovi prirode i planine: Nacionalni park Durmitor, smje\u0161ten u serdi\u0161njem dijelu Crne Gore, posjetiocima nudi planinske pejza\u017ee, ledni\u010dka jezera i zadivljuju\u0107e doline. Prirodne ljepote poput kanjona rijeke Tare tako\u0111e su samo neka od fantasti\u010dnih mjesta za istra\u017eivanje tokom odmora. <\/p>\n<p style=\"text-align: justify\">Mogu\u0107nosti za aktivni odmor: Crna Gora je odli\u010dno okru\u017eenje za aktivnosti na otvorenom. Aktivnosti poput planinarenja, pje\u0161a\u010denja, biciklizma i vodenih sportova nude divne prilike za odmor na kom mo\u017eete obnoviti svoju energiju i povezati se s prirodom. <\/p>\n<p style=\"text-align: justify\">Istorijsko i kulturno bogatstvo: Crna Gora je kroz istoriju bila pod uticajem razli\u010ditih civilizacija. Stari gradovi su savr\u0161ena mjesta za otkrivanje bedema tvr\u0111ava, anti\u010dkih objekata i tradicionalnih arhitektonskih karakteristika. <\/p>\n<p style=\"text-align: justify\">Lokalni specijaliteti: Crnogorska kuhinja predstavlja kombinaciju balkanskih i mediteranskih ukusa. Morski plodovi, svje\u017ee povr\u0107e i lokalna vina privla\u010de turiste. Isprobavanje lokalnih specijaliteta u tradicionalnim kafi\u0107ima ili restoranima pru\u017ea posebno gastronomsko iskustvo.<\/p>\n\t\t\t<\/div>\n\t\t  <\/div>\n\t\t<\/div>\n\t\t\n\t\t\t\t\t\t<\/div>\n\t\t\t\t<\/div>\n\t\t\t\t\t<\/div>\n\t\t<\/div>\n\t\t\t\t\t<\/div>\n\t\t<\/section>\n\t\t\t\t<\/div>\n\t\t","protected":false},"excerpt":{"rendered":"<p>Va\u0161e Uto\u010di\u0161te Kojem \u0106ete uvijek \u017deljeti da se Vratite Crna Gora, sa svojim veli\u010danstvenim prirodnim ljepotama, istorijskim bogatstvom i toplom atmosferom, predstavlja idealnu destinaciju za odmor. Ova prelijepa balkanska zemlja, sa \u010distim vodama Jadranskog mora i rasko\u0161nim pejza\u017eom sa krunom od planinskih vrhova, nudi mogu\u0107nosti za u\u017eivanje u odmoru: Jadranska&#8230; <\/p>\n<div class=\"readmore\"><a href=\"http:\/\/eliscapital.com\/sr\/tatil\/\" class=\"btn-link\">Read more<\/a><\/div>\n","protected":false},"author":1,"featured_media":0,"parent":0,"menu_order":0,"comment_status":"closed","ping_status":"closed","template":"template-elementor-default.php","meta":{"_monsterinsights_skip_tracking":false,"_monsterinsights_sitenote_active":false,"_monsterinsights_sitenote_note":"","_monsterinsights_sitenote_category":0,"footnotes":""},"class_list":["post-3906","page","type-page","status-publish","hentry"],"acf":[],"aioseo_notices":[],"_links":{"self":[{"href":"http:\/\/eliscapital.com\/sr\/wp-json\/wp\/v2\/pages\/3906","targetHints":{"allow":["GET"]}}],"collection":[{"href":"http:\/\/eliscapital.com\/sr\/wp-json\/wp\/v2\/pages"}],"about":[{"href":"http:\/\/eliscapital.com\/sr\/wp-json\/wp\/v2\/types\/page"}],"author":[{"embeddable":true,"href":"http:\/\/eliscapital.com\/sr\/wp-json\/wp\/v2\/users\/1"}],"replies":[{"embeddable":true,"href":"http:\/\/eliscapital.com\/sr\/wp-json\/wp\/v2\/comments?post=3906"}],"version-history":[{"count":2,"href":"http:\/\/eliscapital.com\/sr\/wp-json\/wp\/v2\/pages\/3906\/revisions"}],"predecessor-version":[{"id":4209,"href":"http:\/\/eliscapital.com\/sr\/wp-json\/wp\/v2\/pages\/3906\/revisions\/4209"}],"wp:attachment":[{"href":"http:\/\/eliscapital.com\/sr\/wp-json\/wp\/v2\/media?parent=3906"}],"curies":[{"name":"wp","href":"https:\/\/api.w.org\/{rel}","templated":true}]}}