{"id":3901,"date":"2024-01-30T08:53:58","date_gmt":"2024-01-30T08:53:58","guid":{"rendered":"https:\/\/eliscapital.com\/yasam\/"},"modified":"2024-07-25T10:28:10","modified_gmt":"2024-07-25T10:28:10","slug":"yasam","status":"publish","type":"page","link":"http:\/\/eliscapital.com\/sr\/yasam\/","title":{"rendered":"\u017divot"},"content":{"rendered":"\t\t<div data-elementor-type=\"wp-page\" data-elementor-id=\"3901\" class=\"elementor elementor-3901 elementor-1957\">\n\t\t\t\t\t\t<section class=\"elementor-section elementor-top-section elementor-element elementor-element-24f918b elementor-section-full_width elementor-section-height-default elementor-section-height-default\" data-id=\"24f918b\" data-element_type=\"section\" data-e-type=\"section\">\n\t\t\t\t\t\t<div class=\"elementor-container elementor-column-gap-no\">\n\t\t\t\t\t<div class=\"elementor-column elementor-col-100 elementor-top-column elementor-element elementor-element-c77494c\" data-id=\"c77494c\" data-element_type=\"column\" data-e-type=\"column\">\n\t\t\t<div class=\"elementor-widget-wrap elementor-element-populated\">\n\t\t\t\t\t\t<div class=\"elementor-element elementor-element-794f13e elementor-widget elementor-widget-larson-intro\" data-id=\"794f13e\" data-element_type=\"widget\" data-e-type=\"widget\" data-widget_type=\"larson-intro.default\">\n\t\t\t\t<div class=\"elementor-widget-container\">\n\t\t\t\t\t\n\t\t<article class=\"article\">\n\t        <header class=\"article__header\">\n\t          <div class=\"container\">\n\t            \t            \t          <\/div>\n\t        <\/header>\n\t        \t        <div class=\"article__single-service-image container\">\n\t          <img decoding=\"async\" src=\"http:\/\/eliscapital.com\/wp-content\/uploads\/2024\/02\/elis-capital-karadag-yasam-1920x1076.jpg\" alt=\"\" \/>\n\t        <\/div>\n\t        \t    <\/article>\n\n\t\t\t\t\t\t<\/div>\n\t\t\t\t<\/div>\n\t\t\t\t\t<\/div>\n\t\t<\/div>\n\t\t\t\t\t<\/div>\n\t\t<\/section>\n\t\t\t\t<section class=\"elementor-section elementor-top-section elementor-element elementor-element-e61b6a8 elementor-section-full_width elementor-section-height-default elementor-section-height-default\" data-id=\"e61b6a8\" data-element_type=\"section\" data-e-type=\"section\">\n\t\t\t\t\t\t<div class=\"elementor-container elementor-column-gap-no\">\n\t\t\t\t\t<div class=\"elementor-column elementor-col-100 elementor-top-column elementor-element elementor-element-957378c\" data-id=\"957378c\" data-element_type=\"column\" data-e-type=\"column\">\n\t\t\t<div class=\"elementor-widget-wrap elementor-element-populated\">\n\t\t\t\t\t\t<div class=\"elementor-element elementor-element-25b14ea elementor-widget elementor-widget-larson-service-description\" data-id=\"25b14ea\" data-element_type=\"widget\" data-e-type=\"widget\" data-widget_type=\"larson-service-description.default\">\n\t\t\t\t<div class=\"elementor-widget-container\">\n\t\t\t\t\t\n\t\t\t\t<div class=\"article__main article__main--width-small container\">\n          <div class=\"single-service-block\">\n          \t<div >\n\t\t\t\t<p><strong>Adresa za Sre\u0107an \u017divot Daleko od Stresa<\/strong><\/p>\n<p style=\"text-align: justify\">Crna Gora je dr\u017eava u jugoisto\u010dnoj Evropi i le\u017ei na obali Jadranskog mora. Klima zemlje je uglavnom kontinentalna. Zime su hladne i snje\u017ene, a ljeta topla i suva. Zbog uticaja mora, klima na primorju je bla\u017ea. Unutra\u0161njost Crne Gore karakteri\u0161u planinski tereni gdje debljina snije\u017enog pokriva\u010da mo\u017ee zna\u010dajno porasti tokom zime.    <\/p>\n<p style=\"text-align: justify\">Crna Gora je poznata po svojim prirodnim ljepotama. Obalni pojas du\u017e Jadranskog mora, sa svojom \u010distom morskom vodom, malim uvalama i istorijskim gradovima, posebno je vrijedan pomena, a naro\u010dito Bokokotorski zaliv, koji je na UNESCO-voj listi svjetske ba\u0161tine i koji o\u010darava posjetioce svojom impresivnom panoramom. Pored toga, Nacionalni park Durmitor poznat je po svojim planinskim pejza\u017eima, jezerima i prirodnim bogatstvima. Rijeke, doline i \u0161ume u unutra\u0161njosti zemlje tako\u0111e posjeduju ljepotu vrijednu istra\u017eivanja.   <\/p>\n<p style=\"text-align: justify\">Crnogorci su generalno gostoljubivi i topli ljudi. Tradicionalno, njihov na\u010din \u017eivota je zasnovan na djelatnostima kao \u0161to su poljoprivreda, sto\u010darstvo i ribarstvo. Me\u0111utim, s razvojem turizma, turisti\u010dki sektor je tako\u0111e postao zna\u010dajan ekonomski faktor. Istorijski uticaj razli\u010ditih kultura doprinio je bogatoj kulturnoj ba\u0161tini Crnogoraca.<\/p>\n<p style=\"text-align: justify\">\u017divot u Crnoj Gori podrazumijeva sinergiju s prirodnim ljepotama i kulturnom raznoliko\u0161\u0107u. Promjena godi\u0161njih doba, a naro\u010dito jedinstveno iskustvo tokom zimskih mjeseci odgovorno za promjenu krajolika, istorijskih bogatstava i tradicionalnog na\u010dina \u017eivota, \u010desto omogu\u0107ava da zemlju sagledate u drugom svjetlu.<\/p>\n\t\t\t<\/div>\n\t\t  <\/div>\n\t\t<\/div>\n\t\t\n\t\t\t\t\t\t<\/div>\n\t\t\t\t<\/div>\n\t\t\t\t\t<\/div>\n\t\t<\/div>\n\t\t\t\t\t<\/div>\n\t\t<\/section>\n\t\t\t\t<\/div>\n\t\t","protected":false},"excerpt":{"rendered":"<p>Adresa za Sre\u0107an \u017divot Daleko od Stresa Crna Gora je dr\u017eava u jugoisto\u010dnoj Evropi i le\u017ei na obali Jadranskog mora. Klima zemlje je uglavnom kontinentalna. Zime su hladne i snje\u017ene, a ljeta topla i suva. Zbog uticaja mora, klima na primorju je bla\u017ea. Unutra\u0161njost Crne Gore karakteri\u0161u planinski tereni gdje&#8230; <\/p>\n<div class=\"readmore\"><a href=\"http:\/\/eliscapital.com\/sr\/yasam\/\" class=\"btn-link\">Read more<\/a><\/div>\n","protected":false},"author":1,"featured_media":0,"parent":0,"menu_order":0,"comment_status":"closed","ping_status":"closed","template":"template-elementor-default.php","meta":{"_monsterinsights_skip_tracking":false,"_monsterinsights_sitenote_active":false,"_monsterinsights_sitenote_note":"","_monsterinsights_sitenote_category":0,"footnotes":""},"class_list":["post-3901","page","type-page","status-publish","hentry"],"acf":[],"aioseo_notices":[],"_links":{"self":[{"href":"http:\/\/eliscapital.com\/sr\/wp-json\/wp\/v2\/pages\/3901","targetHints":{"allow":["GET"]}}],"collection":[{"href":"http:\/\/eliscapital.com\/sr\/wp-json\/wp\/v2\/pages"}],"about":[{"href":"http:\/\/eliscapital.com\/sr\/wp-json\/wp\/v2\/types\/page"}],"author":[{"embeddable":true,"href":"http:\/\/eliscapital.com\/sr\/wp-json\/wp\/v2\/users\/1"}],"replies":[{"embeddable":true,"href":"http:\/\/eliscapital.com\/sr\/wp-json\/wp\/v2\/comments?post=3901"}],"version-history":[{"count":2,"href":"http:\/\/eliscapital.com\/sr\/wp-json\/wp\/v2\/pages\/3901\/revisions"}],"predecessor-version":[{"id":4211,"href":"http:\/\/eliscapital.com\/sr\/wp-json\/wp\/v2\/pages\/3901\/revisions\/4211"}],"wp:attachment":[{"href":"http:\/\/eliscapital.com\/sr\/wp-json\/wp\/v2\/media?parent=3901"}],"curies":[{"name":"wp","href":"https:\/\/api.w.org\/{rel}","templated":true}]}}