{"id":3892,"date":"2024-01-30T08:53:31","date_gmt":"2024-01-30T08:53:31","guid":{"rendered":"https:\/\/eliscapital.com\/ekonomi\/"},"modified":"2026-02-18T13:37:11","modified_gmt":"2026-02-18T13:37:11","slug":"ekonomi","status":"publish","type":"page","link":"http:\/\/eliscapital.com\/sr\/ekonomi\/","title":{"rendered":"Ekonomija"},"content":{"rendered":"\t\t<div data-elementor-type=\"wp-page\" data-elementor-id=\"3892\" class=\"elementor elementor-3892 elementor-1956\">\n\t\t\t\t\t\t<section class=\"elementor-section elementor-top-section elementor-element elementor-element-24f918b elementor-section-full_width elementor-section-height-default elementor-section-height-default\" data-id=\"24f918b\" data-element_type=\"section\" data-e-type=\"section\">\n\t\t\t\t\t\t<div class=\"elementor-container elementor-column-gap-no\">\n\t\t\t\t\t<div class=\"elementor-column elementor-col-100 elementor-top-column elementor-element elementor-element-c77494c\" data-id=\"c77494c\" data-element_type=\"column\" data-e-type=\"column\">\n\t\t\t<div class=\"elementor-widget-wrap elementor-element-populated\">\n\t\t\t\t\t\t<div class=\"elementor-element elementor-element-794f13e elementor-widget elementor-widget-larson-intro\" data-id=\"794f13e\" data-element_type=\"widget\" data-e-type=\"widget\" data-widget_type=\"larson-intro.default\">\n\t\t\t\t<div class=\"elementor-widget-container\">\n\t\t\t\t\t\n\t\t<article class=\"article\">\n\t        <header class=\"article__header\">\n\t          <div class=\"container\">\n\t            \t            \t          <\/div>\n\t        <\/header>\n\t        \t        <div class=\"article__single-service-image container\">\n\t          <img decoding=\"async\" src=\"http:\/\/eliscapital.com\/wp-content\/uploads\/2024\/02\/elis-capital-karadag-ekonomi-1920x1076.jpg\" alt=\"\" \/>\n\t        <\/div>\n\t        \t    <\/article>\n\n\t\t\t\t\t\t<\/div>\n\t\t\t\t<\/div>\n\t\t\t\t\t<\/div>\n\t\t<\/div>\n\t\t\t\t\t<\/div>\n\t\t<\/section>\n\t\t\t\t<section class=\"elementor-section elementor-top-section elementor-element elementor-element-e61b6a8 elementor-section-full_width elementor-section-height-default elementor-section-height-default\" data-id=\"e61b6a8\" data-element_type=\"section\" data-e-type=\"section\">\n\t\t\t\t\t\t<div class=\"elementor-container elementor-column-gap-no\">\n\t\t\t\t\t<div class=\"elementor-column elementor-col-100 elementor-top-column elementor-element elementor-element-957378c\" data-id=\"957378c\" data-element_type=\"column\" data-e-type=\"column\">\n\t\t\t<div class=\"elementor-widget-wrap elementor-element-populated\">\n\t\t\t\t\t\t<div class=\"elementor-element elementor-element-25b14ea elementor-widget elementor-widget-larson-service-description\" data-id=\"25b14ea\" data-element_type=\"widget\" data-e-type=\"widget\" data-widget_type=\"larson-service-description.default\">\n\t\t\t\t<div class=\"elementor-widget-container\">\n\t\t\t\t\t\n\t\t\t\t<div class=\"article__main article__main--width-small container\">\n          <div class=\"single-service-block\">\n          \t<div >\n\t\t\t\t<p><strong>Veliki Potencijal Male Zemlje<\/strong><\/p><p style=\"text-align: justify\">Uprkos tome \u0161to je mala zemlja na obali Jadranskog mora, Crna Gora privla\u010di pa\u017enju ne samo svojom izuzetnom prirodnom ljepotom i istorijskim bogatstvom ve\u0107 i svojim ekonomskim potencijalom.<\/p><p style=\"text-align: justify\">Turisti\u010dki sektor: Turisti\u010dki sektor je lokomotiva crnogorske privrede. Turiste privla\u010de prirodne ljepote zemlje, istorijsko bogatstvo i \u010diste pla\u017ee. Turizam \u010dini zna\u010dajan dio bruto doma\u0107eg proizvoda Crne Gore i generi\u0161e nova radna mjesta.   <\/p><p style=\"text-align: justify\">Poljoprivredni i prehrambeni sektor: Planinska i ruralna podru\u010dja Crne Gore pru\u017eaju zemlji\u0161te pogodno za poljoprivrednu djelatnost. Zemlja je poznata po poljoprivrednim proizvodima kao \u0161to su maslinovo ulje, vino i sir. Prehrambeni sektor igra va\u017enu ulogu kako na doma\u0107em tr\u017ei\u0161tu tako i u spoljnoj trgovini.   <\/p><p style=\"text-align: justify\">Energetski i infrastrukturni projekti: Crna Gora privla\u010di pa\u017enju ulaganjima u energetski sektor. Zemlja ima cilj da pove\u0107a svoju energetsku nezavisnost fokusiraju\u0107i se na proizvodnju energije iz obnovljivih izvora kao \u0161to su hidroenergija i energija vjetra. Tako\u0111e, ula\u017eu se napori u razvoj saobra\u0107ajnih i komunikacionih mre\u017ea kroz infrastrukturne projekte.  <\/p><p style=\"text-align: justify\">Politika privla\u010denja investicija: Crna Gora je primijenila razli\u010dite politike za privla\u010denje stranih investitora i unapre\u0111enje poslovnog ambijenta. Poreske olak\u0161ice, niski operativni tro\u0161kovi i strate\u0161ka lokacija \u010dine zemlju atraktivnom za investitore.  <\/p><p style=\"text-align: justify\">Odnosi s Evropskom Unijom (EU): Crna Gora preduzima zna\u010dajne korake u procesu pridru\u017eivanja EU. Sporazumi s EU i proces prijema u \u010dlanstvo zna\u010dajno doprinose pove\u0107anju ekonomske i politi\u010dke stabilnosti.  <\/p><p style=\"text-align: justify\">Crna Gora, koja ima malu, ali dinami\u010dnu ekonomiju, te\u017ei odr\u017eivom razvoju kroz o\u010duvanje svoje prirodne ljepote i istorijskog bogatstva. Kroz turizam, poljoprivredu, energetiku i politike privla\u010denja investicija, Crna Gora svakim danom pove\u0107ava svoj ekonomski potencijal. <\/p>\t\t\t<\/div>\n\t\t  <\/div>\n\t\t<\/div>\n\t\t\n\t\t\t\t\t\t<\/div>\n\t\t\t\t<\/div>\n\t\t\t\t\t<\/div>\n\t\t<\/div>\n\t\t\t\t\t<\/div>\n\t\t<\/section>\n\t\t\t\t<\/div>\n\t\t","protected":false},"excerpt":{"rendered":"<p>Veliki Potencijal Male Zemlje Uprkos tome \u0161to je mala zemlja na obali Jadranskog mora, Crna Gora privla\u010di pa\u017enju ne samo svojom izuzetnom prirodnom ljepotom i istorijskim bogatstvom ve\u0107 i svojim ekonomskim potencijalom. Turisti\u010dki sektor: Turisti\u010dki sektor je lokomotiva crnogorske privrede. Turiste privla\u010de prirodne ljepote zemlje, istorijsko bogatstvo i \u010diste pla\u017ee&#8230;. <\/p>\n<div class=\"readmore\"><a href=\"http:\/\/eliscapital.com\/sr\/ekonomi\/\" class=\"btn-link\">Read more<\/a><\/div>\n","protected":false},"author":1,"featured_media":0,"parent":0,"menu_order":0,"comment_status":"closed","ping_status":"closed","template":"template-elementor-default.php","meta":{"_monsterinsights_skip_tracking":false,"_monsterinsights_sitenote_active":false,"_monsterinsights_sitenote_note":"","_monsterinsights_sitenote_category":0,"footnotes":""},"class_list":["post-3892","page","type-page","status-publish","hentry"],"acf":[],"aioseo_notices":[],"_links":{"self":[{"href":"http:\/\/eliscapital.com\/sr\/wp-json\/wp\/v2\/pages\/3892","targetHints":{"allow":["GET"]}}],"collection":[{"href":"http:\/\/eliscapital.com\/sr\/wp-json\/wp\/v2\/pages"}],"about":[{"href":"http:\/\/eliscapital.com\/sr\/wp-json\/wp\/v2\/types\/page"}],"author":[{"embeddable":true,"href":"http:\/\/eliscapital.com\/sr\/wp-json\/wp\/v2\/users\/1"}],"replies":[{"embeddable":true,"href":"http:\/\/eliscapital.com\/sr\/wp-json\/wp\/v2\/comments?post=3892"}],"version-history":[{"count":5,"href":"http:\/\/eliscapital.com\/sr\/wp-json\/wp\/v2\/pages\/3892\/revisions"}],"predecessor-version":[{"id":5030,"href":"http:\/\/eliscapital.com\/sr\/wp-json\/wp\/v2\/pages\/3892\/revisions\/5030"}],"wp:attachment":[{"href":"http:\/\/eliscapital.com\/sr\/wp-json\/wp\/v2\/media?parent=3892"}],"curies":[{"name":"wp","href":"https:\/\/api.w.org\/{rel}","templated":true}]}}