{"id":3860,"date":"2024-01-30T08:55:01","date_gmt":"2024-01-30T08:55:01","guid":{"rendered":"https:\/\/eliscapital.com\/egitim\/"},"modified":"2026-02-18T13:39:03","modified_gmt":"2026-02-18T13:39:03","slug":"egitim","status":"publish","type":"page","link":"http:\/\/eliscapital.com\/sr\/egitim\/","title":{"rendered":"Obrazovanje"},"content":{"rendered":"\t\t<div data-elementor-type=\"wp-page\" data-elementor-id=\"3860\" class=\"elementor elementor-3860 elementor-1962\">\n\t\t\t\t\t\t<section class=\"elementor-section elementor-top-section elementor-element elementor-element-24f918b elementor-section-full_width elementor-section-height-default elementor-section-height-default\" data-id=\"24f918b\" data-element_type=\"section\" data-e-type=\"section\">\n\t\t\t\t\t\t<div class=\"elementor-container elementor-column-gap-no\">\n\t\t\t\t\t<div class=\"elementor-column elementor-col-100 elementor-top-column elementor-element elementor-element-c77494c\" data-id=\"c77494c\" data-element_type=\"column\" data-e-type=\"column\">\n\t\t\t<div class=\"elementor-widget-wrap elementor-element-populated\">\n\t\t\t\t\t\t<div class=\"elementor-element elementor-element-794f13e elementor-widget elementor-widget-larson-intro\" data-id=\"794f13e\" data-element_type=\"widget\" data-e-type=\"widget\" data-widget_type=\"larson-intro.default\">\n\t\t\t\t<div class=\"elementor-widget-container\">\n\t\t\t\t\t\n\t\t<article class=\"article\">\n\t        <header class=\"article__header\">\n\t          <div class=\"container\">\n\t            \t            \t          <\/div>\n\t        <\/header>\n\t        \t        <div class=\"article__single-service-image container\">\n\t          <img decoding=\"async\" src=\"http:\/\/eliscapital.com\/wp-content\/uploads\/2024\/03\/elis-capital-karadag-egitim-1920x1080.jpg\" alt=\"\" \/>\n\t        <\/div>\n\t        \t    <\/article>\n\n\t\t\t\t\t\t<\/div>\n\t\t\t\t<\/div>\n\t\t\t\t\t<\/div>\n\t\t<\/div>\n\t\t\t\t\t<\/div>\n\t\t<\/section>\n\t\t\t\t<section class=\"elementor-section elementor-top-section elementor-element elementor-element-e61b6a8 elementor-section-full_width elementor-section-height-default elementor-section-height-default\" data-id=\"e61b6a8\" data-element_type=\"section\" data-e-type=\"section\">\n\t\t\t\t\t\t<div class=\"elementor-container elementor-column-gap-no\">\n\t\t\t\t\t<div class=\"elementor-column elementor-col-100 elementor-top-column elementor-element elementor-element-957378c\" data-id=\"957378c\" data-element_type=\"column\" data-e-type=\"column\">\n\t\t\t<div class=\"elementor-widget-wrap elementor-element-populated\">\n\t\t\t\t\t\t<div class=\"elementor-element elementor-element-25b14ea elementor-widget elementor-widget-larson-service-description\" data-id=\"25b14ea\" data-element_type=\"widget\" data-e-type=\"widget\" data-widget_type=\"larson-service-description.default\">\n\t\t\t\t<div class=\"elementor-widget-container\">\n\t\t\t\t\t\n\t\t\t\t<div class=\"article__main article__main--width-small container\">\n          <div class=\"single-service-block\">\n          \t<div >\n\t\t\t\t<p style=\"text-align: justify\"><strong>Obrazovanje po Evropskim Standardima<\/strong><\/p><p style=\"text-align: justify\">Iako je mala zemlja u jugoisto\u010dnoj Evropi, Crna Gora je ulaganjem zna\u010dajnih sredstava u svoj obrazovni sistem uspjela da stvori kvalitetno obrazovno okru\u017eenje. Obrazovanje u Crnoj Gori neprekidno napreduje i modernizuje se u skladu s razvojem zemlje. Evo kratkog pregleda obrazovanja u Crnoj Gori:<\/p><p style=\"text-align: justify\">Osnovno obrazovanje: Obrazovni sistem u Crnoj Gori nudi nastavni plan i program \u0161irokog opsega po\u010dev od osnovnog obrazovanja gdje se djeci pru\u017eaju osnovna znanja i vje\u0161tine. Osnovno obrazovanje ima za cilj da djeci pru\u017ei temeljne vje\u0161tine i znanja i obavezno je u trajanju od devet godina.   <\/p><p style=\"text-align: justify\">Srednje obrazovanje: U\u010denici koji zavr\u0161e osnovno obrazovanje nastavljaju srednje obrazovanje poha\u0111anjem srednjih \u0161kola. Srednje obrazovanje se sprovodi u razli\u010ditim oblastima kroz gimnazije, stru\u010dne i umjetni\u010dke \u0161kole. <\/p><p style=\"text-align: justify\">Visoko obrazovanje: U Crnoj Gori postoje brojni univerziteti i fakulteti. Ove obrazovne institucije, smje\u0161tene u glavnom gradu Podgorici i drugim ve\u0107im gradovima, nude razli\u010dite dodiplomske i postdiplomske programe. Univerzitet Crne Gore je najve\u0107a i najzna\u010dajnija visokoobrazovna institucija u zemlji. <\/p><p style=\"text-align: justify\">U\u010denje stranih jezika: Populaciju Crne Gore \u010dine razli\u010dite etni\u010dke grupe. Stoga \u0161kole generalno stavljaju naglasak na vi\u0161ejezi\u010dni obrazovni sistem. Pored maternjeg, izvodi se nastava engleskog i drugih evropskih jezika. <\/p><p style=\"text-align: justify\">Tehnolo\u0161ka infrastruktura: Obrazovne institucije u Crnoj Gori koriste moderne nastavne metode i opremljene su obrazovnim sistemima zasnovanim na tehnologiji. Ra\u010dunarske laboratorije, online resursi i platforme za e-u\u010denje u\u010denicima pru\u017eaju moderno iskustvo u\u010denja.<\/p><p style=\"text-align: justify\">Stipendije i programi podr\u0161ke: U Crnoj Gori se isti\u010du jednake mogu\u0107nosti u obrazovanju. Stoga se u\u010denicima iz socijalno ugro\u017eenih porodica dodjeljuju stipendije i programi finansijske podr\u0161ke.<\/p><p style=\"text-align: justify\">Obrazovni sistem u Crnoj Gori usvaja princip savremenog obrazovanja svoje omladine. Svojom modernom infrastrukturom, raznovrsnim obrazovnim mogu\u0107nostima i kroz me\u0111unarodnu saradnju, Crna Gora nastavlja da uve\u0107ava svoj obrazovni potencijal.<\/p>\t\t\t<\/div>\n\t\t  <\/div>\n\t\t<\/div>\n\t\t\n\t\t\t\t\t\t<\/div>\n\t\t\t\t<\/div>\n\t\t\t\t\t<\/div>\n\t\t<\/div>\n\t\t\t\t\t<\/div>\n\t\t<\/section>\n\t\t\t\t<\/div>\n\t\t","protected":false},"excerpt":{"rendered":"<p>Obrazovanje po Evropskim Standardima Iako je mala zemlja u jugoisto\u010dnoj Evropi, Crna Gora je ulaganjem zna\u010dajnih sredstava u svoj obrazovni sistem uspjela da stvori kvalitetno obrazovno okru\u017eenje. Obrazovanje u Crnoj Gori neprekidno napreduje i modernizuje se u skladu s razvojem zemlje. Evo kratkog pregleda obrazovanja u Crnoj Gori: Osnovno obrazovanje:&#8230; <\/p>\n<div class=\"readmore\"><a href=\"http:\/\/eliscapital.com\/sr\/egitim\/\" class=\"btn-link\">Read more<\/a><\/div>\n","protected":false},"author":1,"featured_media":0,"parent":0,"menu_order":0,"comment_status":"closed","ping_status":"closed","template":"template-elementor-default.php","meta":{"_monsterinsights_skip_tracking":false,"_monsterinsights_sitenote_active":false,"_monsterinsights_sitenote_note":"","_monsterinsights_sitenote_category":0,"footnotes":""},"class_list":["post-3860","page","type-page","status-publish","hentry"],"acf":[],"aioseo_notices":[],"_links":{"self":[{"href":"http:\/\/eliscapital.com\/sr\/wp-json\/wp\/v2\/pages\/3860","targetHints":{"allow":["GET"]}}],"collection":[{"href":"http:\/\/eliscapital.com\/sr\/wp-json\/wp\/v2\/pages"}],"about":[{"href":"http:\/\/eliscapital.com\/sr\/wp-json\/wp\/v2\/types\/page"}],"author":[{"embeddable":true,"href":"http:\/\/eliscapital.com\/sr\/wp-json\/wp\/v2\/users\/1"}],"replies":[{"embeddable":true,"href":"http:\/\/eliscapital.com\/sr\/wp-json\/wp\/v2\/comments?post=3860"}],"version-history":[{"count":8,"href":"http:\/\/eliscapital.com\/sr\/wp-json\/wp\/v2\/pages\/3860\/revisions"}],"predecessor-version":[{"id":5050,"href":"http:\/\/eliscapital.com\/sr\/wp-json\/wp\/v2\/pages\/3860\/revisions\/5050"}],"wp:attachment":[{"href":"http:\/\/eliscapital.com\/sr\/wp-json\/wp\/v2\/media?parent=3860"}],"curies":[{"name":"wp","href":"https:\/\/api.w.org\/{rel}","templated":true}]}}