{"id":3851,"date":"2024-01-31T15:05:28","date_gmt":"2024-01-31T15:05:28","guid":{"rendered":"https:\/\/eliscapital.com\/hakkimizda\/"},"modified":"2024-06-07T11:37:25","modified_gmt":"2024-06-07T11:37:25","slug":"hakkimizda-5","status":"publish","type":"page","link":"http:\/\/eliscapital.com\/sr\/hakkimizda-5\/","title":{"rendered":"Hakk\u0131m\u0131zda"},"content":{"rendered":"\t\t<div data-elementor-type=\"wp-page\" data-elementor-id=\"3851\" class=\"elementor elementor-3851\">\n\t\t\t\t\t\t<section class=\"elementor-section elementor-top-section elementor-element elementor-element-24f918b elementor-section-full_width elementor-section-height-default elementor-section-height-default\" data-id=\"24f918b\" data-element_type=\"section\" data-e-type=\"section\">\n\t\t\t\t\t\t<div class=\"elementor-container elementor-column-gap-no\">\n\t\t\t\t\t<div class=\"elementor-column elementor-col-100 elementor-top-column elementor-element elementor-element-d59d2b4\" data-id=\"d59d2b4\" data-element_type=\"column\" data-e-type=\"column\">\n\t\t\t<div class=\"elementor-widget-wrap\">\n\t\t\t\t\t\t\t<\/div>\n\t\t<\/div>\n\t\t\t\t\t<\/div>\n\t\t<\/section>\n\t\t\t\t<section class=\"elementor-section elementor-top-section elementor-element elementor-element-9cbf27d elementor-section-full_width elementor-section-height-default elementor-section-height-default\" data-id=\"9cbf27d\" data-element_type=\"section\" data-e-type=\"section\">\n\t\t\t\t\t\t<div class=\"elementor-container elementor-column-gap-no\">\n\t\t\t\t\t<div class=\"elementor-column elementor-col-100 elementor-top-column elementor-element elementor-element-2798070\" data-id=\"2798070\" data-element_type=\"column\" data-e-type=\"column\">\n\t\t\t<div class=\"elementor-widget-wrap elementor-element-populated\">\n\t\t\t\t\t\t<div class=\"elementor-element elementor-element-b9fad00 elementor-widget elementor-widget-larson-intro\" data-id=\"b9fad00\" data-element_type=\"widget\" data-e-type=\"widget\" data-widget_type=\"larson-intro.default\">\n\t\t\t\t<div class=\"elementor-widget-container\">\n\t\t\t\t\t\n\t\t<article class=\"article\">\n\t        <header class=\"article__header\">\n\t          <div class=\"container\">\n\t            \t            <h1 class=\"article__heading heading heading--size-large\">\n\t            \t<span >\n\t\t\t\t\t\tDo\u011fru Strateji ile<span class=\"color-yellow\"> yat\u0131r\u0131mlar\u0131n\u0131z\u0131<br><\/span> \u00fcst seviyeye ta\u015f\u0131yoruz.\t\t\t\t\t<\/span>\n\t            <\/h1>\n\t            \t            \t          <\/div>\n\t        <\/header>\n\t        \t    <\/article>\n\n\t\t\t\t\t\t<\/div>\n\t\t\t\t<\/div>\n\t\t\t\t\t<\/div>\n\t\t<\/div>\n\t\t\t\t\t<\/div>\n\t\t<\/section>\n\t\t\t\t<section class=\"elementor-section elementor-top-section elementor-element elementor-element-5d8dd13 elementor-section-boxed elementor-section-height-default elementor-section-height-default\" data-id=\"5d8dd13\" data-element_type=\"section\" data-e-type=\"section\">\n\t\t\t\t\t\t<div class=\"elementor-container elementor-column-gap-default\">\n\t\t\t\t\t<div class=\"elementor-column elementor-col-100 elementor-top-column elementor-element elementor-element-eb2228f\" data-id=\"eb2228f\" data-element_type=\"column\" data-e-type=\"column\">\n\t\t\t<div class=\"elementor-widget-wrap elementor-element-populated\">\n\t\t\t\t\t\t<div class=\"elementor-element elementor-element-927f4d6 elementor-widget elementor-widget-larson-about-description\" data-id=\"927f4d6\" data-element_type=\"widget\" data-e-type=\"widget\" data-widget_type=\"larson-about-description.default\">\n\t\t\t\t<div class=\"elementor-widget-container\">\n\t\t\t\t\t\n\t\t<section class=\"webpage__about-block about-block about-block--columns\">\n          <div class=\"about-block__inner container\" data-number=\"01\">\n                        <header class=\"about-block__header\" data-aos=\"fade\">\n              <h2 class=\"about-block__heading heading\">\n              \t<span >\n\t\t\t\t\tHakk\u0131nda\t\t\t\t<\/span>\n              <\/h2>\n            <\/header>\n                                    <div class=\"about-block__main\">\n                            <div class=\"about-block__text\" data-aos=\"fade\">\n                <div >\n\t\t\t\t\t<p><span style=\"font-size: 12pt\">Elis Capital, Karada\u011f\u2019\u0131n y\u00fckselen gayrimenkul piyasas\u0131nda \u00f6nemli bir oyuncu olarak \u00f6ne \u00e7\u0131k\u0131yor. Arsa geli\u015ftirmeden proje tasar\u0131m\u0131na, pazarlama ve sat\u0131\u015f s\u00fcre\u00e7lerinin diyazn ve icras\u0131ndan, sat\u0131\u015f sonras\u0131 ve teslim s\u00fcre\u00e7lerinin y\u00f6netimine ve profesyonel m\u00fclk y\u00f6netim hizmetlerine kadar gayrimenkule ili\u015fkin t\u00fcm s\u00fcre\u00e7lerde uzmanla\u015fan Elis Capital, h\u0131zla geli\u015fen Karada\u011f\u2019da yasal \u00e7er\u00e7eveye h\u0131zl\u0131 uyum kabiliyetiyle de \u00f6ne \u00e7\u0131kmaktad\u0131r.<\/span><\/p>\t\t\t\t<\/div>\n              <\/div>\n                                        <\/div>\n                      <\/div>\n        <\/section>\n\n\t\t\t\t\t\t<\/div>\n\t\t\t\t<\/div>\n\t\t\t\t\t<\/div>\n\t\t<\/div>\n\t\t\t\t\t<\/div>\n\t\t<\/section>\n\t\t\t\t<section class=\"elementor-section elementor-top-section elementor-element elementor-element-b4362bb elementor-section-boxed elementor-section-height-default elementor-section-height-default\" data-id=\"b4362bb\" data-element_type=\"section\" data-e-type=\"section\">\n\t\t\t\t\t\t<div class=\"elementor-container elementor-column-gap-default\">\n\t\t\t\t\t<div class=\"elementor-column elementor-col-100 elementor-top-column elementor-element elementor-element-2aa25eb\" data-id=\"2aa25eb\" data-element_type=\"column\" data-e-type=\"column\">\n\t\t\t<div class=\"elementor-widget-wrap elementor-element-populated\">\n\t\t\t\t\t\t<div class=\"elementor-element elementor-element-d53f169 elementor-widget elementor-widget-larson-about-description\" data-id=\"d53f169\" data-element_type=\"widget\" data-e-type=\"widget\" data-widget_type=\"larson-about-description.default\">\n\t\t\t\t<div class=\"elementor-widget-container\">\n\t\t\t\t\t\n\t\t<section class=\"webpage__about-block about-block about-block--columns\">\n          <div class=\"about-block__inner container\" data-number=\"02\">\n                        <header class=\"about-block__header\" data-aos=\"fade\">\n              <h2 class=\"about-block__heading heading\">\n              \t<span >\n\t\t\t\t\tVizyon\t\t\t\t<\/span>\n              <\/h2>\n            <\/header>\n                                    <div class=\"about-block__main\">\n                            <div class=\"about-block__text\" data-aos=\"fade\">\n                <div >\n\t\t\t\t\t<p><span style=\"font-size: 12pt\">Elis Capital, sadece binalar in\u015fa etmeyi de\u011fil, ayn\u0131 zamanda Karada\u011f\u2019da benzersiz ya\u015fam alanlar\u0131 yaratmay\u0131; \u015fehir ve topluluklar\u0131n dokusuna de\u011fer katmay\u0131 ama\u00e7lamaktad\u0131r. Bireysel ve kurumsal yat\u0131r\u0131mc\u0131lara, Karada\u011f gayrimenkul piyasas\u0131n\u0131n dinamiklerini anlama ve y\u00f6netme yetene\u011fi ile kesintisiz ve ki\u015fiye \u00f6zel hizmet ve \u00e7\u00f6z\u00fcmler sunar.<\/span><\/p>\t\t\t\t<\/div>\n              <\/div>\n                                        <\/div>\n                      <\/div>\n        <\/section>\n\n\t\t\t\t\t\t<\/div>\n\t\t\t\t<\/div>\n\t\t\t\t\t<\/div>\n\t\t<\/div>\n\t\t\t\t\t<\/div>\n\t\t<\/section>\n\t\t\t\t<section class=\"elementor-section elementor-top-section elementor-element elementor-element-c542823 elementor-section-boxed elementor-section-height-default elementor-section-height-default\" data-id=\"c542823\" data-element_type=\"section\" data-e-type=\"section\">\n\t\t\t\t\t\t<div class=\"elementor-container elementor-column-gap-default\">\n\t\t\t\t\t<div class=\"elementor-column elementor-col-100 elementor-top-column elementor-element elementor-element-592e527\" data-id=\"592e527\" data-element_type=\"column\" data-e-type=\"column\">\n\t\t\t<div class=\"elementor-widget-wrap elementor-element-populated\">\n\t\t\t\t\t\t<div class=\"elementor-element elementor-element-c5069ab elementor-widget elementor-widget-larson-about-description\" data-id=\"c5069ab\" data-element_type=\"widget\" data-e-type=\"widget\" data-widget_type=\"larson-about-description.default\">\n\t\t\t\t<div class=\"elementor-widget-container\">\n\t\t\t\t\t\n\t\t<section class=\"webpage__about-block about-block about-block--columns\">\n          <div class=\"about-block__inner container\" data-number=\"03\">\n                        <header class=\"about-block__header\" data-aos=\"fade\">\n              <h2 class=\"about-block__heading heading\">\n              \t<span >\n\t\t\t\t\tHizmetler\t\t\t\t<\/span>\n              <\/h2>\n            <\/header>\n                                    <div class=\"about-block__main\">\n                            <div class=\"about-block__text\" data-aos=\"fade\">\n                <div >\n\t\t\t\t\t<p style=\"text-align: justify\"><span style=\"font-size: 12pt\">Arsa Geli\u015ftirme: Elis Capital, Karada\u011f\u2019da potansiyeli en y\u00fcksek arsalar\u0131 belirleyerek de\u011ferlendirir ve kapsaml\u0131 ara\u015ft\u0131rmalar sonucunda s\u00fcrd\u00fcr\u00fclebilir projeler geli\u015ftirir.<\/span><\/p><p style=\"text-align: justify\"><span style=\"font-size: 12pt\">Proje Geli\u015ftirme: Uzman ekibimiz, Karada\u011f\u2019\u0131n e\u015fsiz do\u011fas\u0131n\u0131 ve k\u00fclt\u00fcr\u00fcn\u00fc g\u00f6z \u00f6n\u00fcnde bulundurarak \u00f6zg\u00fcn projeler tasarlar.<\/span><\/p><p style=\"text-align: justify\"><span style=\"font-size: 12pt\">Sat\u0131\u015f Politikalar\u0131: M\u00fc\u015fteri memnuniyetini \u00f6n planda tutan Elis Capital, esnek ve \u015feffaf sat\u0131\u015f politikalar\u0131yla yat\u0131r\u0131mc\u0131lar i\u00e7in g\u00fcvenilir bir ortak olmay\u0131 hedefler.<\/span><\/p><p style=\"text-align: justify\"><span style=\"font-size: 12pt\">Pazarlama Stratejileri: Karada\u011f\u2019\u0131n k\u00fclt\u00fcrel zenginliklerini vurgulayan, \u00fclkenin kendine has \u00f6zellik ve geleneklerine \u00f6zel tasarlanm\u0131\u015f pazarlama\u00a0 stratejileri, gayrimenkul de\u011ferini art\u0131rmak i\u00e7in etkili bir \u015fekilde kullan\u0131l\u0131r.<\/span><\/p><p style=\"text-align: justify\"><span style=\"font-size: 12pt\">Teslim S\u00fcreci: Elis Capital, projelerini Karada\u011f\u2019\u0131n yerel d\u00fczenlemelerine uygun \u015fekilde zaman\u0131nda ve eksiksiz bir \u015fekilde teslim ederek m\u00fc\u015fteri memnuniyetini en \u00fcst d\u00fczeye \u00e7\u0131kar\u0131r.<\/span><\/p><p style=\"text-align: justify\"><span style=\"font-size: 12pt\">Sat\u0131\u015f Sonras\u0131 Profesyonel Y\u00f6netim: Yat\u0131r\u0131mc\u0131lar\u0131m\u0131za Karada\u011f\u2019da yerel pazar\u0131 iyi tan\u0131yan bir bak\u0131\u015f a\u00e7\u0131s\u0131yla sat\u0131\u015f sonras\u0131 profesyonel m\u00fclk y\u00f6netim hizmeti sunulur.<\/span><\/p>\t\t\t\t<\/div>\n              <\/div>\n                                        <\/div>\n                      <\/div>\n        <\/section>\n\n\t\t\t\t\t\t<\/div>\n\t\t\t\t<\/div>\n\t\t\t\t\t<\/div>\n\t\t<\/div>\n\t\t\t\t\t<\/div>\n\t\t<\/section>\n\t\t\t\t<section class=\"elementor-section elementor-top-section elementor-element elementor-element-c681de3 elementor-section-boxed elementor-section-height-default elementor-section-height-default\" data-id=\"c681de3\" data-element_type=\"section\" data-e-type=\"section\">\n\t\t\t\t\t\t<div class=\"elementor-container elementor-column-gap-default\">\n\t\t\t\t\t<div class=\"elementor-column elementor-col-100 elementor-top-column elementor-element elementor-element-0bf68e8\" data-id=\"0bf68e8\" data-element_type=\"column\" data-e-type=\"column\">\n\t\t\t<div class=\"elementor-widget-wrap elementor-element-populated\">\n\t\t\t\t\t\t<div class=\"elementor-element elementor-element-045cff9 elementor-widget elementor-widget-larson-about-description\" data-id=\"045cff9\" data-element_type=\"widget\" data-e-type=\"widget\" data-widget_type=\"larson-about-description.default\">\n\t\t\t\t<div class=\"elementor-widget-container\">\n\t\t\t\t\t\n\t\t<section class=\"webpage__about-block about-block about-block--columns\">\n          <div class=\"about-block__inner container\" data-number=\"04\">\n                        <header class=\"about-block__header\" data-aos=\"fade\">\n              <h2 class=\"about-block__heading heading\">\n              \t<span >\n\t\t\t\t\tNeden Elis CAPITAL\t\t\t\t<\/span>\n              <\/h2>\n            <\/header>\n                                    <div class=\"about-block__main\">\n                            <div class=\"about-block__text\" data-aos=\"fade\">\n                <div >\n\t\t\t\t\t<p><span style=\"font-size: 12pt\">- Deneyimli ve uzman kadro<\/span><br \/><span style=\"font-size: 12pt\">- Karada\u011f\u2019da yerel y\u00f6netimlerle g\u00fc\u00e7l\u00fc ili\u015fkiler<\/span><br \/><span style=\"font-size: 12pt\">- Geli\u015fmi\u015f sat\u0131\u015f a\u011f\u0131 ve b\u00fcrokrasiye hakimiyet<\/span><br \/><span style=\"font-size: 12pt\">- \u015eeffaf ve g\u00fcvenilir i\u015f yapma prensipleri<\/span><\/p><p><span style=\"font-size: 12pt\">Elis Capital, Karada\u011f\u2019da gayrimenkuldeki gelece\u011fi \u015fekillendirmeye devam ediyor. Siz de bize kat\u0131l\u0131n, yat\u0131r\u0131m\u0131n\u0131z\u0131n k\u00e2rl\u0131l\u0131\u011f\u0131n\u0131 en \u00fcst d\u00fczeye \u00e7\u0131kar\u0131n!<\/span><\/p>\t\t\t\t<\/div>\n              <\/div>\n                                          <blockquote class=\"about-block__quote\" data-aos=\"fade\">\n              \t<span >\n\t\t\t\t\tNe kadar y\u00fckse\u011fe \u00e7\u0131karsan\u0131z,\n<br>o kadar ileriyi g\u00f6r\u00fcrs\u00fcn\u00fcz.\t\t\t\t<\/span>\n\t\t\t\t<span class=\"sep\"><svg viewBox='0 0 83 62' fill='none' xmlns='http:\/\/www.w3.org\/2000\/svg'><path d='M18.6.2c6.267 0 11 2.267 14.2 6.8 3.333 4.4 5 9.667 5 15.8 0 8.267-2.467 15.933-7.4 23-4.8 7.067-10.867 12.333-18.2 15.8L.4 52.2c5.333-2.133 10-5.067 14-8.8 4-3.867 6.733-7.867 8.2-12l-1-.6c-.667.533-1.467.933-2.4 1.2-.933.267-2.267.4-4 .4-3.067 0-6.2-1.2-9.4-3.6-3.067-2.533-4.6-6.333-4.6-11.4 0-5.333 1.733-9.533 5.2-12.6S13.933.2 18.6.2zm44.8 0c6.267 0 11 2.267 14.2 6.8 3.333 4.4 5 9.667 5 15.8 0 8.267-2.467 15.933-7.4 23-4.8 7.067-10.867 12.333-18.2 15.8l-11.8-9.4c5.333-2.133 10-5.067 14-8.8 4-3.867 6.733-7.867 8.2-12l-1-.6c-.667.533-1.467.933-2.4 1.2-.933.267-2.267.4-4 .4-3.067 0-6.2-1.2-9.4-3.6-3.067-2.533-4.6-6.333-4.6-11.4 0-5.333 1.733-9.533 5.2-12.6S58.733.2 63.4.2z' fill='#ffb74d'\/><\/svg><\/span>\n              <\/blockquote>\n                          <\/div>\n                      <\/div>\n        <\/section>\n\n\t\t\t\t\t\t<\/div>\n\t\t\t\t<\/div>\n\t\t\t\t\t<\/div>\n\t\t<\/div>\n\t\t\t\t\t<\/div>\n\t\t<\/section>\n\t\t\t\t<section class=\"elementor-section elementor-top-section elementor-element elementor-element-a55ba9a elementor-section-full_width elementor-section-height-default elementor-section-height-default\" data-id=\"a55ba9a\" data-element_type=\"section\" data-e-type=\"section\">\n\t\t\t\t\t\t<div class=\"elementor-container elementor-column-gap-no\">\n\t\t\t\t\t<div class=\"elementor-column elementor-col-100 elementor-top-column elementor-element elementor-element-2cc9dbb\" data-id=\"2cc9dbb\" data-element_type=\"column\" data-e-type=\"column\">\n\t\t\t<div class=\"elementor-widget-wrap elementor-element-populated\">\n\t\t\t\t\t\t<div class=\"elementor-element elementor-element-f1085cf elementor-widget elementor-widget-larson-partners\" data-id=\"f1085cf\" data-element_type=\"widget\" data-e-type=\"widget\" data-widget_type=\"larson-partners.default\">\n\t\t\t\t<div class=\"elementor-widget-container\">\n\t\t\t\t\t\n\t\t<!-- Partners-->\n\t\t<section class=\"webpage__partners partners\">\n\t\t\t<div class=\"partners__inner container\">\n\t\t\t  \t\t\t  <ul class=\"partners__list\">\n\t\t\t    \t\t\t    <li class=\"partners__item\" data-aos=\"fade\" data-aos-delay=\"0\">\n\t\t\t      \t\t\t\t  <a title=\"http:\/\/ONN%20Invest\">\n\t\t\t\t  \t\t\t      \t\t\t      <img decoding=\"async\" src=\"http:\/\/eliscapital.com\/wp-content\/uploads\/2024\/02\/152_ONN.png\" alt=\"http:\/\/ONN%20Invest\" \/>\n\t\t\t      \t\t\t      \t\t\t\t  <\/a>\n\t\t\t\t  \t\t\t    <\/li>\n\t\t\t    \t\t\t    <li class=\"partners__item\" data-aos=\"fade\" data-aos-delay=\"200\">\n\t\t\t      \t\t\t\t  <a title=\"http:\/\/Win%20In%20Turkey\">\n\t\t\t\t  \t\t\t      \t\t\t      <img decoding=\"async\" src=\"http:\/\/eliscapital.com\/wp-content\/uploads\/2024\/02\/Logo-PNG.png\" alt=\"http:\/\/Win%20In%20Turkey\" \/>\n\t\t\t      \t\t\t      \t\t\t\t  <\/a>\n\t\t\t\t  \t\t\t    <\/li>\n\t\t\t    \t\t\t    <li class=\"partners__item\" data-aos=\"fade\" data-aos-delay=\"400\">\n\t\t\t      \t\t\t\t  <a title=\"http:\/\/Win%20In%20Montenegro\">\n\t\t\t\t  \t\t\t      \t\t\t      <img decoding=\"async\" src=\"http:\/\/eliscapital.com\/wp-content\/uploads\/2024\/03\/elis-capital-win-in-montenegro-logo-.png\" alt=\"http:\/\/Win%20In%20Montenegro\" \/>\n\t\t\t      \t\t\t      \t\t\t\t  <\/a>\n\t\t\t\t  \t\t\t    <\/li>\n\t\t\t    \t\t\t    <li class=\"partners__item\" data-aos=\"fade\" data-aos-delay=\"600\">\n\t\t\t      \t\t\t\t  <a title=\"http:\/\/Mirnadom\">\n\t\t\t\t  \t\t\t      \t\t\t      <img decoding=\"async\" src=\"http:\/\/eliscapital.com\/wp-content\/uploads\/2024\/03\/elis-capital-mirnadom-logo-.png\" alt=\"http:\/\/Mirnadom\" \/>\n\t\t\t      \t\t\t      \t\t\t\t  <\/a>\n\t\t\t\t  \t\t\t    <\/li>\n\t\t\t    \t\t\t  <\/ul>\n\t\t\t  \t\t\t<\/div>\n\t\t<\/section>\n\n\t\t\t\t\t\t<\/div>\n\t\t\t\t<\/div>\n\t\t\t\t\t<\/div>\n\t\t<\/div>\n\t\t\t\t\t<\/div>\n\t\t<\/section>\n\t\t\t\t<\/div>\n\t\t","protected":false},"excerpt":{"rendered":"<p>Do\u011fru Strateji ile yat\u0131r\u0131mlar\u0131n\u0131z\u0131 \u00fcst seviyeye ta\u015f\u0131yoruz. Hakk\u0131nda Elis Capital, Karada\u011f\u2019\u0131n y\u00fckselen gayrimenkul piyasas\u0131nda \u00f6nemli bir oyuncu olarak \u00f6ne \u00e7\u0131k\u0131yor. Arsa geli\u015ftirmeden proje tasar\u0131m\u0131na, pazarlama ve sat\u0131\u015f s\u00fcre\u00e7lerinin diyazn ve icras\u0131ndan, sat\u0131\u015f sonras\u0131 ve teslim s\u00fcre\u00e7lerinin y\u00f6netimine ve profesyonel m\u00fclk y\u00f6netim hizmetlerine kadar gayrimenkule ili\u015fkin t\u00fcm s\u00fcre\u00e7lerde uzmanla\u015fan Elis Capital,&#8230; <\/p>\n<div class=\"readmore\"><a href=\"http:\/\/eliscapital.com\/sr\/hakkimizda-5\/\" class=\"btn-link\">Read more<\/a><\/div>\n","protected":false},"author":1,"featured_media":0,"parent":0,"menu_order":0,"comment_status":"closed","ping_status":"closed","template":"template-elementor-default.php","meta":{"_monsterinsights_skip_tracking":false,"_monsterinsights_sitenote_active":false,"_monsterinsights_sitenote_note":"","_monsterinsights_sitenote_category":0,"footnotes":""},"class_list":["post-3851","page","type-page","status-publish","hentry"],"acf":[],"aioseo_notices":[],"_links":{"self":[{"href":"http:\/\/eliscapital.com\/sr\/wp-json\/wp\/v2\/pages\/3851","targetHints":{"allow":["GET"]}}],"collection":[{"href":"http:\/\/eliscapital.com\/sr\/wp-json\/wp\/v2\/pages"}],"about":[{"href":"http:\/\/eliscapital.com\/sr\/wp-json\/wp\/v2\/types\/page"}],"author":[{"embeddable":true,"href":"http:\/\/eliscapital.com\/sr\/wp-json\/wp\/v2\/users\/1"}],"replies":[{"embeddable":true,"href":"http:\/\/eliscapital.com\/sr\/wp-json\/wp\/v2\/comments?post=3851"}],"version-history":[{"count":1,"href":"http:\/\/eliscapital.com\/sr\/wp-json\/wp\/v2\/pages\/3851\/revisions"}],"predecessor-version":[{"id":3854,"href":"http:\/\/eliscapital.com\/sr\/wp-json\/wp\/v2\/pages\/3851\/revisions\/3854"}],"wp:attachment":[{"href":"http:\/\/eliscapital.com\/sr\/wp-json\/wp\/v2\/media?parent=3851"}],"curies":[{"name":"wp","href":"https:\/\/api.w.org\/{rel}","templated":true}]}}