{"id":3848,"date":"2021-06-17T11:31:47","date_gmt":"2021-06-17T11:31:47","guid":{"rendered":"https:\/\/eliscapital.com\/iletisim\/"},"modified":"2026-02-18T13:26:40","modified_gmt":"2026-02-18T13:26:40","slug":"kontakt","status":"publish","type":"page","link":"http:\/\/eliscapital.com\/sr\/kontakt\/","title":{"rendered":"Kontakt"},"content":{"rendered":"\t\t<div data-elementor-type=\"wp-page\" data-elementor-id=\"3848\" class=\"elementor elementor-3848 elementor-368\">\n\t\t\t\t\t\t<section class=\"elementor-section elementor-top-section elementor-element elementor-element-a41e2b2 elementor-section-full_width elementor-section-height-default elementor-section-height-default\" data-id=\"a41e2b2\" data-element_type=\"section\" data-e-type=\"section\">\n\t\t\t\t\t\t<div class=\"elementor-container elementor-column-gap-no\">\n\t\t\t\t\t<div class=\"elementor-column elementor-col-100 elementor-top-column elementor-element elementor-element-97c067e\" data-id=\"97c067e\" data-element_type=\"column\" data-e-type=\"column\">\n\t\t\t<div class=\"elementor-widget-wrap elementor-element-populated\">\n\t\t\t\t\t\t<div class=\"elementor-element elementor-element-4f6d00e elementor-widget elementor-widget-larson-intro\" data-id=\"4f6d00e\" data-element_type=\"widget\" data-e-type=\"widget\" data-widget_type=\"larson-intro.default\">\n\t\t\t\t<div class=\"elementor-widget-container\">\n\t\t\t\t\t\n\t\t<article class=\"article\">\n\t        <header class=\"article__header\">\n\t          <div class=\"container\">\n\t            \t            <h1 class=\"article__heading heading heading--size-large\">\n\t            \t<span >\n\t\t\t\t\t\tKontakt\t\t\t\t\t<\/span>\n\t            <\/h1>\n\t            \t            \t          <\/div>\n\t        <\/header>\n\t        \t    <\/article>\n\n\t\t\t\t\t\t<\/div>\n\t\t\t\t<\/div>\n\t\t\t\t\t<\/div>\n\t\t<\/div>\n\t\t\t\t\t<\/div>\n\t\t<\/section>\n\t\t\t\t<section class=\"elementor-section elementor-top-section elementor-element elementor-element-d46eaa0 elementor-section-boxed elementor-section-height-default elementor-section-height-default\" data-id=\"d46eaa0\" data-element_type=\"section\" data-e-type=\"section\">\n\t\t\t\t\t\t<div class=\"elementor-container elementor-column-gap-no\">\n\t\t\t\t\t<div class=\"elementor-column elementor-col-50 elementor-top-column elementor-element elementor-element-46678d9\" data-id=\"46678d9\" data-element_type=\"column\" data-e-type=\"column\">\n\t\t\t<div class=\"elementor-widget-wrap elementor-element-populated\">\n\t\t\t\t\t\t<div class=\"elementor-element elementor-element-822961a elementor-widget elementor-widget-larson-contact-info\" data-id=\"822961a\" data-element_type=\"widget\" data-e-type=\"widget\" data-widget_type=\"larson-contact-info.default\">\n\t\t\t\t<div class=\"elementor-widget-container\">\n\t\t\t\t\t\n\t\t<div class=\"article__map map\">\n          <div class=\"map__inner container\">\n            <div class=\"contact-block\">\n                            <div class=\"contact-block__heading\">\n              \t<span >\n\t\t\t\t\t<span class=\"color-yellow\">Na\u0161e Kancelarije<\/span>\t\t\t\t<\/span>\n              <\/div>\n                                          <address class=\"contact-block__address\">\n              \t<span >\n\t\t\t\t\t<b>\u0130stanbul<\/b><br>EGS Business Park No: 70 34149 Ye\u015filk\u00f6y Bak\u0131rk\u00f6y<br><br><b>Podgorica<\/b><br>Rista Dragi\u0107evi\u0107a br 17, Stan: 10, Blok 9\t\t\t\t<\/span>\n              <\/address>\n                                          <div class=\"contact-block__phone\">\n                <a href=\"tel:+902123751010\">\n                \t<span >\n\t\t\t\t\t\t+90 212 375 10 10\t\t\t\t\t<\/span>\n                <\/a>\n              <\/div>\n                                          <div class=\"contact-block__item\">\n              \t                <div class=\"contact-block__item-hint\">\n                \t<span >\n\t\t\t\t\t\tEmail:\t\t\t\t\t<\/span>\n                <\/div>\n                                <div class=\"contact-block__item-val\">\n                  <a href=\"mailto:info@eliscapital.com\">\n                  \t<span >\n\t\t\t\t\t\tinfo@eliscapital.com\t\t\t\t\t<\/span>\n                  <\/a>\n                <\/div>\n              <\/div>\n                                          <div class=\"contact-block__item\">\n              \t                <div class=\"contact-block__item-val\">\n                  <!-- Social-->\n                  <ul class=\"contact-block__social social--contact social\">\n                                        <li class=\"social__item\">\n                      <a href=\"http:\/\/instagram.com\/eliscapital\" title=\"Instagram\" class=\"social__link\" target=\"_blank\">\n                        <i class=\"fa fa-instagram\"><\/i>\n                      <\/a>\n                    <\/li>\n                \t                    <li class=\"social__item\">\n                      <a href=\"https:\/\/www.facebook.com\/profile.php?id=61555499978769\" title=\"facebook\" class=\"social__link\" target=\"_blank\">\n                        <i class=\"fa fa-facebook-f\"><\/i>\n                      <\/a>\n                    <\/li>\n                \t                    <li class=\"social__item\">\n                      <a href=\"https:\/\/www.linkedin.com\/company\/101495671\" title=\"L\u0130nkedin\" class=\"social__link\" target=\"_blank\">\n                        <i class=\"fa fa-linkedin\"><\/i>\n                      <\/a>\n                    <\/li>\n                \t                  <\/ul>\n                <\/div>\n              <\/div>\n                                        <\/div>\n          <\/div>\n        <\/div>\n\n\t\t\t\t\t\t<\/div>\n\t\t\t\t<\/div>\n\t\t\t\t\t<\/div>\n\t\t<\/div>\n\t\t\t\t<div class=\"elementor-column elementor-col-50 elementor-top-column elementor-element elementor-element-01fa2d2\" data-id=\"01fa2d2\" data-element_type=\"column\" data-e-type=\"column\">\n\t\t\t<div class=\"elementor-widget-wrap elementor-element-populated\">\n\t\t\t\t\t\t<div class=\"elementor-element elementor-element-3837240 elementor-widget elementor-widget-larson-contact-info\" data-id=\"3837240\" data-element_type=\"widget\" data-e-type=\"widget\" data-widget_type=\"larson-contact-info.default\">\n\t\t\t\t<div class=\"elementor-widget-container\">\n\t\t\t\t\t\n\t\t<div class=\"article__map map\">\n          <div class=\"map__inner container\">\n            <div class=\"contact-block\">\n                            <div class=\"contact-block__heading\">\n              \t<span >\n\t\t\t\t\tZa sva va\u0161a pitanja <\/span><br><span class=\"color-yellow\">mo\u017eete popuniti formular<\/span>\t\t\t\t<\/span>\n              <\/div>\n                                                                                    <div class=\"contact-block__item\">\n              \t                <div class=\"contact-block__item-val\">\n                  <!-- Social-->\n                  <ul class=\"contact-block__social social--contact social\">\n                                      <\/ul>\n                <\/div>\n              <\/div>\n                                        <\/div>\n          <\/div>\n        <\/div>\n\n\t\t\t\t\t\t<\/div>\n\t\t\t\t<\/div>\n\t\t\t\t<div class=\"elementor-element elementor-element-649013d elementor-widget elementor-widget-larson-cf7-form\" data-id=\"649013d\" data-element_type=\"widget\" data-e-type=\"widget\" data-widget_type=\"larson-cf7-form.default\">\n\t\t\t\t<div class=\"elementor-widget-container\">\n\t\t\t\t\t\n\t\t<div class=\"article__main container\">\n          <section class=\"article__feedback feedback\">\n          \t\n                        \t\n<div class=\"wpcf7 no-js\" id=\"wpcf7-f4409-o1\" lang=\"en-US\" dir=\"ltr\" data-wpcf7-id=\"4409\">\n<div class=\"screen-reader-response\"><p role=\"status\" aria-live=\"polite\" aria-atomic=\"true\"><\/p> <ul><\/ul><\/div>\n<form action=\"\/sr\/wp-json\/wp\/v2\/pages\/3848#wpcf7-f4409-o1\" method=\"post\" class=\"wpcf7-form init\" aria-label=\"Contact form\" novalidate=\"novalidate\" data-status=\"init\">\n<fieldset class=\"hidden-fields-container\"><input type=\"hidden\" name=\"_wpcf7\" value=\"4409\" \/><input type=\"hidden\" name=\"_wpcf7_version\" value=\"6.1.5\" \/><input type=\"hidden\" name=\"_wpcf7_locale\" value=\"en_US\" \/><input type=\"hidden\" name=\"_wpcf7_unit_tag\" value=\"wpcf7-f4409-o1\" \/><input type=\"hidden\" name=\"_wpcf7_container_post\" value=\"0\" \/><input type=\"hidden\" name=\"_wpcf7_posted_data_hash\" value=\"\" \/>\n<\/fieldset>\n<div class=\"row\">\n <div class=\"feedback__field-wrapper col-12 col-md-6 col-lg-6\" data-aos=\"fade\">\n<label class=\"field\" aria-label=\"Name\">\n    <span class=\"wpcf7-form-control-wrap\" data-name=\"cf_name\"><input size=\"40\" maxlength=\"400\" class=\"wpcf7-form-control wpcf7-text wpcf7-validates-as-required\" aria-required=\"true\" aria-invalid=\"false\" placeholder=\"Ime Prezime\" value=\"\" type=\"text\" name=\"cf_name\" \/><\/span>\n<\/label>\n <\/div>\n <div class=\"feedback__field-wrapper col-12 col-md-6 col-lg-6\" data-aos=\"fade\">\n  <label class=\"field\" aria-label=\"email\">\n   <span class=\"wpcf7-form-control-wrap\" data-name=\"cf_email\"><input size=\"40\" maxlength=\"400\" class=\"wpcf7-form-control wpcf7-email wpcf7-validates-as-required wpcf7-text wpcf7-validates-as-email\" aria-required=\"true\" aria-invalid=\"false\" placeholder=\"Email\" value=\"\" type=\"email\" name=\"cf_email\" \/><\/span>\n  <\/label>\n <\/div>\n <div class=\"feedback__field-wrapper col-12 col-lg-12\" data-aos=\"fade\">\n  <label class=\"field\" aria-label=\"Subject\">\n   <span class=\"wpcf7-form-control-wrap\" data-name=\"cf_subject\"><input size=\"40\" maxlength=\"400\" class=\"wpcf7-form-control wpcf7-text wpcf7-validates-as-required\" aria-required=\"true\" aria-invalid=\"false\" placeholder=\"Subjekt\" value=\"\" type=\"text\" name=\"cf_subject\" \/><\/span>\n  <\/label>\n <\/div>\n <div class=\"feedback__field-wrapper col-12\" data-aos=\"fade\">\n  <label class=\"field\" aria-label=\"message\">\n   <span class=\"wpcf7-form-control-wrap\" data-name=\"cf_message\"><textarea cols=\"40\" rows=\"10\" maxlength=\"2000\" class=\"wpcf7-form-control wpcf7-textarea wpcf7-validates-as-required\" aria-required=\"true\" aria-invalid=\"false\" placeholder=\"Poruka\" name=\"cf_message\"><\/textarea><\/span>\n  <\/label>\n <\/div>\n<\/div>\n<input class=\"wpcf7-form-control wpcf7-submit has-spinner btn\" id=\"form-submit\" type=\"submit\" value=\"Slanje\" \/><div class=\"wpcf7-response-output\" aria-hidden=\"true\"><\/div>\n<\/form>\n<\/div>\n                      <\/section>\n        <\/div>\n\n\t\t\t\t\t\t<\/div>\n\t\t\t\t<\/div>\n\t\t\t\t\t<\/div>\n\t\t<\/div>\n\t\t\t\t\t<\/div>\n\t\t<\/section>\n\t\t\t\t<\/div>\n\t\t","protected":false},"excerpt":{"rendered":"<p>Kontakt Na\u0161e Kancelarije \u0130stanbulEGS Business Park No: 70 34149 Ye\u015filk\u00f6y Bak\u0131rk\u00f6y PodgoricaRista Dragi\u0107evi\u0107a br 17, Stan: 10, Blok 9 +90 212 375 10 10 Email: info@eliscapital.com Za sva va\u0161a pitanja mo\u017eete popuniti formular<\/p>\n","protected":false},"author":1,"featured_media":0,"parent":0,"menu_order":0,"comment_status":"closed","ping_status":"closed","template":"template-elementor-default.php","meta":{"_monsterinsights_skip_tracking":false,"_monsterinsights_sitenote_active":false,"_monsterinsights_sitenote_note":"","_monsterinsights_sitenote_category":0,"footnotes":""},"class_list":["post-3848","page","type-page","status-publish","hentry"],"acf":[],"aioseo_notices":[],"_links":{"self":[{"href":"http:\/\/eliscapital.com\/sr\/wp-json\/wp\/v2\/pages\/3848","targetHints":{"allow":["GET"]}}],"collection":[{"href":"http:\/\/eliscapital.com\/sr\/wp-json\/wp\/v2\/pages"}],"about":[{"href":"http:\/\/eliscapital.com\/sr\/wp-json\/wp\/v2\/types\/page"}],"author":[{"embeddable":true,"href":"http:\/\/eliscapital.com\/sr\/wp-json\/wp\/v2\/users\/1"}],"replies":[{"embeddable":true,"href":"http:\/\/eliscapital.com\/sr\/wp-json\/wp\/v2\/comments?post=3848"}],"version-history":[{"count":14,"href":"http:\/\/eliscapital.com\/sr\/wp-json\/wp\/v2\/pages\/3848\/revisions"}],"predecessor-version":[{"id":4988,"href":"http:\/\/eliscapital.com\/sr\/wp-json\/wp\/v2\/pages\/3848\/revisions\/4988"}],"wp:attachment":[{"href":"http:\/\/eliscapital.com\/sr\/wp-json\/wp\/v2\/media?parent=3848"}],"curies":[{"name":"wp","href":"https:\/\/api.w.org\/{rel}","templated":true}]}}