{"id":3819,"date":"2024-01-19T08:21:17","date_gmt":"2024-01-19T08:21:17","guid":{"rendered":"https:\/\/eliscapital.com\/baskanin-mesaji\/"},"modified":"2026-02-18T13:33:47","modified_gmt":"2026-02-18T13:33:47","slug":"baskanin-mesaji","status":"publish","type":"page","link":"http:\/\/eliscapital.com\/sr\/baskanin-mesaji\/","title":{"rendered":"Poruka Predsjednika"},"content":{"rendered":"\t\t<div data-elementor-type=\"wp-page\" data-elementor-id=\"3819\" class=\"elementor elementor-3819 elementor-1689\">\n\t\t\t\t\t\t<section class=\"elementor-section elementor-top-section elementor-element elementor-element-24f918b elementor-section-full_width elementor-section-height-default elementor-section-height-default\" data-id=\"24f918b\" data-element_type=\"section\" data-e-type=\"section\">\n\t\t\t\t\t\t<div class=\"elementor-container elementor-column-gap-no\">\n\t\t\t\t\t<div class=\"elementor-column elementor-col-100 elementor-top-column elementor-element elementor-element-c77494c\" data-id=\"c77494c\" data-element_type=\"column\" data-e-type=\"column\">\n\t\t\t<div class=\"elementor-widget-wrap elementor-element-populated\">\n\t\t\t\t\t\t<div class=\"elementor-element elementor-element-794f13e elementor-widget elementor-widget-larson-intro\" data-id=\"794f13e\" data-element_type=\"widget\" data-e-type=\"widget\" data-widget_type=\"larson-intro.default\">\n\t\t\t\t<div class=\"elementor-widget-container\">\n\t\t\t\t\t\n\t\t<article class=\"article\">\n\t        <header class=\"article__header\">\n\t          <div class=\"container\">\n\t            \t            \t          <\/div>\n\t        <\/header>\n\t        \t    <\/article>\n\n\t\t\t\t\t\t<\/div>\n\t\t\t\t<\/div>\n\t\t\t\t\t<\/div>\n\t\t<\/div>\n\t\t\t\t\t<\/div>\n\t\t<\/section>\n\t\t\t\t<section class=\"elementor-section elementor-top-section elementor-element elementor-element-e61b6a8 elementor-section-full_width elementor-section-height-default elementor-section-height-default\" data-id=\"e61b6a8\" data-element_type=\"section\" data-e-type=\"section\">\n\t\t\t\t\t\t<div class=\"elementor-container elementor-column-gap-no\">\n\t\t\t\t\t<div class=\"elementor-column elementor-col-100 elementor-top-column elementor-element elementor-element-957378c\" data-id=\"957378c\" data-element_type=\"column\" data-e-type=\"column\">\n\t\t\t<div class=\"elementor-widget-wrap elementor-element-populated\">\n\t\t\t\t\t\t<div class=\"elementor-element elementor-element-25b14ea elementor-widget elementor-widget-larson-service-description\" data-id=\"25b14ea\" data-element_type=\"widget\" data-e-type=\"widget\" data-widget_type=\"larson-service-description.default\">\n\t\t\t\t<div class=\"elementor-widget-container\">\n\t\t\t\t\t\n\t\t\t\t<div class=\"article__main article__main--width-small container\">\n          <div class=\"single-service-block\">\n          \t<div >\n\t\t\t\t<p style=\"text-align: justify\">Po\u0161tovani Poslovni Partneri,<\/p><p style=\"text-align: justify\">Elis Capital donosi dugogodi\u0161nje globalno iskustvo u Crnu Goru, mladu jadransku zemlju s visokim potencijalom. Osiim \u0161to je \u010duvena po svojim \u010darobnim pla\u017eama, jezerima, istorijskom bogatstvu i jedinstvenim nacionalnim parkovima, Crna Gora privla\u010di pa\u017enju i svojim investicionim mogu\u0107nostima. Dok svjedo\u010dimo brzom razvoju ove zemlje, na\u0161 cilj je da doprinesemo njenoj me\u0111unarodnoj prepoznatljivosti.<\/p><p style=\"text-align: justify\">Crna Gora, koja je stekla nezavisnost 2006. godine i usvojila euro kao svoju valutu, isti\u010de se kao jedina zemlja kandidat koja je otvorila sva poglavlja sa Evropskom Unijom. I zvani\u010dnici EU i nova vlada, orijentisana ka Evropskoj Uniji, o\u010dekuju prijem u \u010dlanstvo do 2028. godine.<\/p><p style=\"text-align: justify\">Crna Gora, sa eurom kao valutom, investitorima omogu\u0107ava sigurno ulaganje i trgovinu u mnogim oblastima, od turizma do gra\u0111evinarstva, energetike i poljoprivrede. U prilog tome govore ne samo politike i podsticaji usmjereni na privla\u010denje investitora, ve\u0107 i sna\u017ean, pouzdan, transparentan i pravi\u010dan pravni okvir.<\/p><p style=\"text-align: justify\">Sa vi\u0161e od 10 godina iskustva u Crnoj Gori, sna\u017enom reputacijom me\u0111u lokalnim stanovni\u0161tvom i \u010dvrstim odnosima s javno\u0161\u0107u, Elis Capital pomno prati prilike i nastavlja da neumorno radi na ja\u010danju prisustva Turske u Crnoj Gori i produbljivanju ekonomske diplomatije izme\u0111u dvije zemlje.<\/p><p style=\"text-align: justify\">Srda\u010dno.<\/p><p style=\"text-align: justify\">Ahmet Talat KARASU<\/p>\t\t\t<\/div>\n\t\t  <\/div>\n\t\t<\/div>\n\t\t\n\t\t\t\t\t\t<\/div>\n\t\t\t\t<\/div>\n\t\t\t\t\t<\/div>\n\t\t<\/div>\n\t\t\t\t\t<\/div>\n\t\t<\/section>\n\t\t\t\t<\/div>\n\t\t","protected":false},"excerpt":{"rendered":"<p>Po\u0161tovani Poslovni Partneri, Elis Capital donosi dugogodi\u0161nje globalno iskustvo u Crnu Goru, mladu jadransku zemlju s visokim potencijalom. Osiim \u0161to je \u010duvena po svojim \u010darobnim pla\u017eama, jezerima, istorijskom bogatstvu i jedinstvenim nacionalnim parkovima, Crna Gora privla\u010di pa\u017enju i svojim investicionim mogu\u0107nostima. Dok svjedo\u010dimo brzom razvoju ove zemlje, na\u0161 cilj je&#8230; <\/p>\n<div class=\"readmore\"><a href=\"http:\/\/eliscapital.com\/sr\/baskanin-mesaji\/\" class=\"btn-link\">Read more<\/a><\/div>\n","protected":false},"author":1,"featured_media":0,"parent":0,"menu_order":0,"comment_status":"closed","ping_status":"closed","template":"template-elementor-default.php","meta":{"_monsterinsights_skip_tracking":false,"_monsterinsights_sitenote_active":false,"_monsterinsights_sitenote_note":"","_monsterinsights_sitenote_category":0,"footnotes":""},"class_list":["post-3819","page","type-page","status-publish","hentry"],"acf":[],"aioseo_notices":[],"_links":{"self":[{"href":"http:\/\/eliscapital.com\/sr\/wp-json\/wp\/v2\/pages\/3819","targetHints":{"allow":["GET"]}}],"collection":[{"href":"http:\/\/eliscapital.com\/sr\/wp-json\/wp\/v2\/pages"}],"about":[{"href":"http:\/\/eliscapital.com\/sr\/wp-json\/wp\/v2\/types\/page"}],"author":[{"embeddable":true,"href":"http:\/\/eliscapital.com\/sr\/wp-json\/wp\/v2\/users\/1"}],"replies":[{"embeddable":true,"href":"http:\/\/eliscapital.com\/sr\/wp-json\/wp\/v2\/comments?post=3819"}],"version-history":[{"count":12,"href":"http:\/\/eliscapital.com\/sr\/wp-json\/wp\/v2\/pages\/3819\/revisions"}],"predecessor-version":[{"id":5014,"href":"http:\/\/eliscapital.com\/sr\/wp-json\/wp\/v2\/pages\/3819\/revisions\/5014"}],"wp:attachment":[{"href":"http:\/\/eliscapital.com\/sr\/wp-json\/wp\/v2\/media?parent=3819"}],"curies":[{"name":"wp","href":"https:\/\/api.w.org\/{rel}","templated":true}]}}