{"id":3858,"date":"2024-01-30T08:55:01","date_gmt":"2024-01-30T08:55:01","guid":{"rendered":"https:\/\/eliscapital.com\/egitim\/"},"modified":"2026-02-18T13:39:02","modified_gmt":"2026-02-18T13:39:02","slug":"education","status":"publish","type":"page","link":"http:\/\/eliscapital.com\/en\/education\/","title":{"rendered":"Education"},"content":{"rendered":"\t\t<div data-elementor-type=\"wp-page\" data-elementor-id=\"3858\" class=\"elementor elementor-3858 elementor-1962\">\n\t\t\t\t\t\t<section class=\"elementor-section elementor-top-section elementor-element elementor-element-24f918b elementor-section-full_width elementor-section-height-default elementor-section-height-default\" data-id=\"24f918b\" data-element_type=\"section\" data-e-type=\"section\">\n\t\t\t\t\t\t<div class=\"elementor-container elementor-column-gap-no\">\n\t\t\t\t\t<div class=\"elementor-column elementor-col-100 elementor-top-column elementor-element elementor-element-c77494c\" data-id=\"c77494c\" data-element_type=\"column\" data-e-type=\"column\">\n\t\t\t<div class=\"elementor-widget-wrap elementor-element-populated\">\n\t\t\t\t\t\t<div class=\"elementor-element elementor-element-794f13e elementor-widget elementor-widget-larson-intro\" data-id=\"794f13e\" data-element_type=\"widget\" data-e-type=\"widget\" data-widget_type=\"larson-intro.default\">\n\t\t\t\t<div class=\"elementor-widget-container\">\n\t\t\t\t\t\n\t\t<article class=\"article\">\n\t        <header class=\"article__header\">\n\t          <div class=\"container\">\n\t            \t            \t          <\/div>\n\t        <\/header>\n\t        \t        <div class=\"article__single-service-image container\">\n\t          <img decoding=\"async\" src=\"http:\/\/eliscapital.com\/wp-content\/uploads\/2024\/03\/elis-capital-karadag-egitim-1920x1080.jpg\" alt=\"\" \/>\n\t        <\/div>\n\t        \t    <\/article>\n\n\t\t\t\t\t\t<\/div>\n\t\t\t\t<\/div>\n\t\t\t\t\t<\/div>\n\t\t<\/div>\n\t\t\t\t\t<\/div>\n\t\t<\/section>\n\t\t\t\t<section class=\"elementor-section elementor-top-section elementor-element elementor-element-e61b6a8 elementor-section-full_width elementor-section-height-default elementor-section-height-default\" data-id=\"e61b6a8\" data-element_type=\"section\" data-e-type=\"section\">\n\t\t\t\t\t\t<div class=\"elementor-container elementor-column-gap-no\">\n\t\t\t\t\t<div class=\"elementor-column elementor-col-100 elementor-top-column elementor-element elementor-element-957378c\" data-id=\"957378c\" data-element_type=\"column\" data-e-type=\"column\">\n\t\t\t<div class=\"elementor-widget-wrap elementor-element-populated\">\n\t\t\t\t\t\t<div class=\"elementor-element elementor-element-25b14ea elementor-widget elementor-widget-larson-service-description\" data-id=\"25b14ea\" data-element_type=\"widget\" data-e-type=\"widget\" data-widget_type=\"larson-service-description.default\">\n\t\t\t\t<div class=\"elementor-widget-container\">\n\t\t\t\t\t\n\t\t\t\t<div class=\"article__main article__main--width-small container\">\n          <div class=\"single-service-block\">\n          \t<div >\n\t\t\t\t<p style=\"text-align: justify\"><strong>Education at European Standards<\/strong><\/p><p style=\"text-align: justify\">Despite being a small country located in Southeast Europe, Montenegro has managed to create a quality learning environment by making significant investments in its education system. Education in Montenegro has continually progressed and modernized in line with developments in the country. Here is a brief overview of education in Montenegro:<\/p><p style=\"text-align: justify\">Primary Education: The education system in Montenegro offers a wide curriculum starting from primary education to provide children with basic knowledge and skills. Primary education aims to equip children with fundamental skills and knowledge. Zorunlu e\u011fitim, 9 y\u0131l s\u00fcreyle devam eder. <\/p><p style=\"text-align: justify\">Secondary Education: Students who complete primary education continue their secondary education by attending high school. High school education varies in different fields such as general high schools, vocational schools, and art schools. <\/p><p style=\"text-align: justify\">Higher Education: Montenegro is home to a number of universities and colleges. These educational institutions, located in the capital Podgorica and other major cities, offer various undergraduate and postgraduate programs. The University of Montenegro is one of the largest and most significant higher education institutions in the country. <\/p><p style=\"text-align: justify\">Foreign Language Education: Montenegro has a population consisting of various ethnic groups. Therefore, schools generally emphasize a multilingual education system. In addition to the native language, English and other European languages are often taught. <\/p><p style=\"text-align: justify\">Technological Infrastructure: Educational institutions in Montenegro are equipped with modern teaching methods and technology-based education systems. Computer laboratories, online resources, and e-learning platforms provide students with a modern learning experience.<\/p><p style=\"text-align: justify\">Scholarships and Support Programs: Equal opportunities in education are emphasized in Montenegro. Therefore, scholarships and financial support programs are provided to students from disadvantaged backgrounds.<\/p><p style=\"text-align: justify\">The education system in Montenegro adopts an approach aimed at educating its young population in a contemporary manner. With its modern infrastructure, diverse educational options, and international cooperation, Montenegro continues to enhance its potential in the field of education.<\/p>\t\t\t<\/div>\n\t\t  <\/div>\n\t\t<\/div>\n\t\t\n\t\t\t\t\t\t<\/div>\n\t\t\t\t<\/div>\n\t\t\t\t\t<\/div>\n\t\t<\/div>\n\t\t\t\t\t<\/div>\n\t\t<\/section>\n\t\t\t\t<\/div>\n\t\t","protected":false},"excerpt":{"rendered":"<p>Education at European Standards Despite being a small country located in Southeast Europe, Montenegro has managed to create a quality learning environment by making significant investments in its education system. Education in Montenegro has continually progressed and modernized in line with developments in the country. Here is a brief overview&#8230; <\/p>\n<div class=\"readmore\"><a href=\"http:\/\/eliscapital.com\/en\/education\/\" class=\"btn-link\">Read more<\/a><\/div>\n","protected":false},"author":1,"featured_media":0,"parent":0,"menu_order":0,"comment_status":"closed","ping_status":"closed","template":"template-elementor-default.php","meta":{"_monsterinsights_skip_tracking":false,"_monsterinsights_sitenote_active":false,"_monsterinsights_sitenote_note":"","_monsterinsights_sitenote_category":0,"footnotes":""},"class_list":["post-3858","page","type-page","status-publish","hentry"],"acf":[],"aioseo_notices":[],"_links":{"self":[{"href":"http:\/\/eliscapital.com\/en\/wp-json\/wp\/v2\/pages\/3858","targetHints":{"allow":["GET"]}}],"collection":[{"href":"http:\/\/eliscapital.com\/en\/wp-json\/wp\/v2\/pages"}],"about":[{"href":"http:\/\/eliscapital.com\/en\/wp-json\/wp\/v2\/types\/page"}],"author":[{"embeddable":true,"href":"http:\/\/eliscapital.com\/en\/wp-json\/wp\/v2\/users\/1"}],"replies":[{"embeddable":true,"href":"http:\/\/eliscapital.com\/en\/wp-json\/wp\/v2\/comments?post=3858"}],"version-history":[{"count":10,"href":"http:\/\/eliscapital.com\/en\/wp-json\/wp\/v2\/pages\/3858\/revisions"}],"predecessor-version":[{"id":5049,"href":"http:\/\/eliscapital.com\/en\/wp-json\/wp\/v2\/pages\/3858\/revisions\/5049"}],"wp:attachment":[{"href":"http:\/\/eliscapital.com\/en\/wp-json\/wp\/v2\/media?parent=3858"}],"curies":[{"name":"wp","href":"https:\/\/api.w.org\/{rel}","templated":true}]}}