{"id":3811,"date":"2024-02-05T12:33:49","date_gmt":"2024-02-05T12:33:49","guid":{"rendered":"https:\/\/eliscapital.com\/about-us\/"},"modified":"2024-02-05T12:33:49","modified_gmt":"2024-02-05T12:33:49","slug":"about-us","status":"publish","type":"page","link":"http:\/\/eliscapital.com\/en\/about-us\/","title":{"rendered":"About"},"content":{"rendered":"\t\t<div data-elementor-type=\"wp-page\" data-elementor-id=\"3811\" class=\"elementor elementor-3811 elementor-2235\">\n\t\t\t\t\t\t<section class=\"elementor-section elementor-top-section elementor-element elementor-element-a41e2b2 elementor-section-full_width elementor-section-height-default elementor-section-height-default\" data-id=\"a41e2b2\" data-element_type=\"section\" data-e-type=\"section\">\n\t\t\t\t\t\t<div class=\"elementor-container elementor-column-gap-no\">\n\t\t\t\t\t<div class=\"elementor-column elementor-col-100 elementor-top-column elementor-element elementor-element-97c067e\" data-id=\"97c067e\" data-element_type=\"column\" data-e-type=\"column\">\n\t\t\t<div class=\"elementor-widget-wrap elementor-element-populated\">\n\t\t\t\t\t\t<div class=\"elementor-element elementor-element-4f6d00e elementor-widget elementor-widget-larson-intro\" data-id=\"4f6d00e\" data-element_type=\"widget\" data-e-type=\"widget\" data-widget_type=\"larson-intro.default\">\n\t\t\t\t<div class=\"elementor-widget-container\">\n\t\t\t\t\t\n\t\t<article class=\"article\">\n\t        <header class=\"article__header\">\n\t          <div class=\"container\">\n\t            \t            <h1 class=\"article__heading heading heading--size-large\">\n\t            \t<span >\n\t\t\t\t\t\tDo\u011fru Strateji ile<br><span class=\"color-yellow\">yat\u0131r\u0131mlar\u0131n\u0131z\u0131<\/span> \u00fcst seviyeye ta\u015f\u0131yoruz.\t\t\t\t\t<\/span>\n\t            <\/h1>\n\t            \t            \t            <div class=\"article__header-text\">\n\t            \t<span >\n\t\t\t\t\t\tBu alana metin yaz\u0131labilir.\t\t\t\t\t<\/span>\n\t            <\/div>\n\t            \t          <\/div>\n\t        <\/header>\n\t        \t        <div class=\"article__about-hero container\">\n\t          <img decoding=\"async\" src=\"\" alt=\"\" \/>\n\t        <\/div>\n\t        \t    <\/article>\n\n\t\t\t\t\t\t<\/div>\n\t\t\t\t<\/div>\n\t\t\t\t\t<\/div>\n\t\t<\/div>\n\t\t\t\t\t<\/div>\n\t\t<\/section>\n\t\t\t\t<section class=\"elementor-section elementor-top-section elementor-element elementor-element-4c57874 elementor-section-full_width elementor-section-height-default elementor-section-height-default\" data-id=\"4c57874\" data-element_type=\"section\" data-e-type=\"section\">\n\t\t\t\t\t\t<div class=\"elementor-container elementor-column-gap-no\">\n\t\t\t\t\t<div class=\"elementor-column elementor-col-100 elementor-top-column elementor-element elementor-element-362f2fe\" data-id=\"362f2fe\" data-element_type=\"column\" data-e-type=\"column\">\n\t\t\t<div class=\"elementor-widget-wrap elementor-element-populated\">\n\t\t\t\t\t\t<div class=\"elementor-element elementor-element-fae3345 elementor-widget elementor-widget-larson-about-description\" data-id=\"fae3345\" data-element_type=\"widget\" data-e-type=\"widget\" data-widget_type=\"larson-about-description.default\">\n\t\t\t\t<div class=\"elementor-widget-container\">\n\t\t\t\t\t\n\t\t<section class=\"webpage__about-block about-block about-block--columns\">\n          <div class=\"about-block__inner container\" data-number=\"01\">\n                        <header class=\"about-block__header\" data-aos=\"fade\">\n              <h2 class=\"about-block__heading heading\">\n              \t<span >\n\t\t\t\t\tBiz Kimiz\t\t\t\t<\/span>\n              <\/h2>\n            <\/header>\n                                    <div class=\"about-block__main\">\n                            <div class=\"about-block__text\" data-aos=\"fade\">\n                <div >\n\t\t\t\t\t<p>Totally focused on tools to enhance and help your content shine. We have created this theme thinking only in options helpfully for the daily needs in a creative environment like an agency, a small studio.<\/p><p>As a result working with hundred of creatives all these past years, we are now delivering a theme that will be part of your toolset.<\/p>\t\t\t\t<\/div>\n              <\/div>\n                                          <blockquote class=\"about-block__quote\" data-aos=\"fade\">\n              \t<span >\n\t\t\t\t\tNe kadar y\u00fckse\u011fe \u00e7\u0131karsan\u0131z,\n<br>o kadar ileriyi g\u00f6r\u00fcrs\u00fcn\u00fcz\t\t\t\t<\/span>\n\t\t\t\t<span class=\"sep\"><svg viewBox='0 0 83 62' fill='none' xmlns='http:\/\/www.w3.org\/2000\/svg'><path d='M18.6.2c6.267 0 11 2.267 14.2 6.8 3.333 4.4 5 9.667 5 15.8 0 8.267-2.467 15.933-7.4 23-4.8 7.067-10.867 12.333-18.2 15.8L.4 52.2c5.333-2.133 10-5.067 14-8.8 4-3.867 6.733-7.867 8.2-12l-1-.6c-.667.533-1.467.933-2.4 1.2-.933.267-2.267.4-4 .4-3.067 0-6.2-1.2-9.4-3.6-3.067-2.533-4.6-6.333-4.6-11.4 0-5.333 1.733-9.533 5.2-12.6S13.933.2 18.6.2zm44.8 0c6.267 0 11 2.267 14.2 6.8 3.333 4.4 5 9.667 5 15.8 0 8.267-2.467 15.933-7.4 23-4.8 7.067-10.867 12.333-18.2 15.8l-11.8-9.4c5.333-2.133 10-5.067 14-8.8 4-3.867 6.733-7.867 8.2-12l-1-.6c-.667.533-1.467.933-2.4 1.2-.933.267-2.267.4-4 .4-3.067 0-6.2-1.2-9.4-3.6-3.067-2.533-4.6-6.333-4.6-11.4 0-5.333 1.733-9.533 5.2-12.6S58.733.2 63.4.2z' fill='#ffb74d'\/><\/svg><\/span>\n              <\/blockquote>\n                          <\/div>\n                      <\/div>\n        <\/section>\n\n\t\t\t\t\t\t<\/div>\n\t\t\t\t<\/div>\n\t\t\t\t\t<\/div>\n\t\t<\/div>\n\t\t\t\t\t<\/div>\n\t\t<\/section>\n\t\t\t\t<section class=\"elementor-section elementor-top-section elementor-element elementor-element-8e39011 elementor-section-full_width elementor-section-height-default elementor-section-height-default\" data-id=\"8e39011\" data-element_type=\"section\" data-e-type=\"section\">\n\t\t\t\t\t\t<div class=\"elementor-container elementor-column-gap-no\">\n\t\t\t\t\t<div class=\"elementor-column elementor-col-100 elementor-top-column elementor-element elementor-element-a009d61\" data-id=\"a009d61\" data-element_type=\"column\" data-e-type=\"column\">\n\t\t\t<div class=\"elementor-widget-wrap elementor-element-populated\">\n\t\t\t\t\t\t<div class=\"elementor-element elementor-element-e50eb38 elementor-widget elementor-widget-larson-team\" data-id=\"e50eb38\" data-element_type=\"widget\" data-e-type=\"widget\" data-widget_type=\"larson-team.default\">\n\t\t\t\t<div class=\"elementor-widget-container\">\n\t\t\t\t\t\n\t\t<section class=\"webpage__team-section team-section\">\n\t        <div class=\"about-block__inner container\"  data-number=\"02\">\n\t          \t          <header class=\"team-section__header\" data-aos=\"fade\">\n\t            <h2 class=\"about-block__heading heading\">\n\t            \t<span >\n\t\t\t\t\t\tOur Team\t\t\t\t\t<\/span>\n\t            <\/h2>\n\t          <\/header>\n\t          \t          \t          <ul class=\"team-section__list team-list row\">\n\t          \t\t            <li class=\"team-list__item col-12 col-md-6 col-lg-4\" data-aos=\"fade\" data-aos-delay=\"0\">\n\t              <div class=\"card card--team\" tabindex=\"0\">\n\t                \t                <div class=\"card__image\">\n\t                  <img fetchpriority=\"high\" decoding=\"async\" src=\"\" width=\"350\" height=\"530\" alt=\"Viktoria Freeman\" \/>\n\t                <\/div>\n\t                \t                <div class=\"card__content\">\n\t                  \t                  <h3 class=\"card__heading\">\n\t                  \t<span >\n\t\t\t\t\t\t\tViktoria Freeman\t\t\t\t\t\t<\/span>\n\t                  <\/h3>\n\t                  \t                  \t                  <div class=\"card__text\">\n\t                  \t<span >\n\t\t\t\t\t\t\tArchitect\t\t\t\t\t\t<\/span>\n\t                  <\/div>\n\t                  \t                  \t                  <div class=\"card__bottom\">\n\t                    <!-- Social-->\n\t                    <ul class=\"card__social social\">\n\t                      \t                      <li class=\"social__item\">\n\t                        <a class=\"social__link\" href=\"https:\/\/facebook.com\/\" title=\"facebook\" target=\"_blank\">\n\t                          \t                        <\/a>\n\t                      <\/li>\n\t                  \t  \t                      \t                      <li class=\"social__item\">\n\t                        <a class=\"social__link\" href=\"https:\/\/twitter.com\/\" title=\"twitter\" target=\"_blank\">\n\t                          \t                        <\/a>\n\t                      <\/li>\n\t                  \t  \t                      \t                      <li class=\"social__item\">\n\t                        <a class=\"social__link\" href=\"https:\/\/linkedin.com\/\" title=\"linkedin\" target=\"_blank\">\n\t                          \t                        <\/a>\n\t                      <\/li>\n\t                  \t  \t                  \t  \t                  \t  \t                    <\/ul>\n\t                  <\/div>\n\t                  \t                <\/div>\n\t              <\/div>\n\t            <\/li>\n\t            \t            <li class=\"team-list__item col-12 col-md-6 col-lg-4\" data-aos=\"fade\" data-aos-delay=\"200\">\n\t              <div class=\"card card--team\" tabindex=\"0\">\n\t                \t                <div class=\"card__image\">\n\t                  <img decoding=\"async\" src=\"\" width=\"350\" height=\"530\" alt=\"Paul Trueman\" \/>\n\t                <\/div>\n\t                \t                <div class=\"card__content\">\n\t                  \t                  <h3 class=\"card__heading\">\n\t                  \t<span >\n\t\t\t\t\t\t\tPaul Trueman\t\t\t\t\t\t<\/span>\n\t                  <\/h3>\n\t                  \t                  \t                  <div class=\"card__text\">\n\t                  \t<span >\n\t\t\t\t\t\t\tInterior Designer\t\t\t\t\t\t<\/span>\n\t                  <\/div>\n\t                  \t                  \t                  <div class=\"card__bottom\">\n\t                    <!-- Social-->\n\t                    <ul class=\"card__social social\">\n\t                      \t                      <li class=\"social__item\">\n\t                        <a class=\"social__link\" href=\"https:\/\/facebook.com\/\" title=\"facebook\" target=\"_blank\">\n\t                          \t                        <\/a>\n\t                      <\/li>\n\t                  \t  \t                      \t                      <li class=\"social__item\">\n\t                        <a class=\"social__link\" href=\"https:\/\/twitter.com\/\" title=\"twitter\" target=\"_blank\">\n\t                          \t                        <\/a>\n\t                      <\/li>\n\t                  \t  \t                      \t                      <li class=\"social__item\">\n\t                        <a class=\"social__link\" href=\"https:\/\/linkedin.com\/\" title=\"linkedin\" target=\"_blank\">\n\t                          \t                        <\/a>\n\t                      <\/li>\n\t                  \t  \t                  \t  \t                  \t  \t                    <\/ul>\n\t                  <\/div>\n\t                  \t                <\/div>\n\t              <\/div>\n\t            <\/li>\n\t            \n\t            \t            <li class=\"team-list__item col-12 col-md-6 col-lg-4\" data-aos=\"fade\" data-aos-delay=\"400\">\n                  <a href=\"\/larson\/contact\/\" class=\"card card--send\">\n                    <div class=\"card__send-text\">\n                    \t<span >\n\t\t\t\t\t\t\tsubmit your resume\t\t\t\t\t\t<\/span>\n                    <\/div>\n                  <\/a>\n                <\/li>\n            \t\t          <\/ul>\n\t          \t        <\/div>\n\t    <\/section>\n\n\t\t\t\t\t\t<\/div>\n\t\t\t\t<\/div>\n\t\t\t\t\t<\/div>\n\t\t<\/div>\n\t\t\t\t\t<\/div>\n\t\t<\/section>\n\t\t\t\t<section class=\"elementor-section elementor-top-section elementor-element elementor-element-a710c1a elementor-section-full_width elementor-section-height-default elementor-section-height-default\" data-id=\"a710c1a\" data-element_type=\"section\" data-e-type=\"section\">\n\t\t\t\t\t\t<div class=\"elementor-container elementor-column-gap-no\">\n\t\t\t\t\t<div class=\"elementor-column elementor-col-100 elementor-top-column elementor-element elementor-element-f7446c0\" data-id=\"f7446c0\" data-element_type=\"column\" data-e-type=\"column\">\n\t\t\t<div class=\"elementor-widget-wrap elementor-element-populated\">\n\t\t\t\t\t\t<div class=\"elementor-element elementor-element-22de255 elementor-widget elementor-widget-larson-heading\" data-id=\"22de255\" data-element_type=\"widget\" data-e-type=\"widget\" data-widget_type=\"larson-heading.default\">\n\t\t\t\t<div class=\"elementor-widget-container\">\n\t\t\t\t\t\n\t\t<section class=\"webpage__about-heading about-block\">\n          <div class=\"about-block__inner container\" data-number=\"03\">\n                        <header class=\"about-block__header\" data-aos=\"fade\">\n              <div class=\"about-block__heading heading\">\n              \t<span >\n\t\t\t\t\t<p>M\u00fc\u015fteri Yorumlar\u0131<\/p>\t\t\t\t<\/span>\n              <\/div>\n            <\/header>\n                      <\/div>\n        <\/section>\n\n\t\t\t\t\t\t<\/div>\n\t\t\t\t<\/div>\n\t\t\t\t\t<\/div>\n\t\t<\/div>\n\t\t\t\t\t<\/div>\n\t\t<\/section>\n\t\t\t\t<section class=\"elementor-section elementor-top-section elementor-element elementor-element-1ad950a elementor-section-full_width elementor-section-height-default elementor-section-height-default\" data-id=\"1ad950a\" data-element_type=\"section\" data-e-type=\"section\">\n\t\t\t\t\t\t<div class=\"elementor-container elementor-column-gap-no\">\n\t\t\t\t\t<div class=\"elementor-column elementor-col-100 elementor-top-column elementor-element elementor-element-beae5b5\" data-id=\"beae5b5\" data-element_type=\"column\" data-e-type=\"column\">\n\t\t\t<div class=\"elementor-widget-wrap elementor-element-populated\">\n\t\t\t\t\t\t<div class=\"elementor-element elementor-element-82c1c44 elementor-widget elementor-widget-larson-testimonials\" data-id=\"82c1c44\" data-element_type=\"widget\" data-e-type=\"widget\" data-widget_type=\"larson-testimonials.default\">\n\t\t\t\t<div class=\"elementor-widget-container\">\n\t\t\t\t\t\n\t\t<div class=\"webpage__reviews-carousel reviews-carousel\" data-aos=\"fade\">\n\t        <div class=\"container\">\n\t          \t          <div class=\"swiper-container __js_review-carousel\">\n\t            \t            <div class=\"swiper-wrapper\">\n\t              \t              <div class=\"reviews-carousel__item review-card swiper-slide\">\n\t\t\t\t\t<span class=\"sep\">\n<svg viewBox='0 0 83 62' fill='none' xmlns='http:\/\/www.w3.org\/2000\/svg'><path d='M18.6.2c6.267 0 11 2.267 14.2 6.8 3.333 4.4 5 9.667 5 15.8 0 8.267-2.467 15.933-7.4 23-4.8 7.067-10.867 12.333-18.2 15.8L.4 52.2c5.333-2.133 10-5.067 14-8.8 4-3.867 6.733-7.867 8.2-12l-1-.6c-.667.533-1.467.933-2.4 1.2-.933.267-2.267.4-4 .4-3.067 0-6.2-1.2-9.4-3.6-3.067-2.533-4.6-6.333-4.6-11.4 0-5.333 1.733-9.533 5.2-12.6S13.933.2 18.6.2zm44.8 0c6.267 0 11 2.267 14.2 6.8 3.333 4.4 5 9.667 5 15.8 0 8.267-2.467 15.933-7.4 23-4.8 7.067-10.867 12.333-18.2 15.8l-11.8-9.4c5.333-2.133 10-5.067 14-8.8 4-3.867 6.733-7.867 8.2-12l-1-.6c-.667.533-1.467.933-2.4 1.2-.933.267-2.267.4-4 .4-3.067 0-6.2-1.2-9.4-3.6-3.067-2.533-4.6-6.333-4.6-11.4 0-5.333 1.733-9.533 5.2-12.6S58.733.2 63.4.2z' fill='#ffb74d'\/><\/svg>\n\t\t\t\t\t<\/span>\n\t              \t\t                <div class=\"review-card__image\">\n\t                  <img decoding=\"async\" src=\"\" width=\"112\" height=\"112\" alt=\"\" \/>\n\t                <\/div>\n\t                \t                \t                <div class=\"review-card__name\">\n\t                \t<span >\n\t\t\t\t\t\t\tPaul\t\t\t\t\t\t<\/span>\n\t                <\/div>\n\t                \t                \t                <div class=\"review-card__post\">\n\t                \t<span >\n\t\t\t\t\t\t\tDesigner in\t\t\t\t\t\t<\/span>\n\t                \t<span class=\"highlighted\">\n\t                \t\t<span >\n\t\t\t\t\t\t\t\tPaul.com\t\t\t\t\t\t\t<\/span>\n\t                \t<\/span>\n\t                <\/div>\n\t                \t                \t                <div class=\"review-card__text\">\n\t                \t<div >\n\t\t\t\t\t\t\tProjects for many large domestic and foreign corporations, enterprises in many elds such as nance, banking, F&amp;B, education, communication.\t\t\t\t\t\t<\/div>\n\t                <\/div>\n\t                \t              <\/div>\n\t              \t              <div class=\"reviews-carousel__item review-card swiper-slide\">\n\t\t\t\t\t<span class=\"sep\">\n<svg viewBox='0 0 83 62' fill='none' xmlns='http:\/\/www.w3.org\/2000\/svg'><path d='M18.6.2c6.267 0 11 2.267 14.2 6.8 3.333 4.4 5 9.667 5 15.8 0 8.267-2.467 15.933-7.4 23-4.8 7.067-10.867 12.333-18.2 15.8L.4 52.2c5.333-2.133 10-5.067 14-8.8 4-3.867 6.733-7.867 8.2-12l-1-.6c-.667.533-1.467.933-2.4 1.2-.933.267-2.267.4-4 .4-3.067 0-6.2-1.2-9.4-3.6-3.067-2.533-4.6-6.333-4.6-11.4 0-5.333 1.733-9.533 5.2-12.6S13.933.2 18.6.2zm44.8 0c6.267 0 11 2.267 14.2 6.8 3.333 4.4 5 9.667 5 15.8 0 8.267-2.467 15.933-7.4 23-4.8 7.067-10.867 12.333-18.2 15.8l-11.8-9.4c5.333-2.133 10-5.067 14-8.8 4-3.867 6.733-7.867 8.2-12l-1-.6c-.667.533-1.467.933-2.4 1.2-.933.267-2.267.4-4 .4-3.067 0-6.2-1.2-9.4-3.6-3.067-2.533-4.6-6.333-4.6-11.4 0-5.333 1.733-9.533 5.2-12.6S58.733.2 63.4.2z' fill='#ffb74d'\/><\/svg>\n\t\t\t\t\t<\/span>\n\t              \t\t                <div class=\"review-card__image\">\n\t                  <img decoding=\"async\" src=\"\" width=\"112\" height=\"112\" alt=\"\" \/>\n\t                <\/div>\n\t                \t                \t                <div class=\"review-card__name\">\n\t                \t<span >\n\t\t\t\t\t\t\tRobert\t\t\t\t\t\t<\/span>\n\t                <\/div>\n\t                \t                \t                <div class=\"review-card__post\">\n\t                \t<span >\n\t\t\t\t\t\t\tFounder in\t\t\t\t\t\t<\/span>\n\t                \t<span class=\"highlighted\">\n\t                \t\t<span >\n\t\t\t\t\t\t\t\tApple inc.\t\t\t\t\t\t\t<\/span>\n\t                \t<\/span>\n\t                <\/div>\n\t                \t                \t                <div class=\"review-card__text\">\n\t                \t<div >\n\t\t\t\t\t\t\tFounded in 2007, Sparch is specializing in providing innovative services such as website design, brand identity and marketing\t\t\t\t\t\t<\/div>\n\t                <\/div>\n\t                \t              <\/div>\n\t              \t              <div class=\"reviews-carousel__item review-card swiper-slide\">\n\t\t\t\t\t<span class=\"sep\">\n<svg viewBox='0 0 83 62' fill='none' xmlns='http:\/\/www.w3.org\/2000\/svg'><path d='M18.6.2c6.267 0 11 2.267 14.2 6.8 3.333 4.4 5 9.667 5 15.8 0 8.267-2.467 15.933-7.4 23-4.8 7.067-10.867 12.333-18.2 15.8L.4 52.2c5.333-2.133 10-5.067 14-8.8 4-3.867 6.733-7.867 8.2-12l-1-.6c-.667.533-1.467.933-2.4 1.2-.933.267-2.267.4-4 .4-3.067 0-6.2-1.2-9.4-3.6-3.067-2.533-4.6-6.333-4.6-11.4 0-5.333 1.733-9.533 5.2-12.6S13.933.2 18.6.2zm44.8 0c6.267 0 11 2.267 14.2 6.8 3.333 4.4 5 9.667 5 15.8 0 8.267-2.467 15.933-7.4 23-4.8 7.067-10.867 12.333-18.2 15.8l-11.8-9.4c5.333-2.133 10-5.067 14-8.8 4-3.867 6.733-7.867 8.2-12l-1-.6c-.667.533-1.467.933-2.4 1.2-.933.267-2.267.4-4 .4-3.067 0-6.2-1.2-9.4-3.6-3.067-2.533-4.6-6.333-4.6-11.4 0-5.333 1.733-9.533 5.2-12.6S58.733.2 63.4.2z' fill='#ffb74d'\/><\/svg>\n\t\t\t\t\t<\/span>\n\t              \t\t                <div class=\"review-card__image\">\n\t                  <img decoding=\"async\" src=\"\" width=\"112\" height=\"112\" alt=\"\" \/>\n\t                <\/div>\n\t                \t                \t                <div class=\"review-card__name\">\n\t                \t<span >\n\t\t\t\t\t\t\tNicolas\t\t\t\t\t\t<\/span>\n\t                <\/div>\n\t                \t                \t                <div class=\"review-card__post\">\n\t                \t<span >\n\t\t\t\t\t\t\tFounder in\t\t\t\t\t\t<\/span>\n\t                \t<span class=\"highlighted\">\n\t                \t\t<span >\n\t\t\t\t\t\t\t\tABC inc.\t\t\t\t\t\t\t<\/span>\n\t                \t<\/span>\n\t                <\/div>\n\t                \t                \t                <div class=\"review-card__text\">\n\t                \t<div >\n\t\t\t\t\t\t\tFounded in 2007, Sparch is specializing in providing innovative services such as website design, brand identity and marketing\t\t\t\t\t\t<\/div>\n\t                <\/div>\n\t                \t              <\/div>\n\t              \t              <div class=\"reviews-carousel__item review-card swiper-slide\">\n\t\t\t\t\t<span class=\"sep\">\n<svg viewBox='0 0 83 62' fill='none' xmlns='http:\/\/www.w3.org\/2000\/svg'><path d='M18.6.2c6.267 0 11 2.267 14.2 6.8 3.333 4.4 5 9.667 5 15.8 0 8.267-2.467 15.933-7.4 23-4.8 7.067-10.867 12.333-18.2 15.8L.4 52.2c5.333-2.133 10-5.067 14-8.8 4-3.867 6.733-7.867 8.2-12l-1-.6c-.667.533-1.467.933-2.4 1.2-.933.267-2.267.4-4 .4-3.067 0-6.2-1.2-9.4-3.6-3.067-2.533-4.6-6.333-4.6-11.4 0-5.333 1.733-9.533 5.2-12.6S13.933.2 18.6.2zm44.8 0c6.267 0 11 2.267 14.2 6.8 3.333 4.4 5 9.667 5 15.8 0 8.267-2.467 15.933-7.4 23-4.8 7.067-10.867 12.333-18.2 15.8l-11.8-9.4c5.333-2.133 10-5.067 14-8.8 4-3.867 6.733-7.867 8.2-12l-1-.6c-.667.533-1.467.933-2.4 1.2-.933.267-2.267.4-4 .4-3.067 0-6.2-1.2-9.4-3.6-3.067-2.533-4.6-6.333-4.6-11.4 0-5.333 1.733-9.533 5.2-12.6S58.733.2 63.4.2z' fill='#ffb74d'\/><\/svg>\n\t\t\t\t\t<\/span>\n\t              \t\t                <div class=\"review-card__image\">\n\t                  <img decoding=\"async\" src=\"\" width=\"112\" height=\"112\" alt=\"\" \/>\n\t                <\/div>\n\t                \t                \t                <div class=\"review-card__name\">\n\t                \t<span >\n\t\t\t\t\t\t\tMikael\t\t\t\t\t\t<\/span>\n\t                <\/div>\n\t                \t                \t                <div class=\"review-card__post\">\n\t                \t<span >\n\t\t\t\t\t\t\tFounder in\t\t\t\t\t\t<\/span>\n\t                \t<span class=\"highlighted\">\n\t                \t\t<span >\n\t\t\t\t\t\t\t\tBBC inc.\t\t\t\t\t\t\t<\/span>\n\t                \t<\/span>\n\t                <\/div>\n\t                \t                \t                <div class=\"review-card__text\">\n\t                \t<div >\n\t\t\t\t\t\t\tFounded in 2007, Sparch is specializing in providing innovative services such as website design, brand identity and marketing\t\t\t\t\t\t<\/div>\n\t                <\/div>\n\t                \t              <\/div>\n\t              \t            <\/div>\n\t            <div class=\"swiper-pagination\"><\/div>\n\t            \t          <\/div>\n\t        <\/div>\n\t    <\/div>\n\n\t\t\t\t\t\t<\/div>\n\t\t\t\t<\/div>\n\t\t\t\t\t<\/div>\n\t\t<\/div>\n\t\t\t\t\t<\/div>\n\t\t<\/section>\n\t\t\t\t<section class=\"elementor-section elementor-top-section elementor-element elementor-element-b68bb58 elementor-section-full_width elementor-section-height-default elementor-section-height-default\" data-id=\"b68bb58\" data-element_type=\"section\" data-e-type=\"section\">\n\t\t\t\t\t\t<div class=\"elementor-container elementor-column-gap-no\">\n\t\t\t\t\t<div class=\"elementor-column elementor-col-100 elementor-top-column elementor-element elementor-element-9992a51\" data-id=\"9992a51\" data-element_type=\"column\" data-e-type=\"column\">\n\t\t\t<div class=\"elementor-widget-wrap elementor-element-populated\">\n\t\t\t\t\t\t<div class=\"elementor-element elementor-element-ac43bca elementor-widget elementor-widget-larson-partners\" data-id=\"ac43bca\" data-element_type=\"widget\" data-e-type=\"widget\" data-widget_type=\"larson-partners.default\">\n\t\t\t\t<div class=\"elementor-widget-container\">\n\t\t\t\t\t\n\t\t<!-- Partners-->\n\t\t<section class=\"webpage__partners partners\">\n\t\t\t<div class=\"partners__inner container\">\n\t\t\t  \t\t\t  <ul class=\"partners__list\">\n\t\t\t    \t\t\t    <li class=\"partners__item\" data-aos=\"fade\" data-aos-delay=\"0\">\n\t\t\t      \t\t\t\t  <a title=\"http:\/\/behr%20handelsagentur\">\n\t\t\t\t  \t\t\t      \t\t\t      <img decoding=\"async\" src=\"\" alt=\"http:\/\/behr%20handelsagentur\" \/>\n\t\t\t      \t\t\t      \t\t\t\t  <\/a>\n\t\t\t\t  \t\t\t    <\/li>\n\t\t\t    \t\t\t    <li class=\"partners__item\" data-aos=\"fade\" data-aos-delay=\"200\">\n\t\t\t      \t\t\t\t  <a title=\"http:\/\/christopher%20willis\">\n\t\t\t\t  \t\t\t      \t\t\t      <img decoding=\"async\" src=\"\" alt=\"http:\/\/christopher%20willis\" \/>\n\t\t\t      \t\t\t      \t\t\t\t  <\/a>\n\t\t\t\t  \t\t\t    <\/li>\n\t\t\t    \t\t\t    <li class=\"partners__item\" data-aos=\"fade\" data-aos-delay=\"400\">\n\t\t\t      \t\t\t\t  <a title=\"http:\/\/artchive%20crafts%20gallery\">\n\t\t\t\t  \t\t\t      \t\t\t      <img decoding=\"async\" src=\"\" alt=\"http:\/\/artchive%20crafts%20gallery\" \/>\n\t\t\t      \t\t\t      \t\t\t\t  <\/a>\n\t\t\t\t  \t\t\t    <\/li>\n\t\t\t    \t\t\t    <li class=\"partners__item\" data-aos=\"fade\" data-aos-delay=\"600\">\n\t\t\t      \t\t\t\t  <a title=\"http:\/\/artchive%20crasfts%20gallery\">\n\t\t\t\t  \t\t\t      \t\t\t      <img decoding=\"async\" src=\"\" alt=\"http:\/\/artchive%20crasfts%20gallery\" \/>\n\t\t\t      \t\t\t      \t\t\t\t  <\/a>\n\t\t\t\t  \t\t\t    <\/li>\n\t\t\t    \t\t\t    <li class=\"partners__item\" data-aos=\"fade\" data-aos-delay=\"800\">\n\t\t\t      \t\t\t\t  <a title=\"http:\/\/Enter%20title\">\n\t\t\t\t  \t\t\t      \t\t\t      <img decoding=\"async\" src=\"\" alt=\"http:\/\/Enter%20title\" \/>\n\t\t\t      \t\t\t      \t\t\t\t  <\/a>\n\t\t\t\t  \t\t\t    <\/li>\n\t\t\t    \t\t\t  <\/ul>\n\t\t\t  \t\t\t<\/div>\n\t\t<\/section>\n\n\t\t\t\t\t\t<\/div>\n\t\t\t\t<\/div>\n\t\t\t\t\t<\/div>\n\t\t<\/div>\n\t\t\t\t\t<\/div>\n\t\t<\/section>\n\t\t\t\t<\/div>\n\t\t","protected":false},"excerpt":{"rendered":"<p>Do\u011fru Strateji ileyat\u0131r\u0131mlar\u0131n\u0131z\u0131 \u00fcst seviyeye ta\u015f\u0131yoruz. Bu alana metin yaz\u0131labilir. Biz Kimiz Totally focused on tools to enhance and help your content shine. We have created this theme thinking only in options helpfully for the daily needs in a creative environment like an agency, a small studio. As a result&#8230; <\/p>\n<div class=\"readmore\"><a href=\"http:\/\/eliscapital.com\/en\/about-us\/\" class=\"btn-link\">Read more<\/a><\/div>\n","protected":false},"author":1,"featured_media":0,"parent":0,"menu_order":0,"comment_status":"closed","ping_status":"closed","template":"","meta":{"_monsterinsights_skip_tracking":false,"_monsterinsights_sitenote_active":false,"_monsterinsights_sitenote_note":"","_monsterinsights_sitenote_category":0,"footnotes":""},"class_list":["post-3811","page","type-page","status-publish","hentry"],"acf":[],"aioseo_notices":[],"_links":{"self":[{"href":"http:\/\/eliscapital.com\/en\/wp-json\/wp\/v2\/pages\/3811","targetHints":{"allow":["GET"]}}],"collection":[{"href":"http:\/\/eliscapital.com\/en\/wp-json\/wp\/v2\/pages"}],"about":[{"href":"http:\/\/eliscapital.com\/en\/wp-json\/wp\/v2\/types\/page"}],"author":[{"embeddable":true,"href":"http:\/\/eliscapital.com\/en\/wp-json\/wp\/v2\/users\/1"}],"replies":[{"embeddable":true,"href":"http:\/\/eliscapital.com\/en\/wp-json\/wp\/v2\/comments?post=3811"}],"version-history":[{"count":0,"href":"http:\/\/eliscapital.com\/en\/wp-json\/wp\/v2\/pages\/3811\/revisions"}],"wp:attachment":[{"href":"http:\/\/eliscapital.com\/en\/wp-json\/wp\/v2\/media?parent=3811"}],"curies":[{"name":"wp","href":"https:\/\/api.w.org\/{rel}","templated":true}]}}